{"id":360509,"date":"2024-09-26T12:57:58","date_gmt":"2024-09-26T11:57:58","guid":{"rendered":"https:\/\/www.moskito.cz\/produkt\/kapesni-nuz-aks-74-mini-d2\/"},"modified":"2025-05-07T11:24:41","modified_gmt":"2025-05-07T10:24:41","slug":"kapesni-nuz-aks-74-mini-d2","status":"publish","type":"product","link":"https:\/\/www.moskito.cz\/fr\/produkt\/kapesni-nuz-aks-74-mini-d2\/","title":{"rendered":"Kapesn\u00ed n\u016f\u017e AKS-74 Mini D2"},"content":{"rendered":"<p><UL dir=ltr><\/p>\n<p><LI><\/p>\n<p><DIV align=left>celkov\u00e1 d\u00e9lka&nbsp;14,7 cm<\/DIV><\/p>\n<p><LI><\/p>\n<p><DIV align=left>d\u00e9lka \u010depele&nbsp;6,4 cm<\/DIV><\/p>\n<p><LI><\/p>\n<p><DIV align=left>hmotnost&nbsp;57 g<\/DIV><\/p>\n<p><LI><\/p>\n<p><DIV align=left>materi\u00e1l \u010depele&nbsp;nerezov\u00e1 ocel D2<\/DIV><\/p>\n<p><LI><\/p>\n<p><DIV align=left><br \/>\n<SPAN lang=CS>materi\u00e1l rukojeti hlin\u00edk<\/SPAN><br \/>\n<\/DIV><\/p>\n<p><LI><\/p>\n<p><DIV align=left>automatick\u00e9&nbsp;otv\u00edr\u00e1n\u00ed tla\u010d\u00edtkem<\/DIV><\/p>\n<p><LI><\/p>\n<p><DIV align=left>s klipem<\/DIV><br \/>\n<\/LI><br \/>\n<\/UL><\/p>\n","protected":false},"excerpt":{"rendered":"<p><SPAN lang=CS><\/p>\n<p><P dir=ltr align=left>Kapesn\u00ed n\u016f\u017e B\u00f6ker Plus AKS-74 Mini je verz\u00ed obl\u00edben\u00e9ho automatick\u00e9ho no\u017ee \u0159ady Kala\u0161nikov. \u010cern\u00e1 hlin\u00edkov\u00e1 rukoje\u0165 p\u0159ipom\u00edn\u00e1 bajonet t\u00e9to pu\u0161ky, jej\u00ed struktura zaji\u0161\u0165uj\u00ed bezpe\u010dn\u00fd \u00fachop v ka\u017ed\u00e9 situaci.<\/P><\/p>\n<p><P dir=ltr align=left>B\u00f6ker Plus AKS-74 je typem, kter\u00fd zaplnil mezeru mezi standardn\u00ed velikost\u00ed a mini modely. D\u00edky ergonomii, kter\u00e1 nab\u00edz\u00ed maxim\u00e1ln\u00ed kontrolu i pro v\u011bt\u0161\u00ed ruce nebo pro v\u00fdkonn\u011bj\u0161\u00ed pou\u017eit\u00ed, je Plus AKS-74&nbsp;Mini je vhodn\u00fd pro v\u0161echny, kdo ocen\u00ed velkou s\u00edlu a kompaktnost no\u017ee. <\/P><br \/>\n<\/SPAN><\/p>\n","protected":false},"featured_media":360510,"comment_status":"closed","ping_status":"closed","template":"","meta":[],"pwb-brand":[140],"product_brand":[],"product_cat":[17,22],"product_tag":[],"class_list":{"0":"post-360509","1":"product","2":"type-product","3":"status-publish","4":"has-post-thumbnail","6":"pwb-brand-boker","7":"product_cat-noze","8":"product_cat-zaviraci-noze","10":"first","11":"instock","12":"taxable","13":"shipping-taxable","14":"purchasable","15":"product-type-simple"},"brands":[{"id":140,"name":"Boker","slug":"boker"}],"_links":{"self":[{"href":"https:\/\/www.moskito.cz\/fr\/wp-json\/wp\/v2\/product\/360509","targetHints":{"allow":["GET"]}}],"collection":[{"href":"https:\/\/www.moskito.cz\/fr\/wp-json\/wp\/v2\/product"}],"about":[{"href":"https:\/\/www.moskito.cz\/fr\/wp-json\/wp\/v2\/types\/product"}],"replies":[{"embeddable":true,"href":"https:\/\/www.moskito.cz\/fr\/wp-json\/wp\/v2\/comments?post=360509"}],"wp:featuredmedia":[{"embeddable":true,"href":"https:\/\/www.moskito.cz\/fr\/wp-json\/wp\/v2\/media\/360510"}],"wp:attachment":[{"href":"https:\/\/www.moskito.cz\/fr\/wp-json\/wp\/v2\/media?parent=360509"}],"wp:term":[{"taxonomy":"pwb-brand","embeddable":true,"href":"https:\/\/www.moskito.cz\/fr\/wp-json\/wp\/v2\/pwb-brand?post=360509"},{"taxonomy":"product_brand","embeddable":true,"href":"https:\/\/www.moskito.cz\/fr\/wp-json\/wp\/v2\/product_brand?post=360509"},{"taxonomy":"product_cat","embeddable":true,"href":"https:\/\/www.moskito.cz\/fr\/wp-json\/wp\/v2\/product_cat?post=360509"},{"taxonomy":"product_tag","embeddable":true,"href":"https:\/\/www.moskito.cz\/fr\/wp-json\/wp\/v2\/product_tag?post=360509"}],"curies":[{"name":"wp","href":"https:\/\/api.w.org\/{rel}","templated":true}]}}