{"id":360655,"date":"2024-09-26T12:58:29","date_gmt":"2024-09-26T11:58:29","guid":{"rendered":"https:\/\/www.moskito.cz\/produkt\/nuz-daily-knives-ak1-droppoint-cf\/"},"modified":"2025-05-07T11:24:45","modified_gmt":"2025-05-07T10:24:45","slug":"nuz-daily-knives-ak1-droppoint-cf","status":"publish","type":"product","link":"https:\/\/www.moskito.cz\/fr\/produkt\/nuz-daily-knives-ak1-droppoint-cf\/","title":{"rendered":"N\u016f\u017e Daily Knives AK1 Droppoint CF"},"content":{"rendered":"<ul>\n<li>celkov\u00e1 d\u00e9lka: 17,2 cm<\/li>\n<li>d\u00e9lka \u010depele: 7,6 cm<\/li>\n<li>tlou\u0161\u0165ka \u010depele: 2,4 mm<\/li>\n<li>hmotnost: 63 g<\/li>\n<li>materi\u00e1l \u010depele: RWL 34<\/li>\n<li>materi\u00e1l rukojeti: karbonov\u00e1 vl\u00e1kna<\/li>\n<li>design\u00e9r: Alex Kremer<\/li>\n<li>ru\u010dn\u011b vyrobeno no\u017e\u00ed\u0159sk\u00e9 manufaktu\u0159e B\u00f6ker v Solingenu<\/li>\n<li>dod\u00e1v\u00e1n v \u010dern\u00e9m ko\u017een\u00e9m pouzd\u0159e<\/li>\n<\/ul>\n","protected":false},"excerpt":{"rendered":"<p>N\u016f\u017e Daily Knives AK1, vyvinut\u00fd ve spolupr\u00e1ci s mlad\u00fdm no\u017e\u00ed\u0159em Alexem Kremerem a spole\u010dnost\u00ed Daily Customs, je univerz\u00e1ln\u00ed mal\u00fd n\u016f\u017e pro ka\u017edodenn\u00ed pou\u017eit\u00ed, kter\u00fd se dokonale p\u0159izp\u016fsob\u00ed va\u0161im pot\u0159eb\u00e1m. Alex Kremer, narozen\u00fd v n\u011bmeck\u00e9m m\u011bst\u011b Fulda v roce 1993, za\u010dal vyr\u00e1b\u011bt sv\u00e9 prvn\u00ed no\u017ee ve sv\u00fdch 18 letech a jeho \u010detn\u00e9 cesty po rozlehl\u00fdch zem\u00edch Skandin\u00e1vie jsou pro n\u011bj dodnes zdrojem inspirace. J\u00edm navr\u017een\u00fd n\u016f\u017e AK1 je vybaven kr\u00e1tkou \u010depel\u00ed Droppoint z pr\u00e1\u0161kov\u00e9 metalurgick\u00e9 oceli RWL 34, vysoce kvaliotn\u00ed nerezov\u00e9 oceli, kter\u00e1 je kalen\u00e1 na 61 a\u017e 62 HRC. Ergonomicky tvarovan\u00e9 st\u0159enky rukojeti jsou vyrobeny z karbonov\u00fdch vl\u00e1ken a pohodln\u011b se dr\u017e\u00ed. Lze je snadno demontovat pomoc\u00ed dod\u00e1van\u00e9ho torxov\u00e9ho kl\u00ed\u010de a nahradit \u0161irokou \u0161k\u00e1lou alternativn\u00edch st\u0159enek vyvinut\u00fdch a vyroben\u00fdch ve spolupr\u00e1ci s firmou Daily Customs. Krom\u011b toho lze p\u0159i demont\u00e1\u017ei st\u0159enek rukojeti oto\u010dit d\u016fmysln\u011b vyroben\u00fd otvor pro \u0161\u0148\u016frku na konci rukojeti tak, \u017ee zmiz\u00ed v rukojeti. Dod\u00e1v\u00e1 se s kvalitn\u00edm \u010dern\u00fdm ko\u017een\u00fdm pouzdrem, kter\u00e9 lze snadno p\u0159ipevnit k lemu kapsy d\u00edky pojistn\u00e9mu pru\u017einov\u00e9mu klipu. Ru\u010dn\u00ed v\u00fdroba v manufaktu\u0159e no\u017e\u016f B\u00f6ker v Solingenu.<\/p>\n","protected":false},"featured_media":360656,"comment_status":"closed","ping_status":"closed","template":"","meta":[],"pwb-brand":[140],"product_brand":[],"product_cat":[23,17],"product_tag":[],"class_list":{"0":"post-360655","1":"product","2":"type-product","3":"status-publish","4":"has-post-thumbnail","6":"pwb-brand-boker","7":"product_cat-pevne-noze","8":"product_cat-noze","10":"first","11":"outofstock","12":"taxable","13":"shipping-taxable","14":"purchasable","15":"product-type-simple"},"brands":[{"id":140,"name":"Boker","slug":"boker"}],"_links":{"self":[{"href":"https:\/\/www.moskito.cz\/fr\/wp-json\/wp\/v2\/product\/360655","targetHints":{"allow":["GET"]}}],"collection":[{"href":"https:\/\/www.moskito.cz\/fr\/wp-json\/wp\/v2\/product"}],"about":[{"href":"https:\/\/www.moskito.cz\/fr\/wp-json\/wp\/v2\/types\/product"}],"replies":[{"embeddable":true,"href":"https:\/\/www.moskito.cz\/fr\/wp-json\/wp\/v2\/comments?post=360655"}],"wp:featuredmedia":[{"embeddable":true,"href":"https:\/\/www.moskito.cz\/fr\/wp-json\/wp\/v2\/media\/360656"}],"wp:attachment":[{"href":"https:\/\/www.moskito.cz\/fr\/wp-json\/wp\/v2\/media?parent=360655"}],"wp:term":[{"taxonomy":"pwb-brand","embeddable":true,"href":"https:\/\/www.moskito.cz\/fr\/wp-json\/wp\/v2\/pwb-brand?post=360655"},{"taxonomy":"product_brand","embeddable":true,"href":"https:\/\/www.moskito.cz\/fr\/wp-json\/wp\/v2\/product_brand?post=360655"},{"taxonomy":"product_cat","embeddable":true,"href":"https:\/\/www.moskito.cz\/fr\/wp-json\/wp\/v2\/product_cat?post=360655"},{"taxonomy":"product_tag","embeddable":true,"href":"https:\/\/www.moskito.cz\/fr\/wp-json\/wp\/v2\/product_tag?post=360655"}],"curies":[{"name":"wp","href":"https:\/\/api.w.org\/{rel}","templated":true}]}}