{"id":360689,"date":"2024-09-26T12:58:48","date_gmt":"2024-09-26T11:58:48","guid":{"rendered":"https:\/\/www.moskito.cz\/produkt\/nuz-evade\/"},"modified":"2025-05-07T11:24:46","modified_gmt":"2025-05-07T10:24:46","slug":"nuz-evade","status":"publish","type":"product","link":"https:\/\/www.moskito.cz\/fr\/produkt\/nuz-evade\/","title":{"rendered":"Zav\u00edrac\u00ed N\u016f\u017e B\u00f6ker Plus Evade 01BO384"},"content":{"rendered":"<p>Zav\u00edrac\u00ed N\u016f\u017e <strong>B\u00f6ker Plus<\/strong> Evade 01BO384.<\/p>\n<p>Oko pro z\u00e1sadn\u00ed detail, dokonal\u00e9 \u0159emesln\u00e9 zpracov\u00e1n\u00ed a jasn\u011b definovan\u00fd designov\u00fd jazyk: B\u00f6ker Plus Evade nese podpis design\u00e9ra no\u017e\u016f Serge Panchenka a na prvn\u00ed pohled unik\u00e1 obvykl\u00e9mu ch\u00e1p\u00e1n\u00ed klasick\u00e9ho EDC no\u017ee. Masivn\u00ed \u010depel typu drop-point z D2 se otev\u00edr\u00e1 palcov\u00fdm kotou\u010dem a je spolehliv\u011b aretov\u00e1na r\u00e1mov\u00fdm z\u00e1mkem. Druh\u00fd pohled odhal\u00ed nekompromisn\u00ed v\u00fdkon pro v\u0161echny ka\u017edodenn\u00ed \u0159ezac\u00ed pr\u00e1ce. Povrchov\u00e1 \u00faprava Stonewash po cel\u00e9m no\u017ei zaji\u0161\u0165uje robustn\u00ed vzhled. P\u0159esnost a stabilita jsou ned\u00edlnou sou\u010d\u00e1st\u00ed nerezov\u00e9 rukojeti, jej\u00ed\u017e stupnice a klip (tip-up\/r) jsou vyfr\u00e9zov\u00e1ny z masivu a s prodlou\u017een\u00fdmi prohlubn\u011bmi podtrhuj\u00ed industri\u00e1ln\u00ed kouzlo Evade. Typick\u00e9 pro Panchenko je praktick\u00e9 vybr\u00e1n\u00ed na p\u0159edn\u00ed rukojeti, kter\u00e9 usnad\u0148uje otev\u00edr\u00e1n\u00ed zav\u00edrac\u00edho no\u017ee a vyza\u0159uje n\u00e1dech lehkosti.<\/p>\n<p>Celkov\u00e1 d\u00e9lka: 21,10 cm<br \/>\nD\u00e9lka \u010depele: 9,00 cm<br \/>\nTlou\u0161\u0165ka \u010depele: 3,30 mm<br \/>\nHmotnost: 167,00 g<br \/>\nN\u00e1vrh\u00e1\u0159: Serge Pan\u010denko<br \/>\nMateri\u00e1l \u010depele: D2<br \/>\nMateri\u00e1l rukojeti: nerez<br \/>\nPom\u016fcka pro otev\u00edr\u00e1n\u00ed: P\u0159ip\u00edn\u00e1\u010dek na palec<br \/>\nOtev\u00edrac\u00ed: Ru\u010dn\u011b<br \/>\nUzav\u0159en\u00ed: Z\u00e1mek r\u00e1mu<br \/>\nBarva: \u0160ed\u00e1<br \/>\n\u010c\u00edslo polo\u017eky: 01BO384<\/p>\n","protected":false},"excerpt":{"rendered":"<p><strong>Oko pro z\u00e1sadn\u00ed detail, dokonal\u00e9 \u0159emesln\u00e9 zpracov\u00e1n\u00ed a jasn\u011b definovan\u00fd designov\u00fd jazyk: B\u00f6ker Plus Evade nese podpis design\u00e9ra no\u017e\u016f Serge Panchenka a na prvn\u00ed pohled unik\u00e1 obvykl\u00e9mu ch\u00e1p\u00e1n\u00ed klasick\u00e9ho EDC no\u017ee.<\/strong><\/p>\n","protected":false},"featured_media":366665,"comment_status":"closed","ping_status":"closed","template":"","meta":[],"pwb-brand":[140],"product_brand":[],"product_cat":[22,17],"product_tag":[],"class_list":{"0":"post-360689","1":"product","2":"type-product","3":"status-publish","4":"has-post-thumbnail","6":"pwb-brand-boker","7":"product_cat-zaviraci-noze","8":"product_cat-noze","10":"first","11":"instock","12":"taxable","13":"shipping-taxable","14":"purchasable","15":"product-type-simple"},"brands":[{"id":140,"name":"Boker","slug":"boker"}],"_links":{"self":[{"href":"https:\/\/www.moskito.cz\/fr\/wp-json\/wp\/v2\/product\/360689","targetHints":{"allow":["GET"]}}],"collection":[{"href":"https:\/\/www.moskito.cz\/fr\/wp-json\/wp\/v2\/product"}],"about":[{"href":"https:\/\/www.moskito.cz\/fr\/wp-json\/wp\/v2\/types\/product"}],"replies":[{"embeddable":true,"href":"https:\/\/www.moskito.cz\/fr\/wp-json\/wp\/v2\/comments?post=360689"}],"wp:featuredmedia":[{"embeddable":true,"href":"https:\/\/www.moskito.cz\/fr\/wp-json\/wp\/v2\/media\/366665"}],"wp:attachment":[{"href":"https:\/\/www.moskito.cz\/fr\/wp-json\/wp\/v2\/media?parent=360689"}],"wp:term":[{"taxonomy":"pwb-brand","embeddable":true,"href":"https:\/\/www.moskito.cz\/fr\/wp-json\/wp\/v2\/pwb-brand?post=360689"},{"taxonomy":"product_brand","embeddable":true,"href":"https:\/\/www.moskito.cz\/fr\/wp-json\/wp\/v2\/product_brand?post=360689"},{"taxonomy":"product_cat","embeddable":true,"href":"https:\/\/www.moskito.cz\/fr\/wp-json\/wp\/v2\/product_cat?post=360689"},{"taxonomy":"product_tag","embeddable":true,"href":"https:\/\/www.moskito.cz\/fr\/wp-json\/wp\/v2\/product_tag?post=360689"}],"curies":[{"name":"wp","href":"https:\/\/api.w.org\/{rel}","templated":true}]}}