{"id":360691,"date":"2024-09-26T12:58:48","date_gmt":"2024-09-26T11:58:48","guid":{"rendered":"https:\/\/www.moskito.cz\/produkt\/nuz-little-friend\/"},"modified":"2025-05-07T11:24:46","modified_gmt":"2025-05-07T10:24:46","slug":"nuz-little-friend","status":"publish","type":"product","link":"https:\/\/www.moskito.cz\/fr\/produkt\/nuz-little-friend\/","title":{"rendered":"Zav\u00edrac\u00ed N\u016f\u017e B\u00f6ker Plus Little Friend 01BO385"},"content":{"rendered":"<p>Zav\u00edrac\u00ed N\u016f\u017e <strong>B\u00f6ker Plus<\/strong> Little Friend 01BO385.<\/p>\n<p>Inovativn\u00ed, vhodn\u00e9 pro ka\u017edodenn\u00ed pou\u017eit\u00ed, Voxnaes. To je v\u00edt\u011bzn\u00e1 receptura d\u00e1nsk\u00e9ho design\u00e9ra no\u017e\u016f Jespera Voxnaese , kter\u00e1 plat\u00ed i pro B\u00f6ker Plus Little Friend. Kompaktn\u00ed ka\u017edodenn\u00ed spole\u010dn\u00edk nem\u016f\u017ee skr\u00fdt svou podobnost s \u00fasp\u011b\u0161n\u00fdmi modely B\u00f6ker Plus F3.5 a vyzna\u010duje se sat\u00e9novou \u010depel\u00ed s kuli\u010dkov\u00fdm lo\u017eiskem z pr\u00e1\u0161kov\u00e9 metalurgie CPM-S-35VN a v\u00ednov\u011b \u010dervenou rukojet\u00ed stupnice z G10 . Pro otev\u0159en\u00ed kapesn\u00edho no\u017ee je k dispozici ploutev nebo otvor pro palec ve tvaru slzy , zat\u00edmco z\u00e1mek vlo\u017eky spolehliv\u011b zablokuje \u010depel. Mezi vizu\u00e1ln\u00ed p\u0159ednosti pat\u0159\u00ed \u0161roub osy \u010depele ve tvaru hv\u011bzdy s mosazn\u00fdm krou\u017ekem, mosazn\u00fd backspacer a nen\u00e1padn\u00e9 ricasso na zadn\u00ed stran\u011b \u010depele. Hlubok\u00e1 spona pro p\u0159en\u00e1\u0161en\u00ed (tip-up\/r) a poutko na \u0161\u0148\u016frku zavr\u0161uj\u00ed EDC charakter zav\u00edrac\u00edho no\u017ee. Dod\u00e1v\u00e1no s vysoce kvalitn\u00edm nylonov\u00fdm pouzdrem pro skladov\u00e1n\u00ed.<\/p>\n<p>Zna\u010dka: Boker Plus<br \/>\nCelkov\u00e1 d\u00e9lka: 18,79 cm<br \/>\nD\u00e9lka \u010depele: 7,86 cm<br \/>\nTlou\u0161\u0165ka \u010depele: 4,00 mm<br \/>\nHmotnost: 135,50 g<br \/>\nN\u00e1vrh\u00e1\u0159: Jesper Voxnaes<br \/>\nMateri\u00e1l \u010depele: CPM-S-35VN<br \/>\nMateri\u00e1l rukojeti: G10<br \/>\nPom\u016fcka pro otev\u00edr\u00e1n\u00ed: Pinball<br \/>\nOtev\u00edrac\u00ed: Ru\u010dn\u011b<br \/>\nUzav\u0159en\u00ed: Z\u00e1mek vlo\u017eky<br \/>\n\u010c\u00edslo polo\u017eky: 01BO385<\/p>\n","protected":false},"excerpt":{"rendered":"<p><strong>Inovativn\u00ed, vhodn\u00e9 pro ka\u017edodenn\u00ed pou\u017eit\u00ed, Voxnaes. To je v\u00edt\u011bzn\u00e1 receptura d\u00e1nsk\u00e9ho design\u00e9ra no\u017e\u016f Jespera Voxnaese , kter\u00e1 plat\u00ed i pro B\u00f6ker Plus Little Friend.<\/strong><\/p>\n","protected":false},"featured_media":366974,"comment_status":"closed","ping_status":"closed","template":"","meta":[],"pwb-brand":[140],"product_brand":[],"product_cat":[22,17],"product_tag":[],"class_list":{"0":"post-360691","1":"product","2":"type-product","3":"status-publish","4":"has-post-thumbnail","6":"pwb-brand-boker","7":"product_cat-zaviraci-noze","8":"product_cat-noze","10":"first","11":"instock","12":"taxable","13":"shipping-taxable","14":"purchasable","15":"product-type-simple"},"brands":[{"id":140,"name":"Boker","slug":"boker"}],"_links":{"self":[{"href":"https:\/\/www.moskito.cz\/fr\/wp-json\/wp\/v2\/product\/360691","targetHints":{"allow":["GET"]}}],"collection":[{"href":"https:\/\/www.moskito.cz\/fr\/wp-json\/wp\/v2\/product"}],"about":[{"href":"https:\/\/www.moskito.cz\/fr\/wp-json\/wp\/v2\/types\/product"}],"replies":[{"embeddable":true,"href":"https:\/\/www.moskito.cz\/fr\/wp-json\/wp\/v2\/comments?post=360691"}],"wp:featuredmedia":[{"embeddable":true,"href":"https:\/\/www.moskito.cz\/fr\/wp-json\/wp\/v2\/media\/366974"}],"wp:attachment":[{"href":"https:\/\/www.moskito.cz\/fr\/wp-json\/wp\/v2\/media?parent=360691"}],"wp:term":[{"taxonomy":"pwb-brand","embeddable":true,"href":"https:\/\/www.moskito.cz\/fr\/wp-json\/wp\/v2\/pwb-brand?post=360691"},{"taxonomy":"product_brand","embeddable":true,"href":"https:\/\/www.moskito.cz\/fr\/wp-json\/wp\/v2\/product_brand?post=360691"},{"taxonomy":"product_cat","embeddable":true,"href":"https:\/\/www.moskito.cz\/fr\/wp-json\/wp\/v2\/product_cat?post=360691"},{"taxonomy":"product_tag","embeddable":true,"href":"https:\/\/www.moskito.cz\/fr\/wp-json\/wp\/v2\/product_tag?post=360691"}],"curies":[{"name":"wp","href":"https:\/\/api.w.org\/{rel}","templated":true}]}}