{"id":360769,"date":"2024-09-26T12:59:06","date_gmt":"2024-09-26T11:59:06","guid":{"rendered":"https:\/\/www.moskito.cz\/produkt\/kimura-katana-black\/"},"modified":"2025-05-07T11:24:51","modified_gmt":"2025-05-07T10:24:51","slug":"kimura-katana-black","status":"publish","type":"product","link":"https:\/\/www.moskito.cz\/fr\/produkt\/kimura-katana-black\/","title":{"rendered":"Samurajsk\u00fd Me\u010d Magnum Kimura Katana Black 05SC311"},"content":{"rendered":"<p>Samurajsk\u00fd Me\u010d <strong>Magnum<\/strong> Kimura Katana Black 05SC311.<\/p>\n<p>\u010cistota, pracovitost a pokora pat\u0159ily k z\u00e1kladn\u00edm vlastnostem ctihodn\u00e9ho samuraje. Jako poctu slavn\u00fdm v\u00e1le\u010dn\u00edk\u016fm feud\u00e1ln\u00edho Japonska p\u0159edstavuje B\u00f6ker Magnum Kimura Katana Black. Mnoho l\u00e1skypln\u00fdch detail\u016f zdob\u00ed ozdobn\u00fd me\u010d a p\u0159ibli\u017euje ducha samuraje. \u010cepel z nerezov\u00e9 uhl\u00edkov\u00e9 oceli m\u00e1 tradi\u010dn\u00ed Bo-Hi (dutina), zat\u00edmco d\u0159ev\u011bn\u00e1 rukoje\u0165 m\u00e1 l\u00e1skypln\u011b zdobenou tsubu (z\u00e1\u0161titu), menuki (ozdobn\u00e9 prvky pod obalem rukojeti) a \u010dernou tsuka-ito (\u00fachopov\u00e1 p\u00e1ska ). Japonsk\u00e9 znaky lemuj\u00ed \u010dervenohn\u011bdou d\u0159ev\u011bnou saju (pochvu me\u010de), kter\u00e1 je opat\u0159ena typickou sageo \u0161\u0148\u016frkou pro p\u0159ipevn\u011bn\u00ed k opasku. Dekorativn\u00ed nebo sb\u011bratelsk\u00fd me\u010d, nevhodn\u00fd k pou\u017eit\u00ed!<\/p>\n<p>Zna\u010dka: Magnum<br \/>\nCelkov\u00e1 d\u00e9lka: 104,00 cm<br \/>\nD\u00e9lka \u010depele: 73,00 cm<br \/>\nTlou\u0161\u0165ka \u010depele: 7,30 mm<br \/>\nHmotnost: 1350,00 g<br \/>\nMateri\u00e1l \u010depele: Uhl\u00edkov\u00e1 ocel<br \/>\nMateri\u00e1l rukojeti: D\u0159evo<br \/>\n\u010c\u00edslo polo\u017eky: 05SC311<\/p>\n<p>&nbsp;<\/p>\n","protected":false},"excerpt":{"rendered":"<p><strong>\u010cistota, pracovitost a pokora pat\u0159ily k z\u00e1kladn\u00edm vlastnostem ctihodn\u00e9ho samuraje. Jako poctu slavn\u00fdm v\u00e1le\u010dn\u00edk\u016fm feud\u00e1ln\u00edho Japonska p\u0159edstavuje B\u00f6ker Magnum Kimura Katana Black. Mnoho l\u00e1skypln\u00fdch detail\u016f zdob\u00ed ozdobn\u00fd me\u010d a p\u0159ibli\u017euje ducha samuraje.<\/strong><\/p>\n<p><strong>Doprava zdarma.<\/strong><\/p>\n","protected":false},"featured_media":368522,"comment_status":"closed","ping_status":"closed","template":"","meta":[],"pwb-brand":[140],"product_brand":[],"product_cat":[24,1942],"product_tag":[],"class_list":{"0":"post-360769","1":"product","2":"type-product","3":"status-publish","4":"has-post-thumbnail","6":"pwb-brand-boker","7":"product_cat-katany-a-mece","8":"product_cat-mece-dyky-repliky","10":"first","11":"instock","12":"taxable","13":"shipping-taxable","14":"purchasable","15":"product-type-simple"},"brands":[{"id":140,"name":"Boker","slug":"boker"}],"_links":{"self":[{"href":"https:\/\/www.moskito.cz\/fr\/wp-json\/wp\/v2\/product\/360769","targetHints":{"allow":["GET"]}}],"collection":[{"href":"https:\/\/www.moskito.cz\/fr\/wp-json\/wp\/v2\/product"}],"about":[{"href":"https:\/\/www.moskito.cz\/fr\/wp-json\/wp\/v2\/types\/product"}],"replies":[{"embeddable":true,"href":"https:\/\/www.moskito.cz\/fr\/wp-json\/wp\/v2\/comments?post=360769"}],"wp:featuredmedia":[{"embeddable":true,"href":"https:\/\/www.moskito.cz\/fr\/wp-json\/wp\/v2\/media\/368522"}],"wp:attachment":[{"href":"https:\/\/www.moskito.cz\/fr\/wp-json\/wp\/v2\/media?parent=360769"}],"wp:term":[{"taxonomy":"pwb-brand","embeddable":true,"href":"https:\/\/www.moskito.cz\/fr\/wp-json\/wp\/v2\/pwb-brand?post=360769"},{"taxonomy":"product_brand","embeddable":true,"href":"https:\/\/www.moskito.cz\/fr\/wp-json\/wp\/v2\/product_brand?post=360769"},{"taxonomy":"product_cat","embeddable":true,"href":"https:\/\/www.moskito.cz\/fr\/wp-json\/wp\/v2\/product_cat?post=360769"},{"taxonomy":"product_tag","embeddable":true,"href":"https:\/\/www.moskito.cz\/fr\/wp-json\/wp\/v2\/product_tag?post=360769"}],"curies":[{"name":"wp","href":"https:\/\/api.w.org\/{rel}","templated":true}]}}