{"id":360815,"date":"2024-09-26T12:59:06","date_gmt":"2024-09-26T11:59:06","guid":{"rendered":"https:\/\/www.moskito.cz\/produkt\/sekera-appalachian-axe-damast\/"},"modified":"2025-05-07T11:24:54","modified_gmt":"2025-05-07T10:24:54","slug":"sekera-appalachian-axe-damast","status":"publish","type":"product","link":"https:\/\/www.moskito.cz\/fr\/produkt\/sekera-appalachian-axe-damast\/","title":{"rendered":"Sekera B\u00f6ker Plus Appalachian Axe Damast 09BO258"},"content":{"rendered":"<p>Sekera <strong>B\u00f6ker Plus<\/strong> Appalachian Axe Damast 09BO258.<\/p>\n<p>D\u00edky sv\u00e9 velikosti, v\u00e1ze a designu je to sekera pro jemn\u011bj\u0161\u00ed a p\u0159esn\u011bj\u0161\u00ed sek\u00e1n\u00ed. Srdcem ka\u017ed\u00e9 sekery je hlava. U t\u00e9to konkr\u00e9tn\u00ed verze je hlava vyrobena z pevn\u00e9 uhl\u00edkov\u00e9 dama\u0161kov\u00e9 oceli s 360 vrstvami a u\u0161i po stran\u00e1ch oka typick\u00e9 pro ru\u010dn\u011b kovan\u00e9 sekery. \u0158ezn\u00e1 hrana je brou\u0161en\u00e1 jako b\u0159itva a s rukojet\u00ed uchopenou p\u0159\u00edmo pod hlavou je vhodn\u00e1 i pro pr\u00e1ci, jako je vy\u0159ez\u00e1v\u00e1n\u00ed, ope\u0159en\u00ed a stahov\u00e1n\u00ed k\u016f\u017ee. V souladu s u\u0161lechtil\u00fdm materi\u00e1lem hlavy je rukoje\u0165 vyrobena z kvalitn\u00edho a dekorativn\u00edho o\u0159echov\u00e9ho d\u0159eva. Ko\u017een\u00e1 pochva z p\u0159\u00edrodn\u00ed sv\u011btl\u00e9 hov\u011bz\u00ed k\u016f\u017ee a pe\u010dliv\u011b \u0161it\u00e1 paspulka, kter\u00e1 je sou\u010d\u00e1st\u00ed dod\u00e1vky, spolehliv\u011b chr\u00e1n\u00ed ost\u0159\u00ed. Dv\u011b ko\u017een\u00e9 ty\u010de dr\u017e\u00ed sekeru bezpe\u010dn\u011b na m\u00edst\u011b. S dvojit\u00fdm n\u00fdtovan\u00fdm poutkem na zadn\u00ed stran\u011b pochvy lze sekeru zav\u011bsit nebo p\u0159ipevnit k batohu pro p\u0159epravu.<\/p>\n<p>Zna\u010dka: Boker Plus<br \/>\nCelkov\u00e1 d\u00e9lka: 30,20 cm<br \/>\nD\u00e9lka \u010depele: 6,50 cm<br \/>\nTlou\u0161\u0165ka \u010depele: 3,00 mm<br \/>\nHmotnost: 390,00 g<br \/>\nMateri\u00e1l \u010depele: dama\u0161ek<br \/>\nMateri\u00e1l rukojeti: O\u0159echov\u00e9 d\u0159evo<br \/>\nBarva: Hn\u011bd\u00e1<br \/>\nMateri\u00e1l pl\u00e1\u0161t\u011b: k\u016f\u017ee<br \/>\n\u010c\u00edslo polo\u017eky: 09BO258<\/p>\n<p>&nbsp;<\/p>\n","protected":false},"excerpt":{"rendered":"<p><strong>D\u00edky sv\u00e9 velikosti, v\u00e1ze a designu je to sekera pro jemn\u011bj\u0161\u00ed a p\u0159esn\u011bj\u0161\u00ed sek\u00e1n\u00ed.<\/strong><\/p>\n<p><strong>Doprava zdarma.<\/strong><\/p>\n","protected":false},"featured_media":368337,"comment_status":"closed","ping_status":"closed","template":"","meta":[],"pwb-brand":[140],"product_brand":[],"product_cat":[32],"product_tag":[],"class_list":{"0":"post-360815","1":"product","2":"type-product","3":"status-publish","4":"has-post-thumbnail","6":"pwb-brand-boker","7":"product_cat-sekery","9":"first","10":"outofstock","11":"taxable","12":"shipping-taxable","13":"purchasable","14":"product-type-simple"},"brands":[{"id":140,"name":"Boker","slug":"boker"}],"_links":{"self":[{"href":"https:\/\/www.moskito.cz\/fr\/wp-json\/wp\/v2\/product\/360815","targetHints":{"allow":["GET"]}}],"collection":[{"href":"https:\/\/www.moskito.cz\/fr\/wp-json\/wp\/v2\/product"}],"about":[{"href":"https:\/\/www.moskito.cz\/fr\/wp-json\/wp\/v2\/types\/product"}],"replies":[{"embeddable":true,"href":"https:\/\/www.moskito.cz\/fr\/wp-json\/wp\/v2\/comments?post=360815"}],"wp:featuredmedia":[{"embeddable":true,"href":"https:\/\/www.moskito.cz\/fr\/wp-json\/wp\/v2\/media\/368337"}],"wp:attachment":[{"href":"https:\/\/www.moskito.cz\/fr\/wp-json\/wp\/v2\/media?parent=360815"}],"wp:term":[{"taxonomy":"pwb-brand","embeddable":true,"href":"https:\/\/www.moskito.cz\/fr\/wp-json\/wp\/v2\/pwb-brand?post=360815"},{"taxonomy":"product_brand","embeddable":true,"href":"https:\/\/www.moskito.cz\/fr\/wp-json\/wp\/v2\/product_brand?post=360815"},{"taxonomy":"product_cat","embeddable":true,"href":"https:\/\/www.moskito.cz\/fr\/wp-json\/wp\/v2\/product_cat?post=360815"},{"taxonomy":"product_tag","embeddable":true,"href":"https:\/\/www.moskito.cz\/fr\/wp-json\/wp\/v2\/product_tag?post=360815"}],"curies":[{"name":"wp","href":"https:\/\/api.w.org\/{rel}","templated":true}]}}