{"id":360841,"date":"2024-09-26T12:59:22","date_gmt":"2024-09-26T11:59:22","guid":{"rendered":"https:\/\/www.moskito.cz\/produkt\/nuz-boker-plus-kihon-dc\/"},"modified":"2025-05-07T11:24:55","modified_gmt":"2025-05-07T10:24:55","slug":"nuz-boker-plus-kihon-dc","status":"publish","type":"product","link":"https:\/\/www.moskito.cz\/fr\/produkt\/nuz-boker-plus-kihon-dc\/","title":{"rendered":"Zav\u00edra\u00ed N\u016f\u017e B\u00d6KER PLUS KIHON DC"},"content":{"rendered":"<p>Zav\u00edra\u00ed N\u016f\u017e B\u00d6KER PLUS KIHON DC.<\/p>\n<p>S designem <strong>B\u00f6ker Plus Kihon DC<\/strong> zt\u011bles\u0148uje americk\u00fd v\u00fdrobce zak\u00e1zkov\u00fdch no\u017e\u016f Lucas Burnley my\u0161lenku japonsk\u00e9ho Kihon. Tento term\u00edn p\u016fvodn\u011b zahrnuje z\u00e1klady a z\u00e1kladn\u00ed techniky japonsk\u00fdch bojov\u00fdch um\u011bn\u00ed, kter\u00e9 Burnley implementuje jednoduch\u00fdm zp\u016fsobem do pevn\u00e9ho ka\u017edodenn\u00edho no\u017ee. Vlastnosti a p\u0159\u00edmo\u010dar\u00fd design prokazuj\u00ed vysokou praktickou vhodnost a d\u00e1vaj\u00ed no\u017ei se svou rozhoduj\u00edc\u00ed v\u00fdhodou pom\u011br cena\/v\u00fdkon ide\u00e1ln\u00ed z\u00e1klad pro ka\u017edodenn\u00ed \u0159ez\u00e1n\u00ed. Sat\u00e9nov\u00e1 \u010depel drop point z D2 se hladce otev\u00edr\u00e1 pomoc\u00ed odn\u00edmateln\u00e9ho \u010depu palce d\u00edky kuli\u010dkov\u00e9mu lo\u017eisku, zat\u00edmco posuvn\u00e1 z\u00e1padka Crossbar Lock zaru\u010duje intuitivn\u00ed, bezpe\u010dn\u00e9 a praktick\u00e9 odemyk\u00e1n\u00ed no\u017ee. Protiskluzov\u00e1 rukoje\u0165 s texturovan\u00fdmi \u010dtverci je vyrobena z vysoce pevn\u00e9ho GFN a pohodln\u011b sed\u00ed v ruce. Oran\u017eov\u00e9 eloxovan\u00e9 krou\u017eky kolem \u0161roubu osy \u010depele a velk\u00e9ho \u0161roubu rukojeti dod\u00e1vaj\u00ed Kihonu jemn\u00fd n\u00e1dech. Se smy\u010dkou na lano a konvertibiln\u00ed vykl\u00e1p\u011bc\u00ed dr\u00e1t\u011bnou sponou pro flexibiln\u00ed mo\u017enosti no\u0161en\u00ed.<\/p>\n<p>Zna\u010dka: Boker Plus<br \/>\nCelkov\u00e1 d\u00e9lka: 20,00 cm<br \/>\nD\u00e9lka \u010depele: 8,20 cm<br \/>\nTlou\u0161\u0165ka \u010depele: 3,20 mm<br \/>\nHmotnost: 105,00 g<br \/>\nN\u00e1vrh\u00e1\u0159: Lucas Burnley<br \/>\nMateri\u00e1l \u010depele: D2<br \/>\nMateri\u00e1l rukojeti: GFN<br \/>\nPom\u016fcka pro otev\u00edr\u00e1n\u00ed: P\u0159ip\u00edn\u00e1\u010dek na palec<br \/>\nUzav\u0159en\u00ed: Z\u00e1mek p\u0159\u00ed\u010dky<br \/>\n\u010c\u00edslo polo\u017eky: 01BO800<\/p>\n<p>&nbsp;<\/p>\n<p>&nbsp;<\/p>\n","protected":false},"excerpt":{"rendered":"<p><strong>S designem B\u00f6ker Plus Kihon DC zt\u011bles\u0148uje americk\u00fd v\u00fdrobce zak\u00e1zkov\u00fdch no\u017e\u016f Lucas Burnley my\u0161lenku japonsk\u00e9ho Kihon.<\/strong><\/p>\n","protected":false},"featured_media":360842,"comment_status":"closed","ping_status":"closed","template":"","meta":[],"pwb-brand":[140],"product_brand":[],"product_cat":[22,17],"product_tag":[],"class_list":{"0":"post-360841","1":"product","2":"type-product","3":"status-publish","4":"has-post-thumbnail","6":"pwb-brand-boker","7":"product_cat-zaviraci-noze","8":"product_cat-noze","10":"first","11":"instock","12":"taxable","13":"shipping-taxable","14":"purchasable","15":"product-type-simple"},"brands":[{"id":140,"name":"Boker","slug":"boker"}],"_links":{"self":[{"href":"https:\/\/www.moskito.cz\/fr\/wp-json\/wp\/v2\/product\/360841","targetHints":{"allow":["GET"]}}],"collection":[{"href":"https:\/\/www.moskito.cz\/fr\/wp-json\/wp\/v2\/product"}],"about":[{"href":"https:\/\/www.moskito.cz\/fr\/wp-json\/wp\/v2\/types\/product"}],"replies":[{"embeddable":true,"href":"https:\/\/www.moskito.cz\/fr\/wp-json\/wp\/v2\/comments?post=360841"}],"wp:featuredmedia":[{"embeddable":true,"href":"https:\/\/www.moskito.cz\/fr\/wp-json\/wp\/v2\/media\/360842"}],"wp:attachment":[{"href":"https:\/\/www.moskito.cz\/fr\/wp-json\/wp\/v2\/media?parent=360841"}],"wp:term":[{"taxonomy":"pwb-brand","embeddable":true,"href":"https:\/\/www.moskito.cz\/fr\/wp-json\/wp\/v2\/pwb-brand?post=360841"},{"taxonomy":"product_brand","embeddable":true,"href":"https:\/\/www.moskito.cz\/fr\/wp-json\/wp\/v2\/product_brand?post=360841"},{"taxonomy":"product_cat","embeddable":true,"href":"https:\/\/www.moskito.cz\/fr\/wp-json\/wp\/v2\/product_cat?post=360841"},{"taxonomy":"product_tag","embeddable":true,"href":"https:\/\/www.moskito.cz\/fr\/wp-json\/wp\/v2\/product_tag?post=360841"}],"curies":[{"name":"wp","href":"https:\/\/api.w.org\/{rel}","templated":true}]}}