{"id":360851,"date":"2024-09-26T12:59:22","date_gmt":"2024-09-26T11:59:22","guid":{"rendered":"https:\/\/www.moskito.cz\/produkt\/nuz-boker-plus-m-e-r-k-1\/"},"modified":"2026-01-22T23:20:45","modified_gmt":"2026-01-22T22:20:45","slug":"nuz-boker-plus-m-e-r-k-1","status":"publish","type":"product","link":"https:\/\/www.moskito.cz\/fr\/produkt\/nuz-boker-plus-m-e-r-k-1\/","title":{"rendered":"Zav\u00edrac\u00ed N\u016f\u017e B\u00f6ker Plus M.E.R.K. 1 01BO552"},"content":{"rendered":"<p>Zav\u00edrac\u00ed N\u016f\u017e <strong>B\u00f6ker Plus<\/strong> M.E.R.K. 1 01BO552.<\/p>\n<p>P\u0159\u00edmo\u010dar\u00e9, s d\u016frazem na detail. Bezuzdn\u00fd v\u00fdkon se skryt\u00fdm potenci\u00e1lem. Perfektn\u00ed kontrola, zpomalen\u00e1 znateln\u00fdm dop\u0159edn\u00fdm tempem. B\u00f6ker Plus MERK1 od Vaeringi Design je opravdov\u00fd odborn\u00edk s p\u0159\u00edm\u00fdm p\u0159\u00edstupem a sebev\u011bdom\u00fdm vzhledem. Taktick\u00fd kapesn\u00ed n\u016f\u017e je vybaven v\u00fdkonnou \u010depel\u00ed D2 pro maxim\u00e1ln\u00ed \u0159ezn\u00fd v\u00fdkon pro v\u0161echny p\u0159edstaviteln\u00e9 \u0159ezn\u00e9 \u00fakoly, v\u010detn\u011b elegantn\u00edho sat\u00e9nov\u00e9ho povrchu a ozdobn\u00e9ho ricasso . Lehk\u00e1, texturovan\u00e1 rukoje\u0165 z \u010dern\u00e9ho G10 zaru\u010duje bezpe\u010dn\u00fd \u00fachop i za mokra, zat\u00edmco ruka nechce pustit ergonomick\u00fd, pohodln\u00fd \u00fachop. Otev\u00edr\u00e1n\u00ed flipperu a stabiln\u00ed z\u00e1mek vlo\u017eky poskytuj\u00ed pocit bezpe\u010d\u00ed , co\u017e v\u00fdznamn\u011b p\u0159isp\u00edv\u00e1 ke snadn\u00e9mu pou\u017eit\u00ed no\u017ee. MERK 1 je v\u017edy p\u0159ipraven d\u00edky konvertibiln\u00ed extravagantn\u00ed spon\u011b pro hlubok\u00e9 no\u0161en\u00ed (sklopn\u00e1), praktick\u00e9mu o\u010dku na \u0161\u0148\u016frku pro p\u0159ipevn\u011bn\u00ed \u0161\u0148\u016frek a rozb\u00edje\u010di skla z karbidu wolframu na konci rukojeti. Dod\u00e1v\u00e1no s po\u0159\u00e1dnou d\u00e1vkou vzru\u0161en\u00ed a vysoce kvalitn\u00edm nylonov\u00fdm pouzdrem pro skladov\u00e1n\u00ed.<\/p>\n<p>Zna\u010dka: Boker Plus<br \/>\nCelkov\u00e1 d\u00e9lka: 21,80 cm<br \/>\nD\u00e9lka \u010depele: 9,30 cm<br \/>\nTlou\u0161\u0165ka \u010depele: 3,20 mm<br \/>\nHmotnost: 159,00 g<br \/>\nN\u00e1vrh\u00e1\u0159: Design Vaeringi<br \/>\nMateri\u00e1l \u010depele: D2<br \/>\nMateri\u00e1l rukojeti: G10<br \/>\nPom\u016fcka pro otev\u00edr\u00e1n\u00ed: Pinball<br \/>\nUzav\u0159en\u00ed: Z\u00e1mek vlo\u017eky<br \/>\n\u010c\u00edslo polo\u017eky: 01BO552<\/p>\n","protected":false},"excerpt":{"rendered":"<p><strong>P\u0159\u00edmo\u010dar\u00e9, s d\u016frazem na detail. Bezuzdn\u00fd v\u00fdkon se skryt\u00fdm potenci\u00e1lem. Perfektn\u00ed kontrola, zpomalen\u00e1 znateln\u00fdm dop\u0159edn\u00fdm tempem. B\u00f6ker Plus MERK1 od Vaeringi Design je opravdov\u00fd odborn\u00edk s p\u0159\u00edm\u00fdm p\u0159\u00edstupem a sebev\u011bdom\u00fdm vzhledem.<\/strong><\/p>\n","protected":false},"featured_media":367404,"comment_status":"closed","ping_status":"closed","template":"","meta":[],"pwb-brand":[140],"product_brand":[],"product_cat":[17,22],"product_tag":[],"class_list":{"0":"post-360851","1":"product","2":"type-product","3":"status-publish","4":"has-post-thumbnail","6":"pwb-brand-boker","7":"product_cat-noze","8":"product_cat-zaviraci-noze","10":"first","11":"outofstock","12":"taxable","13":"shipping-taxable","14":"purchasable","15":"product-type-simple"},"brands":[{"id":140,"name":"Boker","slug":"boker"}],"_links":{"self":[{"href":"https:\/\/www.moskito.cz\/fr\/wp-json\/wp\/v2\/product\/360851","targetHints":{"allow":["GET"]}}],"collection":[{"href":"https:\/\/www.moskito.cz\/fr\/wp-json\/wp\/v2\/product"}],"about":[{"href":"https:\/\/www.moskito.cz\/fr\/wp-json\/wp\/v2\/types\/product"}],"replies":[{"embeddable":true,"href":"https:\/\/www.moskito.cz\/fr\/wp-json\/wp\/v2\/comments?post=360851"}],"wp:featuredmedia":[{"embeddable":true,"href":"https:\/\/www.moskito.cz\/fr\/wp-json\/wp\/v2\/media\/367404"}],"wp:attachment":[{"href":"https:\/\/www.moskito.cz\/fr\/wp-json\/wp\/v2\/media?parent=360851"}],"wp:term":[{"taxonomy":"pwb-brand","embeddable":true,"href":"https:\/\/www.moskito.cz\/fr\/wp-json\/wp\/v2\/pwb-brand?post=360851"},{"taxonomy":"product_brand","embeddable":true,"href":"https:\/\/www.moskito.cz\/fr\/wp-json\/wp\/v2\/product_brand?post=360851"},{"taxonomy":"product_cat","embeddable":true,"href":"https:\/\/www.moskito.cz\/fr\/wp-json\/wp\/v2\/product_cat?post=360851"},{"taxonomy":"product_tag","embeddable":true,"href":"https:\/\/www.moskito.cz\/fr\/wp-json\/wp\/v2\/product_tag?post=360851"}],"curies":[{"name":"wp","href":"https:\/\/api.w.org\/{rel}","templated":true}]}}