{"id":360912,"date":"2024-09-26T12:59:40","date_gmt":"2024-09-26T11:59:40","guid":{"rendered":"https:\/\/www.moskito.cz\/produkt\/nuz-boker-plus-s-rail\/"},"modified":"2025-09-16T14:37:21","modified_gmt":"2025-09-16T13:37:21","slug":"nuz-boker-plus-s-rail","status":"publish","type":"product","link":"https:\/\/www.moskito.cz\/fr\/produkt\/nuz-boker-plus-s-rail\/","title":{"rendered":"Zav\u00edrac\u00ed N\u016f\u017e B\u00d6KER PLUS S-RAIL"},"content":{"rendered":"<p>Zav\u00edrac\u00ed N\u016f\u017e B\u00d6KER PLUS S-RAIL.<\/p>\n<p>P\u0159esnost jako na kolej\u00edch \u2013 Kompaktn\u00ed <strong>B\u00f6ker Plus S-Rail<\/strong> od Darriela Castona poskytuje \u010dist\u00fd \u0159ezn\u00fd v\u00fdkon; p\u0159esn\u011b, bez jak\u00fdchkoli oklik a zdr\u017een\u00ed. Kapesn\u00ed n\u016f\u017e se otev\u00edr\u00e1 pomoc\u00ed palcov\u00e9ho \u010depu, kter\u00fd vysune sat\u00e9nov\u011b upravenou \u010depel sek\u00e1\u010dku z ost\u0159\u00ed D2 dop\u0159edu p\u0159es kolejnici s polovi\u010dn\u00edm dorazem a okam\u017eit\u011b jej p\u0159iprav\u00ed k pou\u017eit\u00ed. Pevn\u011b \u200b\u200bnapl\u00e1novan\u00fd j\u00edzdn\u00ed \u0159\u00e1d zahrnuje stanice na \u0159ez\u00e1n\u00ed krabic, obal\u016f nebo \u0161\u0148\u016fr se za\u010d\u00e1tkem a koncem v ka\u017edodenn\u00edch \u00fakolech \u0159ez\u00e1n\u00ed. Pro zav\u0159en\u00ed no\u017ee se op\u011bt stla\u010d\u00ed \u010dep palce tak, aby se \u010depel natla\u010dila na protiskluzovou rukoje\u0165 z \u010dern\u00e9ho G10. Minimalistick\u00fd design, n\u00edzk\u00e1 hmotnost a snadn\u00e9 ovl\u00e1d\u00e1n\u00ed p\u0159isp\u00edvaj\u00ed k nesrovnateln\u00e9 vhodnosti B\u00f6ker Plus S-Rail pro ka\u017edodenn\u00ed pou\u017eit\u00ed, zat\u00edmco o\u010dko na \u0161\u0148\u016frku zaji\u0161\u0165uje vysok\u00fd komfort.<\/p>\n<p>Zna\u010dka: Boker Plus<br \/>\nCelkov\u00e1 d\u00e9lka: 12,60 cm<br \/>\nD\u00e9lka \u010depele: 5,10 cm<br \/>\nTlou\u0161\u0165ka \u010depele: 2,50 mm<br \/>\nHmotnost: 25,00 g<br \/>\nN\u00e1vrh\u00e1\u0159: Darriela Castona<br \/>\nMateri\u00e1l \u010depele: D2<br \/>\nMateri\u00e1l rukojeti: G10<br \/>\nPom\u016fcka pro otev\u00edr\u00e1n\u00ed: P\u0159ip\u00edn\u00e1\u010dek na palec<br \/>\nUzav\u0159en\u00ed: Posuvn\u00fd z\u00e1mek<br \/>\n\u010c\u00edslo polo\u017eky: 01BO556<\/p>\n<p>&nbsp;<\/p>\n<p>&nbsp;<\/p>\n","protected":false},"excerpt":{"rendered":"<p><strong>P\u0159esnost jako na kolej\u00edch \u2013 Kompaktn\u00ed B\u00f6ker Plus S-Rail od Darriela Castona poskytuje \u010dist\u00fd \u0159ezn\u00fd v\u00fdkon; p\u0159esn\u011b, bez jak\u00fdchkoli oklik a zdr\u017een\u00ed.<\/strong><\/p>\n","protected":false},"featured_media":361657,"comment_status":"closed","ping_status":"closed","template":"","meta":[],"pwb-brand":[140],"product_brand":[],"product_cat":[22,17],"product_tag":[],"class_list":{"0":"post-360912","1":"product","2":"type-product","3":"status-publish","4":"has-post-thumbnail","6":"pwb-brand-boker","7":"product_cat-zaviraci-noze","8":"product_cat-noze","10":"first","11":"outofstock","12":"taxable","13":"shipping-taxable","14":"purchasable","15":"product-type-simple"},"brands":[{"id":140,"name":"Boker","slug":"boker"}],"_links":{"self":[{"href":"https:\/\/www.moskito.cz\/fr\/wp-json\/wp\/v2\/product\/360912","targetHints":{"allow":["GET"]}}],"collection":[{"href":"https:\/\/www.moskito.cz\/fr\/wp-json\/wp\/v2\/product"}],"about":[{"href":"https:\/\/www.moskito.cz\/fr\/wp-json\/wp\/v2\/types\/product"}],"replies":[{"embeddable":true,"href":"https:\/\/www.moskito.cz\/fr\/wp-json\/wp\/v2\/comments?post=360912"}],"wp:featuredmedia":[{"embeddable":true,"href":"https:\/\/www.moskito.cz\/fr\/wp-json\/wp\/v2\/media\/361657"}],"wp:attachment":[{"href":"https:\/\/www.moskito.cz\/fr\/wp-json\/wp\/v2\/media?parent=360912"}],"wp:term":[{"taxonomy":"pwb-brand","embeddable":true,"href":"https:\/\/www.moskito.cz\/fr\/wp-json\/wp\/v2\/pwb-brand?post=360912"},{"taxonomy":"product_brand","embeddable":true,"href":"https:\/\/www.moskito.cz\/fr\/wp-json\/wp\/v2\/product_brand?post=360912"},{"taxonomy":"product_cat","embeddable":true,"href":"https:\/\/www.moskito.cz\/fr\/wp-json\/wp\/v2\/product_cat?post=360912"},{"taxonomy":"product_tag","embeddable":true,"href":"https:\/\/www.moskito.cz\/fr\/wp-json\/wp\/v2\/product_tag?post=360912"}],"curies":[{"name":"wp","href":"https:\/\/api.w.org\/{rel}","templated":true}]}}