{"id":360923,"date":"2024-09-26T12:59:40","date_gmt":"2024-09-26T11:59:40","guid":{"rendered":"https:\/\/www.moskito.cz\/produkt\/nuz-boston-slipjoint\/"},"modified":"2025-05-07T11:25:00","modified_gmt":"2025-05-07T10:25:00","slug":"nuz-boston-slipjoint","status":"publish","type":"product","link":"https:\/\/www.moskito.cz\/fr\/produkt\/nuz-boston-slipjoint\/","title":{"rendered":"Zav\u00edrac\u00ed N\u016f\u017e  B\u00f6ker Plus Boston Slipjoint 01BO618"},"content":{"rendered":"<p>Zav\u00edrac\u00ed N\u016f\u017e <strong>B\u00f6ker Plus<\/strong> Boston Slipjoint 01BO618.<\/p>\n<p>Boston a Slipjoint \u2013 dva pojmy, kter\u00e9 znamenaj\u00ed kulturu a tradici a dodnes si zachovaly svou vynikaj\u00edc\u00ed pov\u011bst. Co m\u016f\u017ee b\u00fdt pro n\u00e1vrh\u00e1\u0159e no\u017e\u016f Stana Moizise zjevn\u011bj\u0161\u00ed ne\u017e navrhnout modern\u00ed kapesn\u00ed n\u016f\u017e s klasick\u00fdmi hodnotami. B\u00f6ker Plus Boston Slipjoint je vybaven \u010depel\u00ed typu drop point z vysokopevnostn\u00ed D2, kter\u00e1 m\u00e1 jemnou vlasovou \u00fapravu. Bez otv\u00edrac\u00ed pom\u016fcky, bez aretace, ale s 90stup\u0148ovou zar\u00e1\u017ekou \u2013 v\u00edce dvouru\u010dn\u00edho no\u017ee nese\u017eenete. V otev\u0159en\u00e9m stavu je \u010depel dr\u017eena pru\u017einou, kter\u00e1 je um\u00edst\u011bna mezi elegantn\u011b sat\u00e9nov\u00fdmi vlo\u017ekami z nerezov\u00e9 oceli, na jej\u00edm\u017e konci je praktick\u00fd otvor na \u0161\u0148\u016frku pro p\u0159ipevn\u011bn\u00ed \u0161\u0148\u016frek. Rukojeti v\u00e1hy vyroben\u00e9 z v\u00ednov\u011b \u010derven\u00e9ho G10 zprost\u0159edkov\u00e1vaj\u00ed jistotu a exkluzivitu. S hlubokou sponou (Tip-Up\/r) a vysoce kvalitn\u00edm nylonov\u00fdm pouzdrem.<\/p>\n<p>Zna\u010dka: Boker Plus<br \/>\nCelkov\u00e1 d\u00e9lka: 16,60 cm<br \/>\nD\u00e9lka \u010depele: 7,10 cm<br \/>\nTlou\u0161\u0165ka \u010depele: 4,00 mm<br \/>\nHmotnost: 98,00 g<br \/>\nN\u00e1vrh\u00e1\u0159: Stan Moizis<br \/>\nMateri\u00e1l \u010depele: D2<br \/>\nMateri\u00e1l rukojeti: G10<br \/>\nOtev\u00edrac\u00ed: Ru\u010dn\u011b<br \/>\nUzav\u0159en\u00ed: Kluzn\u00fd kloub<br \/>\n\u010c\u00edslo polo\u017eky: 01BO618<\/p>\n<p>&nbsp;<\/p>\n<p>&nbsp;<\/p>\n","protected":false},"excerpt":{"rendered":"<p><strong>Boston a Slipjoint \u2013 dva pojmy, kter\u00e9 znamenaj\u00ed kulturu a tradici a dodnes si zachovaly svou vynikaj\u00edc\u00ed pov\u011bst. Co m\u016f\u017ee b\u00fdt pro n\u00e1vrh\u00e1\u0159e no\u017e\u016f Stana Moizise zjevn\u011bj\u0161\u00ed ne\u017e navrhnout modern\u00ed kapesn\u00ed n\u016f\u017e s klasick\u00fdmi hodnotami.<\/strong><\/p>\n","protected":false},"featured_media":364627,"comment_status":"closed","ping_status":"closed","template":"","meta":[],"pwb-brand":[140],"product_brand":[],"product_cat":[22,17],"product_tag":[],"class_list":{"0":"post-360923","1":"product","2":"type-product","3":"status-publish","4":"has-post-thumbnail","6":"pwb-brand-boker","7":"product_cat-zaviraci-noze","8":"product_cat-noze","10":"first","11":"instock","12":"taxable","13":"shipping-taxable","14":"purchasable","15":"product-type-simple"},"brands":[{"id":140,"name":"Boker","slug":"boker"}],"_links":{"self":[{"href":"https:\/\/www.moskito.cz\/fr\/wp-json\/wp\/v2\/product\/360923","targetHints":{"allow":["GET"]}}],"collection":[{"href":"https:\/\/www.moskito.cz\/fr\/wp-json\/wp\/v2\/product"}],"about":[{"href":"https:\/\/www.moskito.cz\/fr\/wp-json\/wp\/v2\/types\/product"}],"replies":[{"embeddable":true,"href":"https:\/\/www.moskito.cz\/fr\/wp-json\/wp\/v2\/comments?post=360923"}],"wp:featuredmedia":[{"embeddable":true,"href":"https:\/\/www.moskito.cz\/fr\/wp-json\/wp\/v2\/media\/364627"}],"wp:attachment":[{"href":"https:\/\/www.moskito.cz\/fr\/wp-json\/wp\/v2\/media?parent=360923"}],"wp:term":[{"taxonomy":"pwb-brand","embeddable":true,"href":"https:\/\/www.moskito.cz\/fr\/wp-json\/wp\/v2\/pwb-brand?post=360923"},{"taxonomy":"product_brand","embeddable":true,"href":"https:\/\/www.moskito.cz\/fr\/wp-json\/wp\/v2\/product_brand?post=360923"},{"taxonomy":"product_cat","embeddable":true,"href":"https:\/\/www.moskito.cz\/fr\/wp-json\/wp\/v2\/product_cat?post=360923"},{"taxonomy":"product_tag","embeddable":true,"href":"https:\/\/www.moskito.cz\/fr\/wp-json\/wp\/v2\/product_tag?post=360923"}],"curies":[{"name":"wp","href":"https:\/\/api.w.org\/{rel}","templated":true}]}}