{"id":360952,"date":"2024-09-26T12:59:56","date_gmt":"2024-09-26T11:59:56","guid":{"rendered":"https:\/\/www.moskito.cz\/produkt\/nuz-s-pevnou-cepeli-naturensohne-mk-i\/"},"modified":"2025-05-07T11:25:02","modified_gmt":"2025-05-07T10:25:02","slug":"nuz-s-pevnou-cepeli-naturensohne-mk-i","status":"publish","type":"product","link":"https:\/\/www.moskito.cz\/fr\/produkt\/nuz-s-pevnou-cepeli-naturensohne-mk-i\/","title":{"rendered":"N\u016f\u017e s pevnou \u010depel\u00ed Naturens\u00f6hne MK. I"},"content":{"rendered":"<ul>\n<li>celkov\u00e1 d\u00e9lka: 20,9 cm<\/li>\n<li>d\u00e9lka \u010depele: 8,9 cm<\/li>\n<li>hmotnost: 144 g<\/li>\n<li>tlou\u0161\u0165ka \u010depele: 3,5 mm<\/li>\n<li>materi\u00e1l \u010depele: CPM-3V<\/li>\n<li>materi\u00e1l rukojeti: TPE<\/li>\n<li>vyrobeno v manufaktu\u0159e v Solingenu<\/li>\n<li>v kydexov\u00e9m pouzd\u0159e<\/li>\n<\/ul>\n","protected":false},"excerpt":{"rendered":"<p>N\u016f\u017e Naturens\u00f6hne MK. I je speci\u00e1ln\u00ed verz\u00ed \u00fasp\u011b\u0161n\u00e9ho outdoorov\u00e9ho\/bu\u0161lerov\u00e9ho modelu B\u00f6ker Bronco. Zat\u00edmco rukoje\u0165 v pln\u00e9 velikosti bezpe\u010dn\u011b obep\u00edn\u00e1 pln\u00fd hrot a zaji\u0161\u0165uje obvyklou vynikaj\u00edc\u00ed polohu ruky a \u00fachop, \u010depel nab\u00edz\u00ed p\u0159esn\u011b to, co se od nejd\u016fle\u017eit\u011bj\u0161\u00edho n\u00e1stroje o\u010dek\u00e1v\u00e1 p\u0159i nekompromisn\u00edm outdoorov\u00e9m pou\u017eit\u00ed ve 14denn\u00ed Kanad\u011b: V\u00fdjime\u010dn\u00e9 zachov\u00e1n\u00ed ost\u0159\u00ed, odolnost proti n\u00e1razov\u00e9mu zat\u00ed\u017een\u00ed, odolnost proti zlomen\u00ed a rozt\u0159\u00ed\u0161t\u011bn\u00ed. To je umo\u017en\u011bno nejen pr\u00e1\u0161kovou metalurgickou ocel\u00ed \u010depele CPM 3V, ale tak\u00e9 atraktivn\u00edm pr\u00e9miov\u00fdm povlakem Hardur, kter\u00fd se pou\u017e\u00edv\u00e1 v\u00fdhradn\u011b na vysoce kvalitn\u00edch \u0159ezn\u00fdch a d\u011brovac\u00edch n\u00e1stroj\u00edch. Povlak Hardur o tlou\u0161\u0165ce cca 5 \u00b5m, kter\u00fd zahrnuje i \u0159eznou f\u00e1zi, v\u00fdrazn\u011b zvy\u0161uje \u017eivotnost \u010depele a zaji\u0161\u0165uje tak\u00e9 povrch se sn\u00ed\u017een\u00fdm t\u0159en\u00edm. Jako milovn\u00edci prav\u00e9ho Scandi nem\u011bla volba v\u00fdbrusu \u010depele pro Sons of Nature alternativu. V\u00fdhody jsou z\u0159ejm\u00e9: extr\u00e9mn\u011b ostr\u00fd \u00fakos nevy\u017eaduje sekund\u00e1rn\u00ed f\u00e1zi. Zejm\u00e9na p\u0159i batonov\u00e1n\u00ed vykazuje Scandi velmi dobr\u00e9 \u0161t\u00edpac\u00ed vlastnosti a vysok\u00fd stupe\u0148 stability, proto\u017ee cel\u00e1 tlou\u0161\u0165ka \u010depele je zachov\u00e1na p\u0159ibli\u017en\u011b ve 2\/3 v\u00fd\u0161ky \u010depele. V\u00fdsledn\u00e1 vy\u0161\u0161\u00ed hmotnost \u010depele tak\u00e9 zaji\u0161\u0165uje v\u011bt\u0161\u00ed hmotnost p\u0159i sek\u00e1n\u00ed ne\u017e u ploch\u00e9ho brou\u0161en\u00ed. Jako materi\u00e1l rukojeti je pou\u017eit termoplastick\u00fd TPE. Ten je nezni\u010diteln\u00fd a krom\u011b dokonal\u00e9 polohy ruky zaji\u0161\u0165uje po\u017eadovanou bezpe\u010dnost pr\u00e1ce za sucha i za mokra. Pr\u00e9miovou v\u00fdbavu dopl\u0148uje kompaktn\u00ed pouzdro z kydexu, kter\u00e9 d\u00edky p\u0159ilo\u017een\u00e9mu klipu Ulticlip zajist\u00ed, \u017ee se nejd\u016fle\u017eit\u011bj\u0161\u00ed n\u00e1stroj nezni\u010d\u00ed. Kompletn\u011b vyrobeno v manufaktu\u0159e v Solingenu.\u00a0<\/p>\n","protected":false},"featured_media":360953,"comment_status":"closed","ping_status":"closed","template":"","meta":[],"pwb-brand":[140],"product_brand":[],"product_cat":[17,23],"product_tag":[],"class_list":{"0":"post-360952","1":"product","2":"type-product","3":"status-publish","4":"has-post-thumbnail","6":"pwb-brand-boker","7":"product_cat-noze","8":"product_cat-pevne-noze","10":"first","11":"outofstock","12":"taxable","13":"shipping-taxable","14":"purchasable","15":"product-type-simple"},"brands":[{"id":140,"name":"Boker","slug":"boker"}],"_links":{"self":[{"href":"https:\/\/www.moskito.cz\/fr\/wp-json\/wp\/v2\/product\/360952","targetHints":{"allow":["GET"]}}],"collection":[{"href":"https:\/\/www.moskito.cz\/fr\/wp-json\/wp\/v2\/product"}],"about":[{"href":"https:\/\/www.moskito.cz\/fr\/wp-json\/wp\/v2\/types\/product"}],"replies":[{"embeddable":true,"href":"https:\/\/www.moskito.cz\/fr\/wp-json\/wp\/v2\/comments?post=360952"}],"wp:featuredmedia":[{"embeddable":true,"href":"https:\/\/www.moskito.cz\/fr\/wp-json\/wp\/v2\/media\/360953"}],"wp:attachment":[{"href":"https:\/\/www.moskito.cz\/fr\/wp-json\/wp\/v2\/media?parent=360952"}],"wp:term":[{"taxonomy":"pwb-brand","embeddable":true,"href":"https:\/\/www.moskito.cz\/fr\/wp-json\/wp\/v2\/pwb-brand?post=360952"},{"taxonomy":"product_brand","embeddable":true,"href":"https:\/\/www.moskito.cz\/fr\/wp-json\/wp\/v2\/product_brand?post=360952"},{"taxonomy":"product_cat","embeddable":true,"href":"https:\/\/www.moskito.cz\/fr\/wp-json\/wp\/v2\/product_cat?post=360952"},{"taxonomy":"product_tag","embeddable":true,"href":"https:\/\/www.moskito.cz\/fr\/wp-json\/wp\/v2\/product_tag?post=360952"}],"curies":[{"name":"wp","href":"https:\/\/api.w.org\/{rel}","templated":true}]}}