{"id":360985,"date":"2024-09-26T13:00:13","date_gmt":"2024-09-26T12:00:13","guid":{"rendered":"https:\/\/www.moskito.cz\/produkt\/urban-texas-tooth-pick-g-10\/"},"modified":"2025-05-07T11:25:04","modified_gmt":"2025-05-07T10:25:04","slug":"urban-texas-tooth-pick-g-10","status":"publish","type":"product","link":"https:\/\/www.moskito.cz\/fr\/produkt\/urban-texas-tooth-pick-g-10\/","title":{"rendered":"Zav\u00edrac\u00ed N\u016f\u017e  B\u00f6ker Plus Urban Texas Tooth Pick G-10 01BO388"},"content":{"rendered":"<p>Zav\u00edrac\u00ed N\u016f\u017e <strong>B\u00f6ker Plus<\/strong> Urban Texas Tooth Pick G-10 01BO388.<\/p>\n<p>Nekone\u010dn\u00e9 rozlohy pr\u00e9rie, tesa\u0159\u00edk a hlasit\u00e9 \u201eYee-Haw\u201c. Navzdory bohat\u00e9 historii je dnes americk\u00fd st\u00e1t Texas oslavovanou z\u00e1padn\u00ed idylkou. V 19. stolet\u00ed byl n\u016f\u017e Texas Tooth Pick zvl\u00e1\u0161t\u011b roz\u0161\u00ed\u0159en mezi farm\u00e1\u0159i a odv\u00e1\u017en\u00fdmi lovci \u0161t\u011bst\u00ed. Jako dal\u0161\u00ed v\u00fdvoj no\u017e\u016f Navaja, kter\u00e9 p\u0159inesli \u0161pan\u011bl\u0161t\u00ed osadn\u00edci, m\u00e1 texask\u00e1 verze znateln\u011b dlouhou \u010depel a celkov\u011b \u0161t\u00edhl\u00fd design. D\u00edky t\u011bmto vlastnostem je Texas Tooth Pick ide\u00e1ln\u00ed pro r\u016fzn\u00e9 \u00fakoly. Od zem\u011bd\u011blsk\u00fdch \u00fa\u010del\u016f, jako je odeb\u00edr\u00e1n\u00ed vzork\u016f ke zji\u0161t\u011bn\u00ed kvality ovoce a zeleniny a\u017e po filetov\u00e1n\u00ed ryb a adrenalinov\u00e9 souboje mezi odv\u00e1\u017en\u00fdmi duelanty, gentlemansk\u00fd n\u016f\u017e pokryl \u0161irok\u00e9 spektrum. B\u00f6ker reinterpretuje obl\u00edben\u00fd design a poskytuje zuba\u010dce Urban Texas Tooth Pick obvykl\u00fd inovativn\u00ed v\u00fdkon. Flipper otev\u00edr\u00e1 \u010depel VG-10 s kuli\u010dkov\u00fdm lo\u017eiskem s vlasovou povrchovou \u00fapravou, kter\u00e1 je hedv\u00e1bn\u011b hladk\u00e1 a d\u00e1v\u00e1 ka\u017edodenn\u00ed st\u0159\u00edh\u00e1n\u00ed skute\u010dnou podporu. P\u00e1nsk\u00fd n\u016f\u017e je oproti sv\u00e9mu historick\u00e9mu vzoru spolehliv\u011b uzam\u010den liner lockem, \u010d\u00edm\u017e se v\u00fdrazn\u011b zvy\u0161uje bezpe\u010dnost pr\u00e1ce. Stupnice se strukturovanou rukojet\u00ed z G10 dod\u00e1vaj\u00ed modern\u00ed akcent a vzd\u00e1vaj\u00ed hold nes\u010detn\u00e9 klasice se \u0161upinami s jigge-bone. T\u00edm je n\u016f\u017e um\u00edst\u011bn nejen vizu\u00e1ln\u011b vp\u0159edu, ale tak\u00e9 je zaji\u0161t\u011bna perfektn\u00ed poloha ruky. Skl\u00e1p\u011bc\u00ed spona (r) m\u00e1 povrchovou \u00fapravu Stonewash a je vyfr\u00e9zov\u00e1na z pln\u00e9ho materi\u00e1lu. Dod\u00e1no s n\u00e1dechem divok\u00e9ho z\u00e1padu.<\/p>\n<p>Zna\u010dka: Boker Plus<br \/>\nCelkov\u00e1 d\u00e9lka: 19,10 cm<br \/>\nD\u00e9lka \u010depele: 8,40 cm<br \/>\nTlou\u0161\u0165ka \u010depele: 2,50 mm<br \/>\nHmotnost: 43,00 g<br \/>\nMateri\u00e1l \u010depele: VG-10<br \/>\nMateri\u00e1l rukojeti: G10<br \/>\nPom\u016fcka pro otev\u00edr\u00e1n\u00ed: Pinball<br \/>\nOtev\u00edrac\u00ed: Ru\u010dn\u011b<br \/>\nUzav\u0159en\u00ed: Z\u00e1mek vlo\u017eky<br \/>\n\u010c\u00edslo polo\u017eky: 01BO388<\/p>\n<p>&nbsp;<\/p>\n<p>&nbsp;<\/p>\n<p>&nbsp;<\/p>\n","protected":false},"excerpt":{"rendered":"<p><strong>Nekone\u010dn\u00e9 rozlohy pr\u00e9rie, tesa\u0159\u00edk a hlasit\u00e9 \u201eYee-Haw\u201c. Navzdory bohat\u00e9 historii je dnes americk\u00fd st\u00e1t Texas oslavovanou z\u00e1padn\u00ed idylkou. V 19. stolet\u00ed byl n\u016f\u017e Texas Tooth Pick zvl\u00e1\u0161t\u011b roz\u0161\u00ed\u0159en mezi farm\u00e1\u0159i a odv\u00e1\u017en\u00fdmi lovci \u0161t\u011bst\u00ed. Jako dal\u0161\u00ed v\u00fdvoj no\u017e\u016f Navaja, kter\u00e9 p\u0159inesli \u0161pan\u011bl\u0161t\u00ed osadn\u00edci, m\u00e1 texask\u00e1 verze znateln\u011b dlouhou \u010depel a celkov\u011b \u0161t\u00edhl\u00fd design.<\/strong><\/p>\n","protected":false},"featured_media":365410,"comment_status":"closed","ping_status":"closed","template":"","meta":[],"pwb-brand":[140],"product_brand":[],"product_cat":[22,17],"product_tag":[],"class_list":{"0":"post-360985","1":"product","2":"type-product","3":"status-publish","4":"has-post-thumbnail","6":"pwb-brand-boker","7":"product_cat-zaviraci-noze","8":"product_cat-noze","10":"first","11":"instock","12":"taxable","13":"shipping-taxable","14":"purchasable","15":"product-type-simple"},"brands":[{"id":140,"name":"Boker","slug":"boker"}],"_links":{"self":[{"href":"https:\/\/www.moskito.cz\/fr\/wp-json\/wp\/v2\/product\/360985","targetHints":{"allow":["GET"]}}],"collection":[{"href":"https:\/\/www.moskito.cz\/fr\/wp-json\/wp\/v2\/product"}],"about":[{"href":"https:\/\/www.moskito.cz\/fr\/wp-json\/wp\/v2\/types\/product"}],"replies":[{"embeddable":true,"href":"https:\/\/www.moskito.cz\/fr\/wp-json\/wp\/v2\/comments?post=360985"}],"wp:featuredmedia":[{"embeddable":true,"href":"https:\/\/www.moskito.cz\/fr\/wp-json\/wp\/v2\/media\/365410"}],"wp:attachment":[{"href":"https:\/\/www.moskito.cz\/fr\/wp-json\/wp\/v2\/media?parent=360985"}],"wp:term":[{"taxonomy":"pwb-brand","embeddable":true,"href":"https:\/\/www.moskito.cz\/fr\/wp-json\/wp\/v2\/pwb-brand?post=360985"},{"taxonomy":"product_brand","embeddable":true,"href":"https:\/\/www.moskito.cz\/fr\/wp-json\/wp\/v2\/product_brand?post=360985"},{"taxonomy":"product_cat","embeddable":true,"href":"https:\/\/www.moskito.cz\/fr\/wp-json\/wp\/v2\/product_cat?post=360985"},{"taxonomy":"product_tag","embeddable":true,"href":"https:\/\/www.moskito.cz\/fr\/wp-json\/wp\/v2\/product_tag?post=360985"}],"curies":[{"name":"wp","href":"https:\/\/api.w.org\/{rel}","templated":true}]}}