{"id":360987,"date":"2024-09-26T13:00:13","date_gmt":"2024-09-26T12:00:13","guid":{"rendered":"https:\/\/www.moskito.cz\/produkt\/urban-spillo-framelock\/"},"modified":"2025-05-07T11:25:05","modified_gmt":"2025-05-07T10:25:05","slug":"urban-spillo-framelock","status":"publish","type":"product","link":"https:\/\/www.moskito.cz\/fr\/produkt\/urban-spillo-framelock\/","title":{"rendered":"Zav\u00edrac\u00ed N\u016f\u017e B\u00f6ker Plus Urban Spillo 01BO475"},"content":{"rendered":"<p>Zav\u00edrac\u00ed N\u016f\u017e <strong>B\u00f6ker Plus<\/strong> Urban Spillo 01BO475.<\/p>\n<p>Tenk\u00fd r\u00e1m Boker Plus Urban Spillo Framelock kombinuje obl\u00edben\u00e9 otev\u00edr\u00e1n\u00ed pinballem s pevn\u00fdm mechanismem framelock. \u010cepel 440C Spearpoint s kuli\u010dkov\u00fdm lo\u017eiskem je zakon\u010dena drsn\u00fdm povrchem Stonewash, kter\u00fd dod\u00e1v\u00e1 gentlemansk\u00e9mu no\u017ei taktick\u00fd n\u00e1dech. Fr\u00e9zovan\u00e9 t\u011blo rukojeti je vyrobeno ze skeletovan\u00e9 nerezov\u00e9 oceli a m\u00e1 tak\u00e9 povrchovou \u00fapravu Stonewash. Zbavuje se dal\u0161\u00edch vlo\u017eek a je dr\u017een pohromad\u011b \u010dern\u00fdmi \u0161rouby rukojeti, zat\u00edmco mosazn\u00fd krou\u017eek kolem \u0161roubu osy \u010depele dod\u00e1v\u00e1 vizu\u00e1ln\u00ed akcent. S otvorem pro \u0161\u0148\u016frku a sponou (sklopn\u00e1\/p).<\/p>\n<p>Typ: Kapesn\u00ed no\u017ee<br \/>\nCelkov\u00e1 d\u00e9lka: <span id=\"cwos\" class=\"qv3Wpe\">17.425<\/span> cm<br \/>\nD\u00e9lka \u010depele: <span id=\"cwos\" class=\"qv3Wpe\">7.47 cm<\/span><br \/>\nTlou\u0161\u0165ka \u010depele: <span id=\"cwos\" class=\"qv3Wpe\">0.27<\/span> cm<br \/>\nMateri\u00e1l \u010depele: 440C<br \/>\nMateri\u00e1l rukojeti: nerez<br \/>\nOtv\u00edr\u00e1k: Pinball<br \/>\nOtev\u00edrac\u00ed: manu\u00e1l<br \/>\nBarva: \u0160ed\u00e1<br \/>\n\u010c\u00edslo polo\u017eky: 01BO475<\/p>\n<p>&nbsp;<\/p>\n<p>&nbsp;<\/p>\n","protected":false},"excerpt":{"rendered":"<p><strong>Tenk\u00fd r\u00e1m Boker Plus Urban Spillo Framelock kombinuje obl\u00edben\u00e9 otev\u00edr\u00e1n\u00ed pinballem s pevn\u00fdm mechanismem framelock.<\/strong><\/p>\n","protected":false},"featured_media":370464,"comment_status":"closed","ping_status":"closed","template":"","meta":[],"pwb-brand":[140],"product_brand":[],"product_cat":[22,17],"product_tag":[],"class_list":{"0":"post-360987","1":"product","2":"type-product","3":"status-publish","4":"has-post-thumbnail","6":"pwb-brand-boker","7":"product_cat-zaviraci-noze","8":"product_cat-noze","10":"first","11":"instock","12":"taxable","13":"shipping-taxable","14":"purchasable","15":"product-type-simple"},"brands":[{"id":140,"name":"Boker","slug":"boker"}],"_links":{"self":[{"href":"https:\/\/www.moskito.cz\/fr\/wp-json\/wp\/v2\/product\/360987","targetHints":{"allow":["GET"]}}],"collection":[{"href":"https:\/\/www.moskito.cz\/fr\/wp-json\/wp\/v2\/product"}],"about":[{"href":"https:\/\/www.moskito.cz\/fr\/wp-json\/wp\/v2\/types\/product"}],"replies":[{"embeddable":true,"href":"https:\/\/www.moskito.cz\/fr\/wp-json\/wp\/v2\/comments?post=360987"}],"wp:featuredmedia":[{"embeddable":true,"href":"https:\/\/www.moskito.cz\/fr\/wp-json\/wp\/v2\/media\/370464"}],"wp:attachment":[{"href":"https:\/\/www.moskito.cz\/fr\/wp-json\/wp\/v2\/media?parent=360987"}],"wp:term":[{"taxonomy":"pwb-brand","embeddable":true,"href":"https:\/\/www.moskito.cz\/fr\/wp-json\/wp\/v2\/pwb-brand?post=360987"},{"taxonomy":"product_brand","embeddable":true,"href":"https:\/\/www.moskito.cz\/fr\/wp-json\/wp\/v2\/product_brand?post=360987"},{"taxonomy":"product_cat","embeddable":true,"href":"https:\/\/www.moskito.cz\/fr\/wp-json\/wp\/v2\/product_cat?post=360987"},{"taxonomy":"product_tag","embeddable":true,"href":"https:\/\/www.moskito.cz\/fr\/wp-json\/wp\/v2\/product_tag?post=360987"}],"curies":[{"name":"wp","href":"https:\/\/api.w.org\/{rel}","templated":true}]}}