{"id":361000,"date":"2024-09-26T13:00:13","date_gmt":"2024-09-26T12:00:13","guid":{"rendered":"https:\/\/www.moskito.cz\/produkt\/sprocket\/"},"modified":"2025-05-07T11:25:07","modified_gmt":"2025-05-07T10:25:07","slug":"sprocket","status":"publish","type":"product","link":"https:\/\/www.moskito.cz\/fr\/produkt\/sprocket\/","title":{"rendered":"Zav\u00edrac\u00ed N\u016f\u017e B\u00f6ker Plus Sprocket 01BO555"},"content":{"rendered":"<p>Zav\u00edrac\u00ed N\u016f\u017e <strong>B\u00f6ker<\/strong> Plus Sprocket 01BO555.<\/p>\n<p>\u0158et\u011bzov\u00e9 kolo do kapsy &#8211; Design\u00e9r Henning Marxen v tomto nad\u010dasov\u00e9m designu kombinuje \u010dist\u00e9 linie s minimalistickou v\u00fdst\u0159ednost\u00ed a dynamickou funk\u010dnost\u00ed. Prvky, d\u00edky kter\u00fdm je Boker Plus Sprocket v\u00edce ne\u017e jen kapesn\u00ed n\u016f\u017e, ale sp\u00ed\u0161e unisono ozuben\u00fdch kol, kter\u00e9 se dokonale prol\u00ednaj\u00ed jako dob\u0159e namazan\u00e1 p\u0159evodovka. \u010cepel sek\u00e1\u010dku z D2 s puristickou povrchovou \u00fapravou Stonewash se otev\u00edr\u00e1 stejn\u011b hladce jako hedv\u00e1b\u00ed pomoc\u00ed otvoru pro palec a nezamyk\u00e1 se. Je dr\u017een modern\u00edm mechanismem Detent-Slipjoint, ve kter\u00e9m jsou kuli\u010dky p\u0159itla\u010dov\u00e1ny k \u010depeli uvnit\u0159 texturovan\u00e9, protiskluzov\u00e9 rukojeti G10 a pro zav\u0159en\u00ed a otev\u0159en\u00ed no\u017ee je t\u0159eba p\u0159ekonat up\u00ednac\u00ed s\u00edlu. Vrcholem je, \u017ee n\u016f\u017e m\u00e1 dvojit\u00fd kloub s dvoud\u00edlnou rukojet\u00ed, ve kter\u00e9 je \u010depel jako obvykle vykl\u00e1p\u011bna a \u0161upiny zadn\u00ed rukojeti funguj\u00ed jako prodlou\u017een\u00ed p\u0159edn\u00ed. V\u00fdsledkem je vyv\u00e1\u017een\u00fd pocit, p\u016fsobiv\u00e1 ostrost a maxim\u00e1ln\u00ed kompaktnost pro p\u0159epravu, proto\u017ee d\u00e9lka slo\u017eky po zav\u0159en\u00ed zcela zmiz\u00ed v zadn\u00ed rukojeti.<\/p>\n<p>Zna\u010dka: Boker Plus<br \/>\nCelkov\u00e1 d\u00e9lka: 13,10 cm<br \/>\nD\u00e9lka \u010depele: 4,50 cm<br \/>\nTlou\u0161\u0165ka \u010depele: 2,65 mm<br \/>\nHmotnost: 77,00 g<br \/>\nN\u00e1vrh\u00e1\u0159: Henning Marxen<br \/>\nMateri\u00e1l \u010depele: D2<br \/>\nMateri\u00e1l rukojeti: G10<br \/>\nOtv\u00edr\u00e1k: Otvor pro palec<br \/>\nTyp z\u00e1mku: Kluzn\u00fd kloub<br \/>\n\u010c\u00edslo polo\u017eky: 01BO555<\/p>\n<p>&nbsp;<\/p>\n","protected":false},"excerpt":{"rendered":"<p><strong>\u0158et\u011bzov\u00e9 kolo do kapsy &#8211; Design\u00e9r Henning Marxen v tomto nad\u010dasov\u00e9m designu kombinuje \u010dist\u00e9 linie s minimalistickou v\u00fdst\u0159ednost\u00ed a dynamickou funk\u010dnost\u00ed. Prvky, d\u00edky kter\u00fdm je Boker Plus Sprocket v\u00edce ne\u017e jen kapesn\u00ed n\u016f\u017e, ale sp\u00ed\u0161e unisono ozuben\u00fdch kol, kter\u00e9 se dokonale prol\u00ednaj\u00ed jako dob\u0159e namazan\u00e1 p\u0159evodovka.<\/strong><\/p>\n","protected":false},"featured_media":364425,"comment_status":"closed","ping_status":"closed","template":"","meta":[],"pwb-brand":[140],"product_brand":[],"product_cat":[22,17],"product_tag":[],"class_list":{"0":"post-361000","1":"product","2":"type-product","3":"status-publish","4":"has-post-thumbnail","6":"pwb-brand-boker","7":"product_cat-zaviraci-noze","8":"product_cat-noze","10":"first","11":"instock","12":"taxable","13":"shipping-taxable","14":"purchasable","15":"product-type-simple"},"brands":[{"id":140,"name":"Boker","slug":"boker"}],"_links":{"self":[{"href":"https:\/\/www.moskito.cz\/fr\/wp-json\/wp\/v2\/product\/361000","targetHints":{"allow":["GET"]}}],"collection":[{"href":"https:\/\/www.moskito.cz\/fr\/wp-json\/wp\/v2\/product"}],"about":[{"href":"https:\/\/www.moskito.cz\/fr\/wp-json\/wp\/v2\/types\/product"}],"replies":[{"embeddable":true,"href":"https:\/\/www.moskito.cz\/fr\/wp-json\/wp\/v2\/comments?post=361000"}],"wp:featuredmedia":[{"embeddable":true,"href":"https:\/\/www.moskito.cz\/fr\/wp-json\/wp\/v2\/media\/364425"}],"wp:attachment":[{"href":"https:\/\/www.moskito.cz\/fr\/wp-json\/wp\/v2\/media?parent=361000"}],"wp:term":[{"taxonomy":"pwb-brand","embeddable":true,"href":"https:\/\/www.moskito.cz\/fr\/wp-json\/wp\/v2\/pwb-brand?post=361000"},{"taxonomy":"product_brand","embeddable":true,"href":"https:\/\/www.moskito.cz\/fr\/wp-json\/wp\/v2\/product_brand?post=361000"},{"taxonomy":"product_cat","embeddable":true,"href":"https:\/\/www.moskito.cz\/fr\/wp-json\/wp\/v2\/product_cat?post=361000"},{"taxonomy":"product_tag","embeddable":true,"href":"https:\/\/www.moskito.cz\/fr\/wp-json\/wp\/v2\/product_tag?post=361000"}],"curies":[{"name":"wp","href":"https:\/\/api.w.org\/{rel}","templated":true}]}}