{"id":361001,"date":"2024-09-26T13:00:13","date_gmt":"2024-09-26T12:00:13","guid":{"rendered":"https:\/\/www.moskito.cz\/produkt\/kwaiken-push-button-flipper\/"},"modified":"2025-05-07T11:25:07","modified_gmt":"2025-05-07T10:25:07","slug":"kwaiken-push-button-flipper","status":"publish","type":"product","link":"https:\/\/www.moskito.cz\/fr\/produkt\/kwaiken-push-button-flipper\/","title":{"rendered":"Zav\u00edrac\u00ed N\u016f\u017e  B\u00f6ker Plus Kwaiken Push Button Flipper 01BO619"},"content":{"rendered":"<p>Zav\u00edrac\u00ed N\u016f\u017e <strong>B\u00f6ker Plus<\/strong> Kwaiken Push Button Flipper 01BO619.<\/p>\n<p>Pinballov\u00fd automat B\u00f6ker Plus Kwaiken Lucase Burnleyho je pravd\u011bpodobn\u011b jedn\u00edm z nejvlivn\u011bj\u0161\u00edch n\u00e1vrh\u016f 21. stolet\u00ed. D\u00edky sv\u00e9mu jasn\u00e9mu a praktick\u00e9mu tvaru se modern\u00ed kapesn\u00ed n\u016f\u017e nyn\u00ed stal skute\u010dnou ikonou. Naprosto jedine\u010dn\u00e9 jsou \u010dist\u00e9 linie a tenk\u00fd design, do kter\u00e9ho se v zav\u0159en\u00e9m stavu st\u00e1le vejde cel\u00e1 \u010depel. Jde o dal\u0161\u00ed v\u00fdvoj zn\u00e1m\u00e9ho Burnley Kwaiken Classic, putovn\u00edho no\u017ee rovn\u011b\u017e v novojaponsk\u00e9m stylu. Intuitivn\u00ed ovl\u00e1d\u00e1n\u00ed je u t\u00e9to tla\u010d\u00edtkov\u00e9 verze obzvl\u00e1\u0161t\u011b d\u016fle\u017eit\u00e9, proto\u017ee \u010depel s kuli\u010dkov\u00fdm lo\u017eiskem vyroben\u00e1 pr\u00e1\u0161kovou metalurgi\u00ed CPM-S-35VN se citliv\u011b otev\u00edr\u00e1 pomoc\u00ed flipperu a odemyk\u00e1 se pouh\u00fdm stisknut\u00edm tla\u010d\u00edtka na p\u0159edn\u00ed rukojeti. Vypnout nutk\u00e1n\u00ed hr\u00e1t? Vylou\u010deno! U\u0161lechtil\u00fd n\u00e1rok podtrhuj\u00ed \u0161upiny vyroben\u00e9 z diagon\u00e1ln\u011b strukturovan\u00e9ho titanu, kter\u00e9 no\u017ei prop\u016fj\u010duj\u00ed velmi zvl\u00e1\u0161tn\u00ed vzhled. Tenk\u00fd design a exkluzivn\u00ed materi\u00e1l d\u011blaj\u00ed z Kwaiken elegantn\u00ed crossover mezi gentlemanskou slo\u017ekou a taktick\u00fdm taktick\u00fdm no\u017eem. S klipem (sklopn\u00e1\/p), smy\u010dkou na \u0161\u0148\u016frku a vysoce kvalitn\u00edm pouzdrem pro ulo\u017een\u00ed.<\/p>\n<p>Zna\u010dka: Boker Plus<br \/>\nCelkov\u00e1 d\u00e9lka: 18,50 cm<br \/>\nD\u00e9lka \u010depele: 7,70 cm<br \/>\nTlou\u0161\u0165ka \u010depele: 3,50 mm<br \/>\nHmotnost: 116,00 g<br \/>\nN\u00e1vrh\u00e1\u0159: Lucas Burnley<br \/>\nMateri\u00e1l \u010depele: CPM-S-35VN<br \/>\nMateri\u00e1l rukojeti: titan<br \/>\nPom\u016fcka pro otev\u00edr\u00e1n\u00ed: Pinball<br \/>\nOtev\u00edrac\u00ed: Ru\u010dn\u011b<br \/>\nUzav\u0159en\u00ed: Z\u00e1mek tla\u010d\u00edtka<br \/>\n\u010c\u00edslo polo\u017eky: 01BO619<\/p>\n<p>&nbsp;<\/p>\n<p>&nbsp;<\/p>\n","protected":false},"excerpt":{"rendered":"<p><strong>Pinballov\u00fd automat B\u00f6ker Plus Kwaiken Lucase Burnleyho je pravd\u011bpodobn\u011b jedn\u00edm z nejvlivn\u011bj\u0161\u00edch n\u00e1vrh\u016f 21. stolet\u00ed. D\u00edky sv\u00e9mu jasn\u00e9mu a praktick\u00e9mu tvaru se modern\u00ed kapesn\u00ed n\u016f\u017e nyn\u00ed stal skute\u010dnou ikonou. Naprosto jedine\u010dn\u00e9 jsou \u010dist\u00e9 linie a tenk\u00fd design, do kter\u00e9ho se v zav\u0159en\u00e9m stavu st\u00e1le vejde cel\u00e1 \u010depel.<\/strong><\/p>\n<p><strong>Doprava zdarma.<\/strong><\/p>\n","protected":false},"featured_media":364942,"comment_status":"closed","ping_status":"closed","template":"","meta":[],"pwb-brand":[140],"product_brand":[],"product_cat":[22,17],"product_tag":[],"class_list":{"0":"post-361001","1":"product","2":"type-product","3":"status-publish","4":"has-post-thumbnail","6":"pwb-brand-boker","7":"product_cat-zaviraci-noze","8":"product_cat-noze","10":"first","11":"outofstock","12":"taxable","13":"shipping-taxable","14":"purchasable","15":"product-type-simple"},"brands":[{"id":140,"name":"Boker","slug":"boker"}],"_links":{"self":[{"href":"https:\/\/www.moskito.cz\/fr\/wp-json\/wp\/v2\/product\/361001","targetHints":{"allow":["GET"]}}],"collection":[{"href":"https:\/\/www.moskito.cz\/fr\/wp-json\/wp\/v2\/product"}],"about":[{"href":"https:\/\/www.moskito.cz\/fr\/wp-json\/wp\/v2\/types\/product"}],"replies":[{"embeddable":true,"href":"https:\/\/www.moskito.cz\/fr\/wp-json\/wp\/v2\/comments?post=361001"}],"wp:featuredmedia":[{"embeddable":true,"href":"https:\/\/www.moskito.cz\/fr\/wp-json\/wp\/v2\/media\/364942"}],"wp:attachment":[{"href":"https:\/\/www.moskito.cz\/fr\/wp-json\/wp\/v2\/media?parent=361001"}],"wp:term":[{"taxonomy":"pwb-brand","embeddable":true,"href":"https:\/\/www.moskito.cz\/fr\/wp-json\/wp\/v2\/pwb-brand?post=361001"},{"taxonomy":"product_brand","embeddable":true,"href":"https:\/\/www.moskito.cz\/fr\/wp-json\/wp\/v2\/product_brand?post=361001"},{"taxonomy":"product_cat","embeddable":true,"href":"https:\/\/www.moskito.cz\/fr\/wp-json\/wp\/v2\/product_cat?post=361001"},{"taxonomy":"product_tag","embeddable":true,"href":"https:\/\/www.moskito.cz\/fr\/wp-json\/wp\/v2\/product_tag?post=361001"}],"curies":[{"name":"wp","href":"https:\/\/api.w.org\/{rel}","templated":true}]}}