{"id":361010,"date":"2024-09-26T13:00:30","date_gmt":"2024-09-26T12:00:30","guid":{"rendered":"https:\/\/www.moskito.cz\/produkt\/kapesni-nuz-boker-plus-the-escort\/"},"modified":"2025-05-07T11:25:08","modified_gmt":"2025-05-07T10:25:08","slug":"kapesni-nuz-boker-plus-the-escort","status":"publish","type":"product","link":"https:\/\/www.moskito.cz\/fr\/produkt\/kapesni-nuz-boker-plus-the-escort\/","title":{"rendered":"Zav\u00edrac\u00ed N\u016f\u017e B\u00f6ker Plus The Escort 01BO638"},"content":{"rendered":"<p>Zav\u00edrac\u00ed N\u016f\u017e <strong>B\u00f6ker Plus<\/strong> The Escort 01BO638.<\/p>\n<p>Sebev\u011bdom\u011b diskr\u00e9tn\u00ed na pohled, nekompromisn\u011b p\u0159\u00edm\u00fd vzhled. S B\u00f6ker Plus The Escort vytvo\u0159il no\u017e\u00ed\u0159 John Kubasek z Massachusetts exkluzivn\u00edho ka\u017edodenn\u00edho spole\u010dn\u00edka, kter\u00fd prom\u011bn\u00ed ka\u017edou zaj\u00ed\u017e\u010fku ve zkratku. Sat\u00e9nov\u00e1 \u010depel s rovn\u00fdm h\u0159betem s kuli\u010dkov\u00fdm lo\u017eiskem vyroben\u00e1 z Nitro-V je v\u017edy p\u0159ipravena k pou\u017eit\u00ed a uplat\u0148uje sv\u00e9 v\u00fdsostn\u00e9 pr\u00e1vo na proveden\u00ed p\u0159i stisknut\u00ed ploutve. St\u00e1lou ochranu \u010depele zaji\u0161\u0165uje spolehliv\u00fd r\u00e1mov\u00fd z\u00e1mek, zat\u00edmco v\u00fdrazn\u00e9 dr\u00e1\u017eky na op\u011brce palce a jemn\u011b zak\u0159iven\u00e1 silueta rukojeti z \u0161ed\u00e9 nerezov\u00e9 oceli zaji\u0161\u0165uj\u00ed mimo\u0159\u00e1dn\u00fd pocit a vysokou \u00farove\u0148 bezpe\u010dnosti pr\u00e1ce. Vykl\u00e1p\u011bc\u00ed klip umo\u017e\u0148uje hlubok\u00e9 no\u0161en\u00ed a vizu\u00e1ln\u011b jej p\u0159ekon\u00e1v\u00e1 pouze \u010dern\u00fd \u0161roub osy \u010depele ve stylu slune\u010dn\u00edch br\u00fdl\u00ed bodyguarda. Dod\u00e1v\u00e1 se s kvalitn\u00edm nylonov\u00fdm pouzdrem pro uskladn\u011bn\u00ed. B\u00f6ker Plus The Escort \u2013 v\u017edy p\u0159ipraven, kdy\u017e na tom z\u00e1le\u017e\u00ed.<\/p>\n<p>Zna\u010dka: Boker Plus<br \/>\nCelkov\u00e1 d\u00e9lka: 19,70 cm<br \/>\nD\u00e9lka \u010depele: 8,90 cm<br \/>\nTlou\u0161\u0165ka \u010depele: 2,70 mm<br \/>\nHmotnost: 98,00 g<br \/>\nN\u00e1vrh\u00e1\u0159: Jan Kuba\u0161ek<br \/>\nMateri\u00e1l \u010depele: Nitro V<br \/>\nMateri\u00e1l rukojeti: nerez<br \/>\nPom\u016fcka pro otev\u00edr\u00e1n\u00ed: Pinball<br \/>\nOtev\u00edrac\u00ed: Ru\u010dn\u011b<br \/>\nUzav\u0159en\u00ed: Z\u00e1mek r\u00e1mu<br \/>\n\u010c\u00edslo polo\u017eky: 01BO638<\/p>\n<p>&nbsp;<\/p>\n","protected":false},"excerpt":{"rendered":"<p><strong>Sebev\u011bdom\u011b diskr\u00e9tn\u00ed na pohled, nekompromisn\u011b p\u0159\u00edm\u00fd vzhled. S B\u00f6ker Plus The Escort vytvo\u0159il no\u017e\u00ed\u0159 John Kubasek z Massachusetts exkluzivn\u00edho ka\u017edodenn\u00edho spole\u010dn\u00edka, kter\u00fd prom\u011bn\u00ed ka\u017edou zaj\u00ed\u017e\u010fku ve zkratku.<\/strong><\/p>\n","protected":false},"featured_media":367429,"comment_status":"closed","ping_status":"closed","template":"","meta":[],"pwb-brand":[140],"product_brand":[],"product_cat":[22,17],"product_tag":[],"class_list":{"0":"post-361010","1":"product","2":"type-product","3":"status-publish","4":"has-post-thumbnail","6":"pwb-brand-boker","7":"product_cat-zaviraci-noze","8":"product_cat-noze","10":"first","11":"instock","12":"taxable","13":"shipping-taxable","14":"purchasable","15":"product-type-simple"},"brands":[{"id":140,"name":"Boker","slug":"boker"}],"_links":{"self":[{"href":"https:\/\/www.moskito.cz\/fr\/wp-json\/wp\/v2\/product\/361010","targetHints":{"allow":["GET"]}}],"collection":[{"href":"https:\/\/www.moskito.cz\/fr\/wp-json\/wp\/v2\/product"}],"about":[{"href":"https:\/\/www.moskito.cz\/fr\/wp-json\/wp\/v2\/types\/product"}],"replies":[{"embeddable":true,"href":"https:\/\/www.moskito.cz\/fr\/wp-json\/wp\/v2\/comments?post=361010"}],"wp:featuredmedia":[{"embeddable":true,"href":"https:\/\/www.moskito.cz\/fr\/wp-json\/wp\/v2\/media\/367429"}],"wp:attachment":[{"href":"https:\/\/www.moskito.cz\/fr\/wp-json\/wp\/v2\/media?parent=361010"}],"wp:term":[{"taxonomy":"pwb-brand","embeddable":true,"href":"https:\/\/www.moskito.cz\/fr\/wp-json\/wp\/v2\/pwb-brand?post=361010"},{"taxonomy":"product_brand","embeddable":true,"href":"https:\/\/www.moskito.cz\/fr\/wp-json\/wp\/v2\/product_brand?post=361010"},{"taxonomy":"product_cat","embeddable":true,"href":"https:\/\/www.moskito.cz\/fr\/wp-json\/wp\/v2\/product_cat?post=361010"},{"taxonomy":"product_tag","embeddable":true,"href":"https:\/\/www.moskito.cz\/fr\/wp-json\/wp\/v2\/product_tag?post=361010"}],"curies":[{"name":"wp","href":"https:\/\/api.w.org\/{rel}","templated":true}]}}