{"id":361036,"date":"2024-09-26T13:00:30","date_gmt":"2024-09-26T12:00:30","guid":{"rendered":"https:\/\/www.moskito.cz\/produkt\/intention-ii-tanto\/"},"modified":"2025-05-07T11:25:09","modified_gmt":"2025-05-07T10:25:09","slug":"intention-ii-tanto","status":"publish","type":"product","link":"https:\/\/www.moskito.cz\/fr\/produkt\/intention-ii-tanto\/","title":{"rendered":"Vyst\u0159elovac\u00ed N\u016f\u017e B\u00f6ker Plus Intention II Tanto 01BO797"},"content":{"rendered":"<p>Vyst\u0159elovac\u00ed N\u016f\u017e <strong>B\u00f6ker Plus<\/strong> Intention II Tanto 01BO797.<\/p>\n<p>B\u00f6ker Plus Intention, navr\u017een\u00fd jako taktick\u00fd automatick\u00fd n\u016f\u017e, p\u0159esv\u011bd\u010d\u00ed nejen p\u0159i pou\u017e\u00edv\u00e1n\u00ed, ale tak\u00e9 bez n\u00e1mahy zvl\u00e1d\u00e1 v\u0161echny ka\u017edodenn\u00ed \u0159ezac\u00ed \u00fakoly. Stisknut\u00edm tla\u010d\u00edtka se n\u016f\u017e uvoln\u00ed z D2 a napnut\u00ed pru\u017einy za n\u00edm jej automaticky otev\u0159e. N\u016f\u017e zaji\u0161\u0165uje i \u00fahledn\u011b uzamykateln\u00fd posuvn\u00fd z\u00e1mek proti n\u00e1hodn\u00e9mu uvoln\u011bn\u00ed. Ergonomicky tvarovan\u00e1 rukoje\u0165 je vyrobena ze strukturovan\u00e9ho, \u200b\u200b\u010dern\u00e9ho G10 , \u017eebrov\u00e1n\u00ed v oblasti op\u011brky palce a v\u00fdrazn\u00e9 vybr\u00e1n\u00ed pro prsty d\u00e1le zlep\u0161uj\u00ed polohu ruky. Taktick\u00e9 n\u00e1roky podtrhuje tlumen\u00fd \u010dern\u00fd stonewash povrch \u010depele. S o\u010dkem na \u0161\u0148\u016frku a klipem (sklopn\u00e1\/p).<\/p>\n<p>Zna\u010dka: Boker Plus<br \/>\nCelkov\u00e1 d\u00e9lka: 19,50 cm<br \/>\nD\u00e9lka \u010depele: 7,80 cm<br \/>\nTlou\u0161\u0165ka \u010depele: 2,84 mm<br \/>\nHmotnost: 119,00 g<br \/>\nMateri\u00e1l \u010depele: D2<br \/>\nMateri\u00e1l rukojeti: G10<br \/>\nPom\u016fcka pro otev\u00edr\u00e1n\u00ed: Stiskn\u011bte tla\u010d\u00edtko<br \/>\nOtev\u00edrac\u00ed: Automatick\u00fd<br \/>\nUzav\u0159en\u00ed: Stiskn\u011bte tla\u010d\u00edtko<br \/>\nBarva: \u010cern\u00e1<br \/>\nBarva \u010depele: \u010cern\u00e1<br \/>\n\u010c\u00edslo polo\u017eky: 01BO797<\/p>\n","protected":false},"excerpt":{"rendered":"<p><strong>B\u00f6ker Plus Intention, navr\u017een\u00fd jako taktick\u00fd automatick\u00fd n\u016f\u017e, p\u0159esv\u011bd\u010d\u00ed nejen p\u0159i pou\u017e\u00edv\u00e1n\u00ed, ale tak\u00e9 bez n\u00e1mahy zvl\u00e1d\u00e1 v\u0161echny ka\u017edodenn\u00ed \u0159ezac\u00ed \u00fakoly.<\/strong><\/p>\n","protected":false},"featured_media":366587,"comment_status":"closed","ping_status":"closed","template":"","meta":[],"pwb-brand":[140],"product_brand":[],"product_cat":[2019,17],"product_tag":[],"class_list":{"0":"post-361036","1":"product","2":"type-product","3":"status-publish","4":"has-post-thumbnail","6":"pwb-brand-boker","7":"product_cat-vystrelovaci-noze","8":"product_cat-noze","10":"first","11":"outofstock","12":"taxable","13":"shipping-taxable","14":"purchasable","15":"product-type-simple"},"brands":[{"id":140,"name":"Boker","slug":"boker"}],"_links":{"self":[{"href":"https:\/\/www.moskito.cz\/fr\/wp-json\/wp\/v2\/product\/361036","targetHints":{"allow":["GET"]}}],"collection":[{"href":"https:\/\/www.moskito.cz\/fr\/wp-json\/wp\/v2\/product"}],"about":[{"href":"https:\/\/www.moskito.cz\/fr\/wp-json\/wp\/v2\/types\/product"}],"replies":[{"embeddable":true,"href":"https:\/\/www.moskito.cz\/fr\/wp-json\/wp\/v2\/comments?post=361036"}],"wp:featuredmedia":[{"embeddable":true,"href":"https:\/\/www.moskito.cz\/fr\/wp-json\/wp\/v2\/media\/366587"}],"wp:attachment":[{"href":"https:\/\/www.moskito.cz\/fr\/wp-json\/wp\/v2\/media?parent=361036"}],"wp:term":[{"taxonomy":"pwb-brand","embeddable":true,"href":"https:\/\/www.moskito.cz\/fr\/wp-json\/wp\/v2\/pwb-brand?post=361036"},{"taxonomy":"product_brand","embeddable":true,"href":"https:\/\/www.moskito.cz\/fr\/wp-json\/wp\/v2\/product_brand?post=361036"},{"taxonomy":"product_cat","embeddable":true,"href":"https:\/\/www.moskito.cz\/fr\/wp-json\/wp\/v2\/product_cat?post=361036"},{"taxonomy":"product_tag","embeddable":true,"href":"https:\/\/www.moskito.cz\/fr\/wp-json\/wp\/v2\/product_tag?post=361036"}],"curies":[{"name":"wp","href":"https:\/\/api.w.org\/{rel}","templated":true}]}}