{"id":361058,"date":"2024-09-26T13:00:30","date_gmt":"2024-09-26T12:00:30","guid":{"rendered":"https:\/\/www.moskito.cz\/produkt\/micro-usb-otf-tanto\/"},"modified":"2025-05-07T11:25:11","modified_gmt":"2025-05-07T10:25:11","slug":"micro-usb-otf-tanto","status":"publish","type":"product","link":"https:\/\/www.moskito.cz\/fr\/produkt\/micro-usb-otf-tanto\/","title":{"rendered":"Vyst\u0159elovac\u00ed N\u016f\u017e B\u00f6ker Plus Micro USB OTF Tanto 01BO972"},"content":{"rendered":"<p>Vyst\u0159elovac\u00ed N\u016f\u017e <strong>B\u00f6ker Plus<\/strong> Micro USB OTF Tanto 01BO972.<\/p>\n<p>N\u016f\u017e OTF, kompaktn\u00ed a dynamick\u00fd \u2013 zn\u00ed to p\u0159\u00edli\u0161 dob\u0159e, ne\u017e aby to bylo leg\u00e1ln\u00ed? B\u00f6ker to umo\u017e\u0148uje a p\u0159edstavuje B\u00f6ker Plus Micro USB OTF, automatick\u00fd n\u016f\u017e OTF (Out of The Front), kter\u00fd vyhovuje n\u011bmeck\u00fdm z\u00e1kon\u016fm a m\u00e1 u\u017eitnou \u010depel dlouhou 41 mm. Umo\u017e\u0148uje to klasifikace BKA (spisov\u00e9 \u010d\u00edslo SO13-2022-36166803; v\u00edce na www.boker.de), pod kterou nen\u00ed n\u016f\u017e pova\u017eov\u00e1n za zbra\u0148 podle \u00a71 odst. 2b z d\u016fvodu mal\u00fdch rozm\u011br\u016f \u010depele. Podle klasifikace BKA se na B\u00f6ker Plus Micro USB OTF vztahuje \u00a7 42a z\u00e1kona o zbran\u00edch, a proto se na n\u011bj vztahuj\u00ed obvykl\u00e1 omezen\u00ed pou\u017e\u00edv\u00e1n\u00ed jednoru\u010dn\u00edch no\u017e\u016f. Mal\u00fd g\u00e9nius jako \u0161ikovn\u00fd automatick\u00fd n\u016f\u017e uv\u00e1d\u00ed charakteristick\u00fd design b\u011b\u017en\u00fdch USB kl\u00ed\u010denek a s\u00e1z\u00ed na kousnut\u00ed m\u00edsto bajt\u016f: krabice, obaly nebo provazy bez n\u00e1mahy pro\u0159\u00edzne ostr\u00e1 \u010depel D2. Vyp\u00ednac\u00ed \u010depel m\u00e1 na p\u0159edn\u00ed stran\u011b rukojeti jezdec, kter\u00fd umo\u017e\u0148uje \u010depel vystoupit z rukojeti stejn\u011b rychle jako \u0161\u00edp s energick\u00fdm cvaknut\u00edm a po op\u011btovn\u00e9m stisknut\u00ed zase nen\u00e1padn\u011b zmizet. D\u00edky tomuto praktick\u00e9mu ovl\u00e1d\u00e1n\u00ed jednou rukou lze mal\u00e9 ka\u017edodenn\u00ed \u0159ezac\u00ed pr\u00e1ce dokon\u010dit t\u00e9m\u011b\u0159 b\u011bhem okam\u017eiku.<\/p>\n<p>Vizu\u00e1ln\u011b elegantn\u00ed sat\u00e9nov\u00fd povrch \u010depele Tanto dokonale lad\u00ed s \u010dernou rukojet\u00ed z CNC fr\u00e9zovan\u00e9ho hlin\u00edku 6061-T6 a robustn\u00ed sponou tip-down (r).<\/p>\n<p>Zna\u010dka: Boker Plus<br \/>\nCelkov\u00e1 d\u00e9lka: 10,90 cm<br \/>\nD\u00e9lka \u010depele: 4,00 cm<br \/>\nMateri\u00e1l \u010depele: D2<br \/>\nMateri\u00e1l rukojeti: hlin\u00edk<br \/>\nPom\u016fcka pro otev\u00edr\u00e1n\u00ed: Stiskn\u011bte tla\u010d\u00edtko<br \/>\nOtev\u00edrac\u00ed: Automatick\u00fd<br \/>\nUzav\u0159en\u00ed: OTF<br \/>\nBarva: \u010cern\u00e1<br \/>\nBarva \u010depele: Nepota\u017een\u00e9<br \/>\nMateri\u00e1l: hlin\u00edk<br \/>\n\u010c\u00edslo polo\u017eky: 01BO972<\/p>\n<p>&nbsp;<\/p>\n<p>&nbsp;<\/p>\n","protected":false},"excerpt":{"rendered":"<p><strong>N\u016f\u017e OTF, kompaktn\u00ed a dynamick\u00fd \u2013 zn\u00ed to p\u0159\u00edli\u0161 dob\u0159e, ne\u017e aby to bylo leg\u00e1ln\u00ed? B\u00f6ker to umo\u017e\u0148uje a p\u0159edstavuje B\u00f6ker Plus Micro USB OTF, automatick\u00fd n\u016f\u017e OTF (Out of The Front), kter\u00fd vyhovuje n\u011bmeck\u00fdm z\u00e1kon\u016fm a m\u00e1 u\u017eitnou \u010depel dlouhou 41 mm.<\/strong><\/p>\n","protected":false},"featured_media":365468,"comment_status":"closed","ping_status":"closed","template":"","meta":[],"pwb-brand":[140],"product_brand":[],"product_cat":[2019,17],"product_tag":[],"class_list":{"0":"post-361058","1":"product","2":"type-product","3":"status-publish","4":"has-post-thumbnail","6":"pwb-brand-boker","7":"product_cat-vystrelovaci-noze","8":"product_cat-noze","10":"first","11":"outofstock","12":"taxable","13":"shipping-taxable","14":"purchasable","15":"product-type-simple"},"brands":[{"id":140,"name":"Boker","slug":"boker"}],"_links":{"self":[{"href":"https:\/\/www.moskito.cz\/fr\/wp-json\/wp\/v2\/product\/361058","targetHints":{"allow":["GET"]}}],"collection":[{"href":"https:\/\/www.moskito.cz\/fr\/wp-json\/wp\/v2\/product"}],"about":[{"href":"https:\/\/www.moskito.cz\/fr\/wp-json\/wp\/v2\/types\/product"}],"replies":[{"embeddable":true,"href":"https:\/\/www.moskito.cz\/fr\/wp-json\/wp\/v2\/comments?post=361058"}],"wp:featuredmedia":[{"embeddable":true,"href":"https:\/\/www.moskito.cz\/fr\/wp-json\/wp\/v2\/media\/365468"}],"wp:attachment":[{"href":"https:\/\/www.moskito.cz\/fr\/wp-json\/wp\/v2\/media?parent=361058"}],"wp:term":[{"taxonomy":"pwb-brand","embeddable":true,"href":"https:\/\/www.moskito.cz\/fr\/wp-json\/wp\/v2\/pwb-brand?post=361058"},{"taxonomy":"product_brand","embeddable":true,"href":"https:\/\/www.moskito.cz\/fr\/wp-json\/wp\/v2\/product_brand?post=361058"},{"taxonomy":"product_cat","embeddable":true,"href":"https:\/\/www.moskito.cz\/fr\/wp-json\/wp\/v2\/product_cat?post=361058"},{"taxonomy":"product_tag","embeddable":true,"href":"https:\/\/www.moskito.cz\/fr\/wp-json\/wp\/v2\/product_tag?post=361058"}],"curies":[{"name":"wp","href":"https:\/\/api.w.org\/{rel}","templated":true}]}}