{"id":361075,"date":"2024-09-26T13:00:44","date_gmt":"2024-09-26T12:00:44","guid":{"rendered":"https:\/\/www.moskito.cz\/produkt\/kapesni-nuz-magnum-skruva\/"},"modified":"2025-05-07T11:25:13","modified_gmt":"2025-05-07T10:25:13","slug":"kapesni-nuz-magnum-skruva","status":"publish","type":"product","link":"https:\/\/www.moskito.cz\/fr\/produkt\/kapesni-nuz-magnum-skruva\/","title":{"rendered":"Zav\u00edrac\u00ed N\u016f\u017e Magnum Skruva 01SC011"},"content":{"rendered":"<p>Zav\u00edrac\u00ed N\u016f\u017e Magnum Skruva 01SC011.<\/p>\n<p>Magnum Skruva je promy\u0161len\u00fd a funk\u010dn\u00ed kapesn\u00ed n\u016f\u017e, kter\u00fd je vybaven \u0159adou pe\u010dliv\u011b navr\u017een\u00fdch funkc\u00ed. Zvl\u00e1\u0161t\u011b je t\u0159eba vyzdvihnout masivn\u00ed \u0161roub osy \u010depele, kter\u00fd zaji\u0161\u0165uje stabiln\u00ed spojen\u00ed a p\u0159esnost. D\u00edky tomu je kuli\u010dkov\u00fd lo\u017eiskov\u00fd mechanismus \u010depele typu Droppoint z nerezov\u00e9 oceli 440B bezpe\u010dn\u00fd a spolehliv\u00fd. Nesoum\u011brn\u00fd ost\u0159\u00ed a sat\u00e9nov\u00e9 dokon\u010den\u00ed p\u0159isp\u00edvaj\u00ed k elegantn\u00edmu, ale z\u00e1rove\u0148 funk\u010dn\u00edmu designu.<\/p>\n<p>\u010cepel je vybavena jimpingy na h\u0159betu, kter\u00e9 poskytuj\u00ed dodate\u010dnou bezpe\u010dnost a kontrolu p\u0159i n\u00e1ro\u010dn\u00e9m \u0159ez\u00e1n\u00ed. K otev\u0159en\u00ed no\u017ee slou\u017e\u00ed flipper, zat\u00edmco z\u00e1mek Liner Lock spolehliv\u011b udr\u017euje \u010depel v otev\u0159en\u00e9 poloze.<\/p>\n<p>Rukoje\u0165 no\u017ee je ergonomicky navr\u017eena a pokryta protiskluzov\u00fdm materi\u00e1lem G10, co\u017e zaji\u0161\u0165uje bezpe\u010dn\u00fd \u00fachop i v n\u00e1ro\u010dn\u00fdch podm\u00ednk\u00e1ch. Krom\u011b toho je n\u016f\u017e vybaven klipem na hlubok\u00e9 no\u0161en\u00ed (Tip-Up), kter\u00fd umo\u017e\u0148uje nen\u00e1padn\u00e9 no\u0161en\u00ed, a o\u010dkem pro \u0161\u0148\u016fru, kter\u00e9 je\u0161t\u011b v\u00edce zlep\u0161uje manipulaci.<\/p>\n<p>Magnum Skruva je tak vysoce praktick\u00fd a odoln\u00fd EDC n\u016f\u017e, kter\u00fd zaujme svou funk\u010dnost\u00ed a ergonomi\u00ed.<\/p>\n<p>Tento model no\u017ee Magnum 01SC011 m\u00e1 n\u00e1sleduj\u00edc\u00ed specifikace:<\/p>\n<p>Zna\u010dka: Magnum<br \/>\nCelkov\u00e1 d\u00e9lka: 18,90 cm<br \/>\nD\u00e9lka \u010depele: 7,90 cm<br \/>\nTlou\u0161\u0165ka \u010depele: 2,70 mm<br \/>\nHmotnost: 100,00 g<br \/>\nMateri\u00e1l \u010depele: 440B (nerezov\u00e1 ocel, nab\u00edz\u00ed dobrou odolnost v\u016f\u010di korozi a solidn\u00ed trvanlivost ost\u0159\u00ed)<br \/>\nMateri\u00e1l rukojeti: G10 (odoln\u00fd, pevn\u00fd a protiskluzov\u00fd materi\u00e1l)<br \/>\nPomocn\u00e9 otev\u0159en\u00ed: Flipper (pro rychl\u00e9 otev\u0159en\u00ed)<br \/>\nOtev\u0159en\u00ed: Manu\u00e1ln\u00ed (neautomatick\u00e9)<br \/>\nZ\u00e1mek: Linerlock (zaji\u0161\u0165uje \u010depel b\u011bhem pou\u017e\u00edv\u00e1n\u00ed)<br \/>\nVyrobeno v: Asii<br \/>\nBarva: \u010cern\u00e1<\/p>\n<p>Tento n\u016f\u017e je vhodn\u00fd pro ka\u017edodenn\u00ed pou\u017eit\u00ed i pro outdoorov\u00e9 aktivity d\u00edky sv\u00e9 stabiln\u00ed konstrukci a praktick\u00fdm mechanism\u016fm otev\u00edr\u00e1n\u00ed.<\/p>\n<p>&nbsp;<\/p>\n","protected":false},"excerpt":{"rendered":"<p><strong>Tento n\u016f\u017e je vhodn\u00fd pro ka\u017edodenn\u00ed pou\u017eit\u00ed i pro outdoorov\u00e9 aktivity d\u00edky sv\u00e9 stabiln\u00ed konstrukci a praktick\u00fdm mechanism\u016fm otev\u00edr\u00e1n\u00ed.<\/strong><\/p>\n","protected":false},"featured_media":380364,"comment_status":"closed","ping_status":"closed","template":"","meta":[],"pwb-brand":[140],"product_brand":[],"product_cat":[17,22],"product_tag":[],"class_list":{"0":"post-361075","1":"product","2":"type-product","3":"status-publish","4":"has-post-thumbnail","6":"pwb-brand-boker","7":"product_cat-noze","8":"product_cat-zaviraci-noze","10":"first","11":"instock","12":"taxable","13":"shipping-taxable","14":"purchasable","15":"product-type-simple"},"brands":[{"id":140,"name":"Boker","slug":"boker"}],"_links":{"self":[{"href":"https:\/\/www.moskito.cz\/fr\/wp-json\/wp\/v2\/product\/361075","targetHints":{"allow":["GET"]}}],"collection":[{"href":"https:\/\/www.moskito.cz\/fr\/wp-json\/wp\/v2\/product"}],"about":[{"href":"https:\/\/www.moskito.cz\/fr\/wp-json\/wp\/v2\/types\/product"}],"replies":[{"embeddable":true,"href":"https:\/\/www.moskito.cz\/fr\/wp-json\/wp\/v2\/comments?post=361075"}],"wp:featuredmedia":[{"embeddable":true,"href":"https:\/\/www.moskito.cz\/fr\/wp-json\/wp\/v2\/media\/380364"}],"wp:attachment":[{"href":"https:\/\/www.moskito.cz\/fr\/wp-json\/wp\/v2\/media?parent=361075"}],"wp:term":[{"taxonomy":"pwb-brand","embeddable":true,"href":"https:\/\/www.moskito.cz\/fr\/wp-json\/wp\/v2\/pwb-brand?post=361075"},{"taxonomy":"product_brand","embeddable":true,"href":"https:\/\/www.moskito.cz\/fr\/wp-json\/wp\/v2\/product_brand?post=361075"},{"taxonomy":"product_cat","embeddable":true,"href":"https:\/\/www.moskito.cz\/fr\/wp-json\/wp\/v2\/product_cat?post=361075"},{"taxonomy":"product_tag","embeddable":true,"href":"https:\/\/www.moskito.cz\/fr\/wp-json\/wp\/v2\/product_tag?post=361075"}],"curies":[{"name":"wp","href":"https:\/\/api.w.org\/{rel}","templated":true}]}}