{"id":361080,"date":"2024-09-26T13:00:44","date_gmt":"2024-09-26T12:00:44","guid":{"rendered":"https:\/\/www.moskito.cz\/produkt\/nuz-boker-plus-bark-beetle\/"},"modified":"2025-05-07T11:25:15","modified_gmt":"2025-05-07T10:25:15","slug":"nuz-boker-plus-bark-beetle","status":"publish","type":"product","link":"https:\/\/www.moskito.cz\/fr\/produkt\/nuz-boker-plus-bark-beetle\/","title":{"rendered":"N\u016f\u017e B\u00f6ker Plus Bark Beetle"},"content":{"rendered":"<ul>\n<li>celkov\u00e1 d\u00e9lka:&nbsp;20,4 cm<\/li>\n<li>d\u00e9lka \u010depele: 9,2&nbsp;cm<\/li>\n<li>hmotnost:&nbsp;121&nbsp;g<\/li>\n<li>tlou\u0161\u0165ka \u010depele: 3,2 mm<\/li>\n<li>materi\u00e1l \u010depele: 1095<\/li>\n<li>materi\u00e1l rukojeti: micarta<\/li>\n<li>design\u00e9r: S\u00e1ndor Hegyes\n<\/li>\n<\/ul>\n","protected":false},"excerpt":{"rendered":"<p>Outdoorov\u00fd n\u016f\u017e s pevnou \u010depel\u00ed.<\/p>\n","protected":false},"featured_media":361081,"comment_status":"closed","ping_status":"closed","template":"","meta":[],"pwb-brand":[140],"product_brand":[],"product_cat":[17,22],"product_tag":[],"class_list":{"0":"post-361080","1":"product","2":"type-product","3":"status-publish","4":"has-post-thumbnail","6":"pwb-brand-boker","7":"product_cat-noze","8":"product_cat-zaviraci-noze","10":"first","11":"outofstock","12":"taxable","13":"shipping-taxable","14":"purchasable","15":"product-type-simple"},"brands":[{"id":140,"name":"Boker","slug":"boker"}],"_links":{"self":[{"href":"https:\/\/www.moskito.cz\/fr\/wp-json\/wp\/v2\/product\/361080","targetHints":{"allow":["GET"]}}],"collection":[{"href":"https:\/\/www.moskito.cz\/fr\/wp-json\/wp\/v2\/product"}],"about":[{"href":"https:\/\/www.moskito.cz\/fr\/wp-json\/wp\/v2\/types\/product"}],"replies":[{"embeddable":true,"href":"https:\/\/www.moskito.cz\/fr\/wp-json\/wp\/v2\/comments?post=361080"}],"wp:featuredmedia":[{"embeddable":true,"href":"https:\/\/www.moskito.cz\/fr\/wp-json\/wp\/v2\/media\/361081"}],"wp:attachment":[{"href":"https:\/\/www.moskito.cz\/fr\/wp-json\/wp\/v2\/media?parent=361080"}],"wp:term":[{"taxonomy":"pwb-brand","embeddable":true,"href":"https:\/\/www.moskito.cz\/fr\/wp-json\/wp\/v2\/pwb-brand?post=361080"},{"taxonomy":"product_brand","embeddable":true,"href":"https:\/\/www.moskito.cz\/fr\/wp-json\/wp\/v2\/product_brand?post=361080"},{"taxonomy":"product_cat","embeddable":true,"href":"https:\/\/www.moskito.cz\/fr\/wp-json\/wp\/v2\/product_cat?post=361080"},{"taxonomy":"product_tag","embeddable":true,"href":"https:\/\/www.moskito.cz\/fr\/wp-json\/wp\/v2\/product_tag?post=361080"}],"curies":[{"name":"wp","href":"https:\/\/api.w.org\/{rel}","templated":true}]}}