{"id":361134,"date":"2024-09-26T13:01:03","date_gmt":"2024-09-26T12:01:03","guid":{"rendered":"https:\/\/www.moskito.cz\/produkt\/kapesni-nuz-boker-mini-redencion\/"},"modified":"2025-05-07T11:25:19","modified_gmt":"2025-05-07T10:25:19","slug":"kapesni-nuz-boker-mini-redencion","status":"publish","type":"product","link":"https:\/\/www.moskito.cz\/fr\/produkt\/kapesni-nuz-boker-mini-redencion\/","title":{"rendered":"Kapesn\u00ed n\u016f\u017e B\u00f6ker Mini Redencion"},"content":{"rendered":"<ul>\n<li>cekov\u00e1 d\u00e9lka: 14,3 cm<\/li>\n<li>d\u00e9lka \u010depele:&nbsp;6,3 cm<\/li>\n<li>tlou\u0161\u0165ka \u010depele:&nbsp;3,0&nbsp;mm<\/li>\n<li>hmotnost:&nbsp;53 g<\/li>\n<li>materi\u00e1l \u010depele: MagnumCut<\/li>\n<li>materi\u00e1l rukojeti: hlin\u00edk<\/li>\n<li>pojistka: tla\u010d\u00edtko<\/li>\n<li>s plst\u011bn\u00fdm pouzdrem<\/li>\n<li>ru\u010dn\u011b vyrobeno v Solingenu<\/li>\n<\/ul>\n","protected":false},"excerpt":{"rendered":"<p>Kapesn\u00ed n\u016f\u017e s automatick\u00fdm otev\u00edr\u00e1n\u00edm.<\/p>\n","protected":false},"featured_media":361135,"comment_status":"closed","ping_status":"closed","template":"","meta":[],"pwb-brand":[140],"product_brand":[],"product_cat":[17,22],"product_tag":[],"class_list":{"0":"post-361134","1":"product","2":"type-product","3":"status-publish","4":"has-post-thumbnail","6":"pwb-brand-boker","7":"product_cat-noze","8":"product_cat-zaviraci-noze","10":"first","11":"outofstock","12":"taxable","13":"shipping-taxable","14":"purchasable","15":"product-type-simple"},"brands":[{"id":140,"name":"Boker","slug":"boker"}],"_links":{"self":[{"href":"https:\/\/www.moskito.cz\/fr\/wp-json\/wp\/v2\/product\/361134","targetHints":{"allow":["GET"]}}],"collection":[{"href":"https:\/\/www.moskito.cz\/fr\/wp-json\/wp\/v2\/product"}],"about":[{"href":"https:\/\/www.moskito.cz\/fr\/wp-json\/wp\/v2\/types\/product"}],"replies":[{"embeddable":true,"href":"https:\/\/www.moskito.cz\/fr\/wp-json\/wp\/v2\/comments?post=361134"}],"wp:featuredmedia":[{"embeddable":true,"href":"https:\/\/www.moskito.cz\/fr\/wp-json\/wp\/v2\/media\/361135"}],"wp:attachment":[{"href":"https:\/\/www.moskito.cz\/fr\/wp-json\/wp\/v2\/media?parent=361134"}],"wp:term":[{"taxonomy":"pwb-brand","embeddable":true,"href":"https:\/\/www.moskito.cz\/fr\/wp-json\/wp\/v2\/pwb-brand?post=361134"},{"taxonomy":"product_brand","embeddable":true,"href":"https:\/\/www.moskito.cz\/fr\/wp-json\/wp\/v2\/product_brand?post=361134"},{"taxonomy":"product_cat","embeddable":true,"href":"https:\/\/www.moskito.cz\/fr\/wp-json\/wp\/v2\/product_cat?post=361134"},{"taxonomy":"product_tag","embeddable":true,"href":"https:\/\/www.moskito.cz\/fr\/wp-json\/wp\/v2\/product_tag?post=361134"}],"curies":[{"name":"wp","href":"https:\/\/api.w.org\/{rel}","templated":true}]}}