{"id":361293,"date":"2024-09-26T13:02:06","date_gmt":"2024-09-26T12:02:06","guid":{"rendered":"https:\/\/www.moskito.cz\/produkt\/magnum-ems-rescue-assisted\/"},"modified":"2025-11-30T16:43:55","modified_gmt":"2025-11-30T15:43:55","slug":"magnum-ems-rescue-assisted","status":"publish","type":"product","link":"https:\/\/www.moskito.cz\/fr\/produkt\/magnum-ems-rescue-assisted\/","title":{"rendered":"Zav\u00edrac\u00ed N\u016f\u017e Magnum EMS Rescue Assisted 01LL472"},"content":{"rendered":"<p>Zav\u00edrac\u00ed N\u016f\u017e Magnum EMS Rescue Assisted 01LL472.<\/p>\n<div class=\"flex max-w-full flex-col flex-grow\">\n<div class=\"min-h-8 text-message flex w-full flex-col items-end gap-2 whitespace-normal break-words [.text-message+&amp;]:mt-5\" dir=\"auto\" data-message-author-role=\"assistant\" data-message-id=\"3bc9589c-4dd5-4bd0-a504-1083074adfc6\" data-message-model-slug=\"gpt-4o\">\n<div class=\"flex w-full flex-col gap-1 empty:hidden first:pt-[3px]\">\n<div class=\"markdown prose w-full break-words dark:prose-invert light\">\n<p><strong>Magnum Air Force Rescue Assisted 01LL473<\/strong> je praktick\u00fd z\u00e1chran\u00e1\u0159sk\u00fd n\u016f\u017e, navr\u017een\u00fd jako pocta bezpe\u010dnostn\u00edm sil\u00e1m, kter\u00e9 \u010del\u00ed nebezpe\u010d\u00ed p\u0159i ochran\u011b a z\u00e1chran\u011b \u017eivot\u016f. Nab\u00edz\u00ed funkce, kter\u00e9 ho \u010din\u00ed vhodn\u00fdm pro krizov\u00e9 situace, p\u0159i\u010dem\u017e je p\u0159izp\u016fsoben sp\u00ed\u0161e pro b\u011b\u017en\u00e9 u\u017eivatele ne\u017e pro ka\u017edodenn\u00ed profesion\u00e1ln\u00ed nasazen\u00ed.<\/p>\n<h3>Kl\u00ed\u010dov\u00e9 vlastnosti:<\/h3>\n<ol>\n<li><strong>\u010cepel<\/strong>:\n<ul>\n<li><strong>Materi\u00e1l<\/strong>: Nerezov\u00e1 ocel <strong>440A<\/strong>, zn\u00e1m\u00e1 svou odolnost\u00ed proti korozi a snadnou \u00fadr\u017ebou.<\/li>\n<li><strong>Tvar \u010depele<\/strong>: <strong>Reverzn\u00ed Tanto<\/strong>, kter\u00fd nab\u00edz\u00ed pevnou \u0161pi\u010dku ide\u00e1ln\u00ed pro pronik\u00e1n\u00ed i p\u0159esn\u011bj\u0161\u00ed \u0159ez\u00e1n\u00ed.<\/li>\n<li><strong>Povrchov\u00e1 \u00faprava<\/strong>: \u010cern\u011b pota\u017een\u00e1 \u010depel pro zv\u00fd\u0161enou ochranu proti opot\u0159eben\u00ed.<\/li>\n<li><strong>\u010c\u00e1ste\u010dn\u011b zoubkovan\u00e9 ost\u0159\u00ed<\/strong>: Usnad\u0148uje \u0159ez\u00e1n\u00ed pevn\u00fdch materi\u00e1l\u016f, jako jsou lana nebo bezpe\u010dnostn\u00ed p\u00e1sy.<\/li>\n<li><strong>Asistovan\u00e9 otev\u00edr\u00e1n\u00ed (Assisted Opener)<\/strong>: D\u00edky pru\u017einov\u00e9 podpo\u0159e lze n\u016f\u017e snadno a rychle otev\u0159\u00edt jednou rukou pomoc\u00ed flipperu.<\/li>\n<\/ul>\n<\/li>\n<li><strong>Rukoje\u0165<\/strong>:\n<ul>\n<li><strong>Materi\u00e1l<\/strong>: Anodizovan\u00fd hlin\u00edk v <strong>kr\u00e1lovsk\u00e9 modr\u00e9 barv\u011b<\/strong> s decentn\u00edm znakem vzdu\u0161n\u00fdch sil.<\/li>\n<li>Ergonomick\u00fd tvar pro pohodln\u00fd \u00fachop.<\/li>\n<\/ul>\n<\/li>\n<li><strong>Funkce pro z\u00e1chranu<\/strong>:\n<ul>\n<li><strong>Hrot na rozbit\u00ed skla<\/strong>: Pro nouzov\u00e9 situace, kdy je pot\u0159eba rozb\u00edt okno.<\/li>\n<li><strong>\u0158eza\u010d na bezpe\u010dnostn\u00ed p\u00e1sy<\/strong>: Umo\u017e\u0148uje rychl\u00e9 a bezpe\u010dn\u00e9 odstran\u011bn\u00ed p\u00e1s\u016f bez rizika poran\u011bn\u00ed.<\/li>\n<li><strong>Kapesn\u00ed klip<\/strong>: Pro snadn\u00e9 no\u0161en\u00ed.<\/li>\n<\/ul>\n<\/li>\n<li><strong>Mechanismus a uz\u00e1v\u011br<\/strong>:\n<ul>\n<li><strong>Z\u00e1mek vlo\u017eky (liner lock)<\/strong>: Bezpe\u010dn\u011b dr\u017e\u00ed \u010depel v otev\u0159en\u00e9 poloze b\u011bhem pou\u017e\u00edv\u00e1n\u00ed.<\/li>\n<\/ul>\n<\/li>\n<li><strong>Rozm\u011bry a hmotnost<\/strong>:\n<ul>\n<li><strong>Celkov\u00e1 d\u00e9lka<\/strong>: 20,80 cm.<\/li>\n<li><strong>D\u00e9lka \u010depele<\/strong>: 8,60 cm.<\/li>\n<li><strong>Tlou\u0161\u0165ka \u010depele<\/strong>: 2,80 mm.<\/li>\n<li><strong>Hmotnost<\/strong>: 139 g, co\u017e poskytuje rovnov\u00e1hu mezi odolnost\u00ed a p\u0159enosnost\u00ed.<\/li>\n<\/ul>\n<\/li>\n<\/ol>\n<h3>Vyu\u017eit\u00ed:<\/h3>\n<p><strong>Magnum Air Force Rescue<\/strong> je ide\u00e1ln\u00ed pro:<\/p>\n<ul>\n<li><strong>Nouzov\u00e9 situace<\/strong>: D\u00edky specializovan\u00fdm funkc\u00edm, jako je hrot na sklo a \u0159eza\u010d na p\u00e1sy.<\/li>\n<li><strong>Ka\u017edodenn\u00ed no\u0161en\u00ed<\/strong>: Pro b\u011b\u017en\u00e9 u\u017eivatele, kte\u0159\u00ed ocen\u00ed funk\u010dn\u00ed a atraktivn\u00ed design.<\/li>\n<li><strong>Fanou\u0161ky tematick\u00fdch no\u017e\u016f<\/strong>: Skv\u011bl\u00fd d\u00e1rek pro p\u0159\u00edznivce leteck\u00fdch sil nebo sb\u011bratele.<\/li>\n<\/ul>\n<h3>Doporu\u010den\u00ed:<\/h3>\n<p>Pro profesion\u00e1ln\u00ed z\u00e1chran\u00e1\u0159e, kte\u0159\u00ed pot\u0159ebuj\u00ed n\u016f\u017e na intenzivn\u00ed denn\u00ed nasazen\u00ed, doporu\u010duje v\u00fdrobce modely z \u0159ady <strong>B\u00f6ker Plus Savior (01BO320, 01BO321, 01BO322)<\/strong>, kter\u00e9 jsou konstruov\u00e1ny pro v\u011bt\u0161\u00ed odolnost.<\/p>\n<h3>Z\u00e1v\u011br:<\/h3>\n<p><strong>Magnum Air Force Rescue Assisted 01LL473<\/strong> je praktick\u00fd, funk\u010dn\u00ed a stylov\u00fd z\u00e1chran\u00e1\u0159sk\u00fd n\u016f\u017e. Nab\u00edz\u00ed spolehliv\u00e9 funkce pro krizov\u00e9 situace a atraktivn\u00ed design, kter\u00fd jej \u010din\u00ed ide\u00e1ln\u00ed volbou pro b\u011b\u017en\u00e9 u\u017eivatele i sb\u011bratele.<\/p>\n<\/div>\n<\/div>\n<\/div>\n<\/div>\n<div class=\"mb-2 flex gap-3 empty:hidden -ml-2\">\n<div class=\"items-center justify-start rounded-xl p-1 z-10 -mt-1 bg-token-main-surface-primary md:absolute md:sr-only\">\n<div class=\"flex items-center\"><\/div>\n<\/div>\n<\/div>\n<table class=\"datatable bokerparamtable\" style=\"width: 585px; letter-spacing: 0.03em; height: 227px;\" border=\"0\" cellspacing=\"0\" cellpadding=\"0\">\n<tbody>\n<tr>\n<td style=\"width: 50%;\">Celkov\u00e1 d\u00e9lka:<\/td>\n<td style=\"width: 25%;\">20.8 cm<\/td>\n<\/tr>\n<tr>\n<td style=\"width: 50%;\">D\u00e9lka \u010depele:<\/td>\n<td style=\"width: 25%;\">8.6 cm<\/td>\n<\/tr>\n<tr>\n<td style=\"width: 50%;\">Tlou\u0161\u0165ka \u010depele:<\/td>\n<td style=\"width: 25%;\">2.8 mm<\/td>\n<\/tr>\n<tr>\n<td style=\"width: 50%;\">Hmotnost:<\/td>\n<td style=\"width: 25%;\">139 g<\/td>\n<\/tr>\n<tr>\n<td style=\"width: 50%;\">Materi\u00e1l \u010depele:<\/td>\n<td style=\"width: 25%;\"><a href=\"\/prehled-materialu\/440-a\">440A<\/a><\/td>\n<\/tr>\n<tr>\n<td style=\"width: 50%;\">Materi\u00e1l rukojeti:<\/td>\n<td style=\"width: 25%;\">Hlin\u00edk<\/td>\n<\/tr>\n<tr>\n<td style=\"width: 50%;\">Typ pojistky:<\/td>\n<td style=\"width: 25%;\">Linerlock<\/p>\n<p>&nbsp;<\/td>\n<\/tr>\n<\/tbody>\n<\/table>\n<p>&nbsp;<\/p>\n","protected":false},"excerpt":{"rendered":"<p><strong>Magnum Air Force Rescue Assisted 01LL473 je praktick\u00fd, funk\u010dn\u00ed a stylov\u00fd z\u00e1chran\u00e1\u0159sk\u00fd n\u016f\u017e. Nab\u00edz\u00ed spolehliv\u00e9 funkce pro krizov\u00e9 situace a atraktivn\u00ed design, kter\u00fd jej \u010din\u00ed ide\u00e1ln\u00ed volbou pro b\u011b\u017en\u00e9 u\u017eivatele i sb\u011bratele.<\/strong><\/p>\n","protected":false},"featured_media":363695,"comment_status":"closed","ping_status":"closed","template":"","meta":[],"pwb-brand":[140],"product_brand":[],"product_cat":[22,17],"product_tag":[],"class_list":{"0":"post-361293","1":"product","2":"type-product","3":"status-publish","4":"has-post-thumbnail","6":"pwb-brand-boker","7":"product_cat-zaviraci-noze","8":"product_cat-noze","10":"first","11":"outofstock","12":"taxable","13":"shipping-taxable","14":"purchasable","15":"product-type-simple"},"brands":[{"id":140,"name":"Boker","slug":"boker"}],"_links":{"self":[{"href":"https:\/\/www.moskito.cz\/fr\/wp-json\/wp\/v2\/product\/361293","targetHints":{"allow":["GET"]}}],"collection":[{"href":"https:\/\/www.moskito.cz\/fr\/wp-json\/wp\/v2\/product"}],"about":[{"href":"https:\/\/www.moskito.cz\/fr\/wp-json\/wp\/v2\/types\/product"}],"replies":[{"embeddable":true,"href":"https:\/\/www.moskito.cz\/fr\/wp-json\/wp\/v2\/comments?post=361293"}],"wp:featuredmedia":[{"embeddable":true,"href":"https:\/\/www.moskito.cz\/fr\/wp-json\/wp\/v2\/media\/363695"}],"wp:attachment":[{"href":"https:\/\/www.moskito.cz\/fr\/wp-json\/wp\/v2\/media?parent=361293"}],"wp:term":[{"taxonomy":"pwb-brand","embeddable":true,"href":"https:\/\/www.moskito.cz\/fr\/wp-json\/wp\/v2\/pwb-brand?post=361293"},{"taxonomy":"product_brand","embeddable":true,"href":"https:\/\/www.moskito.cz\/fr\/wp-json\/wp\/v2\/product_brand?post=361293"},{"taxonomy":"product_cat","embeddable":true,"href":"https:\/\/www.moskito.cz\/fr\/wp-json\/wp\/v2\/product_cat?post=361293"},{"taxonomy":"product_tag","embeddable":true,"href":"https:\/\/www.moskito.cz\/fr\/wp-json\/wp\/v2\/product_tag?post=361293"}],"curies":[{"name":"wp","href":"https:\/\/api.w.org\/{rel}","templated":true}]}}