{"id":361567,"date":"2024-09-26T13:05:14","date_gmt":"2024-09-26T12:05:14","guid":{"rendered":"https:\/\/www.moskito.cz\/produkt\/sada-na-manikuru-arbolito-set-classic\/"},"modified":"2025-05-07T11:25:31","modified_gmt":"2025-05-07T10:25:31","slug":"sada-na-manikuru-arbolito-set-classic","status":"publish","type":"product","link":"https:\/\/www.moskito.cz\/fr\/produkt\/sada-na-manikuru-arbolito-set-classic\/","title":{"rendered":"Sada na manik\u00faru Arbolito Set Classic"},"content":{"rendered":"<p><UL><\/p>\n<p><LI>sada obsahuje: n\u016f\u017eky, kle\u0161ti\u010dky na nehty, pinzetu, piln\u00edk a n\u00e1stroj pro \u00fapravu nehtov\u00e9 k\u016f\u017ei\u010dky<\/p>\n<p><LI>materi\u00e1l: nerezov\u00e1 ocel s matnou povrchovou \u00fapravou <\/p>\n<p><LI>materi\u00e1l pouzdra: hov\u011bz\u00ed k\u016f\u017ee <\/p>\n<p><LI>zav\u00edr\u00e1n\u00ed pomoc\u00ed poutka <\/p>\n<p><LI>decentn\u00ed logo na vnit\u0159n\u00ed stran\u011b<\/LI><br \/>\n<\/UL><\/p>\n","protected":false},"excerpt":{"rendered":"<p><P>Modern\u00ed \u010dlov\u011bk si zakl\u00e1d\u00e1 na upraven\u00e9m vzhledu a cen\u00ed si ho. K tomu pat\u0159\u00ed i pravideln\u00e1 manik\u00fara, kter\u00e9 lze dos\u00e1hnout pouze pomoc\u00ed prvot\u0159\u00eddn\u00edch kvalitn\u00edch n\u00e1stroj\u016f. Exkluzivn\u00ed manik\u00farn\u00ed sady zna\u010dky B\u00f6ker Arbolito spl\u0148uj\u00ed standard kvality a nab\u00edzej\u00ed spr\u00e1vn\u00e9 n\u00e1stroje pro zkr\u00e1cen\u00ed a tvarov\u00e1n\u00ed neht\u016f, odstra\u0148ov\u00e1n\u00ed p\u0159ebyte\u010dn\u00e9 nehtov\u00e9 k\u016f\u017ei\u010dky a \u010di\u0161t\u011bn\u00ed. P\u011btid\u00edln\u00e1 sada je ulo\u017eena v pouzd\u0159e z&nbsp;jemn\u00e9 hov\u011bz\u00ed k\u016f\u017ee, kter\u00e1 poskytuje kvalitn\u00edm n\u00e1stroj\u016fm dlouhotrvaj\u00edc\u00ed ochranu, i kdy\u017e jsou vystaveny opot\u0159eben\u00ed p\u0159i&nbsp;\u010dast\u00e9m cestov\u00e1n\u00ed. V\u0161echny n\u00e1stroje pro manik\u00faru jsou vyrobeny z nerezov\u00e9 oceli s elegantn\u00edm matn\u00fdm povrchem.<\/P><\/p>\n","protected":false},"featured_media":361568,"comment_status":"closed","ping_status":"closed","template":"","meta":[],"pwb-brand":[140],"product_brand":[],"product_cat":[33],"product_tag":[],"class_list":{"0":"post-361567","1":"product","2":"type-product","3":"status-publish","4":"has-post-thumbnail","6":"pwb-brand-boker","7":"product_cat-manikury","9":"first","10":"outofstock","11":"taxable","12":"shipping-taxable","13":"purchasable","14":"product-type-simple"},"brands":[{"id":140,"name":"Boker","slug":"boker"}],"_links":{"self":[{"href":"https:\/\/www.moskito.cz\/fr\/wp-json\/wp\/v2\/product\/361567","targetHints":{"allow":["GET"]}}],"collection":[{"href":"https:\/\/www.moskito.cz\/fr\/wp-json\/wp\/v2\/product"}],"about":[{"href":"https:\/\/www.moskito.cz\/fr\/wp-json\/wp\/v2\/types\/product"}],"replies":[{"embeddable":true,"href":"https:\/\/www.moskito.cz\/fr\/wp-json\/wp\/v2\/comments?post=361567"}],"wp:featuredmedia":[{"embeddable":true,"href":"https:\/\/www.moskito.cz\/fr\/wp-json\/wp\/v2\/media\/361568"}],"wp:attachment":[{"href":"https:\/\/www.moskito.cz\/fr\/wp-json\/wp\/v2\/media?parent=361567"}],"wp:term":[{"taxonomy":"pwb-brand","embeddable":true,"href":"https:\/\/www.moskito.cz\/fr\/wp-json\/wp\/v2\/pwb-brand?post=361567"},{"taxonomy":"product_brand","embeddable":true,"href":"https:\/\/www.moskito.cz\/fr\/wp-json\/wp\/v2\/product_brand?post=361567"},{"taxonomy":"product_cat","embeddable":true,"href":"https:\/\/www.moskito.cz\/fr\/wp-json\/wp\/v2\/product_cat?post=361567"},{"taxonomy":"product_tag","embeddable":true,"href":"https:\/\/www.moskito.cz\/fr\/wp-json\/wp\/v2\/product_tag?post=361567"}],"curies":[{"name":"wp","href":"https:\/\/api.w.org\/{rel}","templated":true}]}}