{"id":361640,"date":"2023-05-18T14:38:59","date_gmt":"2024-09-27T07:31:43","guid":{"rendered":"https:\/\/www.moskito.cz\/produkt\/couteau-de-fermeture-joker-terrier-nc17\/"},"modified":"2025-05-07T11:25:32","modified_gmt":"2025-05-07T10:25:32","slug":"couteau-de-fermeture-joker-terrier-nc17","status":"publish","type":"product","link":"https:\/\/www.moskito.cz\/fr\/produkt\/couteau-de-fermeture-joker-terrier-nc17\/","title":{"rendered":"Couteau de fermeture Joker TERRIER NC17"},"content":{"rendered":"<p>Couteau pliant <strong>Joker<\/strong> TERRIER NC17 Couteau de chasse <strong>Joker Terrier<\/strong> fabriqu\u00e9 enti\u00e8rement \u00e0 la main par Joker Cutlery \u00e0 Albacete, destin\u00e9 \u00e0 la chasse sportive, \u00e0 la p\u00eache, au camping, au bushcraft et \u00e0 toute activit\u00e9 de plein air. Acier : Acier inoxydable MOVA 1.4116 Duret\u00e9 : 55 &#8211; 57 HRC Manche : Bois de cerf Longueur de la lame : 9 cm Largeur de la lame : 2,45 cm \u00c9paisseur : 2,5 mm Poids du couteau : 155 grammes Longueur totale du couteau : 20,5 cm Con\u00e7u et fabriqu\u00e9 en Espagne ( Albacete )   &nbsp;<\/p>\n","protected":false},"excerpt":{"rendered":"<p>Les couteaux Joker proviennent de la ville espagnole d&rsquo;Albacete, connue pour la production traditionnelle de couteaux et de poignards.  <strong>Con\u00e7u et fabriqu\u00e9 en Espagne (Albacete)<\/strong><\/p>\n","protected":false},"featured_media":361642,"comment_status":"open","ping_status":"closed","template":"","meta":[],"pwb-brand":[3873],"product_brand":[],"product_cat":[3700,3696],"product_tag":[],"class_list":{"0":"post-361640","1":"product","2":"type-product","3":"status-publish","4":"has-post-thumbnail","6":"pwb-brand-joker-fr","7":"product_cat-couteaux-de-fermeture","8":"product_cat-des-couteaux","10":"first","11":"outofstock","12":"taxable","13":"shipping-taxable","14":"purchasable","15":"product-type-simple"},"brands":[{"id":3873,"name":"Joker","slug":"joker-fr"}],"_links":{"self":[{"href":"https:\/\/www.moskito.cz\/fr\/wp-json\/wp\/v2\/product\/361640","targetHints":{"allow":["GET"]}}],"collection":[{"href":"https:\/\/www.moskito.cz\/fr\/wp-json\/wp\/v2\/product"}],"about":[{"href":"https:\/\/www.moskito.cz\/fr\/wp-json\/wp\/v2\/types\/product"}],"replies":[{"embeddable":true,"href":"https:\/\/www.moskito.cz\/fr\/wp-json\/wp\/v2\/comments?post=361640"}],"wp:featuredmedia":[{"embeddable":true,"href":"https:\/\/www.moskito.cz\/fr\/wp-json\/wp\/v2\/media\/361642"}],"wp:attachment":[{"href":"https:\/\/www.moskito.cz\/fr\/wp-json\/wp\/v2\/media?parent=361640"}],"wp:term":[{"taxonomy":"pwb-brand","embeddable":true,"href":"https:\/\/www.moskito.cz\/fr\/wp-json\/wp\/v2\/pwb-brand?post=361640"},{"taxonomy":"product_brand","embeddable":true,"href":"https:\/\/www.moskito.cz\/fr\/wp-json\/wp\/v2\/product_brand?post=361640"},{"taxonomy":"product_cat","embeddable":true,"href":"https:\/\/www.moskito.cz\/fr\/wp-json\/wp\/v2\/product_cat?post=361640"},{"taxonomy":"product_tag","embeddable":true,"href":"https:\/\/www.moskito.cz\/fr\/wp-json\/wp\/v2\/product_tag?post=361640"}],"curies":[{"name":"wp","href":"https:\/\/api.w.org\/{rel}","templated":true}]}}