{"id":362119,"date":"2024-09-29T16:28:06","date_gmt":"2024-09-29T16:01:38","guid":{"rendered":"https:\/\/www.moskito.cz\/produkt\/couteau-de-tir-microtech-hera-ii-mini-stonewashed-1705m-10rd\/"},"modified":"2025-05-07T11:25:36","modified_gmt":"2025-05-07T10:25:36","slug":"couteau-de-tir-microtech-hera-ii-mini-stonewashed-1705m-10rd","status":"publish","type":"product","link":"https:\/\/www.moskito.cz\/fr\/produkt\/couteau-de-tir-microtech-hera-ii-mini-stonewashed-1705m-10rd\/","title":{"rendered":"Couteau de tir Microtech Hera II Mini Stonewashed 1705M-10RD"},"content":{"rendered":"<p>Couteau de tir <strong>Microtech<\/strong> Hera II Mini Stonewashed 1705M-10RD. <strong>Le Mini Hera<\/strong> est un captivant couteau automatique frontal \u00e0 double action qui s&rsquo;inspire du mod\u00e8le embl\u00e9matique Troodon. Avec un design de cadre rappelant celui de son pr\u00e9d\u00e9cesseur, <strong>le Mini Hera<\/strong> se d\u00e9marque par son esth\u00e9tique raffin\u00e9e et son ergonomie am\u00e9lior\u00e9e. Les extr\u00e9mit\u00e9s soigneusement con\u00e7ues offrent une meilleure adh\u00e9rence et augmentent \u00e0 la fois la praticit\u00e9 et l&rsquo;attrait visuel. Comme son pr\u00e9d\u00e9cesseur, le Mini Hera dispose d&rsquo;une poign\u00e9e d\u00e9cor\u00e9e de gravures profondes et complexes qui pr\u00e9sentent un dos sans mat\u00e9riel, \u00e0 l&rsquo;exception d&rsquo;une vis discr\u00e8te situ\u00e9e pr\u00e8s de l&rsquo;extr\u00e9mit\u00e9 arri\u00e8re, pr\u00e8s du clip de poche ambidextre pour plus de commodit\u00e9 pour les gauchers. Cette attention aux d\u00e9tails ajoute une touche artistique au design fonctionnel et garantit une exp\u00e9rience tactile in\u00e9gal\u00e9e. Ce chef-d&rsquo;\u0153uvre miniature allie sans effort sophistication et fonctionnalit\u00e9, consolidant ainsi sa position comme l&rsquo;un des principaux couteaux automatiques OTF polyvalents sur un march\u00e9 hautement concurrentiel qui est souvent oppos\u00e9 aux autres OTF <strong>Microtech<\/strong> . Con\u00e7u pour la pr\u00e9paration au combat, mais suffisamment fin pour \u00eatre port\u00e9 au quotidien, le Mini Hera offre l&rsquo;\u00e9quilibre parfait entre style et praticit\u00e9. L&rsquo;ing\u00e9nierie de pr\u00e9cision et les d\u00e9tails artistiques convergent dans ce couteau, ce qui en fait un choix exceptionnel pour ceux qui recherchent une fusion de forme et de fonction dans leurs outils quotidiens. Sp\u00e9cifications : Longueur de la lame : 7,5 cm Longueur ferm\u00e9e : 10 cm Longueur totale : 17,5 cm Acier de la lame : acier inoxydable Bohler M390MK Style de lame : lame classique Mouture : plate Finition de la lame : Stonewash Mat\u00e9riau de la poign\u00e9e : aluminium a\u00e9ronautique grav\u00e9 en profondeur rouge M\u00e9canisme de verrouillage : clip de poche coulissant pour le pouce : Titane (pliage, usure droite\/gauche) Poids : 2.01 oz Cr\u00e9ateurs : Tony et Sean Marfione Fabriqu\u00e9 aux USA https:\/\/youtu.be\/xE9TeOFYEjg  &nbsp;<\/p>\n","protected":false},"excerpt":{"rendered":"<p><strong>Au fil des ann\u00e9es, Microtech\u00ae Knives a rempli les couteaux de passion et de savoir-faire pour cr\u00e9er presque des \u0153uvres d&rsquo;art qui sont le summum de la fonctionnalit\u00e9. Toutes les pi\u00e8ces sont fabriqu\u00e9es aux \u00c9tats-Unis.<\/strong><br \/>\n<strong>Tous les couteaux Microtech sont garantis \u00e0 vie.<\/strong><\/p>\n<p><strong>Transports gratuits.<\/strong><\/p>\n","protected":false},"featured_media":362068,"comment_status":"open","ping_status":"closed","template":"","meta":[],"pwb-brand":[3751],"product_brand":[],"product_cat":[3699,3696],"product_tag":[],"class_list":{"0":"post-362119","1":"product","2":"type-product","3":"status-publish","4":"has-post-thumbnail","6":"pwb-brand-microtechnologie","7":"product_cat-couteaux-de-tir","8":"product_cat-des-couteaux","10":"first","11":"instock","12":"taxable","13":"shipping-taxable","14":"purchasable","15":"product-type-simple"},"brands":[{"id":3751,"name":"Microtechnologie","slug":"microtechnologie"}],"_links":{"self":[{"href":"https:\/\/www.moskito.cz\/fr\/wp-json\/wp\/v2\/product\/362119","targetHints":{"allow":["GET"]}}],"collection":[{"href":"https:\/\/www.moskito.cz\/fr\/wp-json\/wp\/v2\/product"}],"about":[{"href":"https:\/\/www.moskito.cz\/fr\/wp-json\/wp\/v2\/types\/product"}],"replies":[{"embeddable":true,"href":"https:\/\/www.moskito.cz\/fr\/wp-json\/wp\/v2\/comments?post=362119"}],"wp:featuredmedia":[{"embeddable":true,"href":"https:\/\/www.moskito.cz\/fr\/wp-json\/wp\/v2\/media\/362068"}],"wp:attachment":[{"href":"https:\/\/www.moskito.cz\/fr\/wp-json\/wp\/v2\/media?parent=362119"}],"wp:term":[{"taxonomy":"pwb-brand","embeddable":true,"href":"https:\/\/www.moskito.cz\/fr\/wp-json\/wp\/v2\/pwb-brand?post=362119"},{"taxonomy":"product_brand","embeddable":true,"href":"https:\/\/www.moskito.cz\/fr\/wp-json\/wp\/v2\/product_brand?post=362119"},{"taxonomy":"product_cat","embeddable":true,"href":"https:\/\/www.moskito.cz\/fr\/wp-json\/wp\/v2\/product_cat?post=362119"},{"taxonomy":"product_tag","embeddable":true,"href":"https:\/\/www.moskito.cz\/fr\/wp-json\/wp\/v2\/product_tag?post=362119"}],"curies":[{"name":"wp","href":"https:\/\/api.w.org\/{rel}","templated":true}]}}