{"id":362882,"date":"2024-10-10T20:58:28","date_gmt":"2024-10-10T19:58:28","guid":{"rendered":"https:\/\/www.moskito.cz\/?post_type=product&#038;p=362882"},"modified":"2025-05-07T11:25:42","modified_gmt":"2025-05-07T10:25:42","slug":"zaviraci-nuz-emerson-com-seven","status":"publish","type":"product","link":"https:\/\/www.moskito.cz\/fr\/produkt\/zaviraci-nuz-emerson-com-seven\/","title":{"rendered":"Zav\u00edrac\u00ed N\u016f\u017e Emerson Com-Seven"},"content":{"rendered":"<p>Zav\u00edrac\u00ed N\u016f\u017e <strong>Emerson<\/strong> Com-Seven.<\/p>\n<p>P\u0159edstavujeme nov\u00fd model <strong>Emerson Knives<\/strong>, kter\u00fd kombinuje ikonickou rukoje\u0165 CQC-7 s v\u00fdkonnou \u010depel\u00ed ve tvaru Commander. Tento n\u016f\u017e nab\u00edz\u00ed to nejlep\u0161\u00ed z obou sv\u011bt\u016f: ergonomick\u00fd, bezpe\u010dn\u00fd \u00fachop CQC-7 a robustn\u00ed, v\u0161estrann\u00fd design \u010depele Commander. Tento n\u016f\u017e, ide\u00e1ln\u00ed pro taktick\u00e9 pou\u017eit\u00ed a ka\u017edodenn\u00ed no\u0161en\u00ed, je p\u0159\u00edkladem z\u00e1vazku spole\u010dnosti Emerson k p\u0159esnosti, odolnosti a vynikaj\u00edc\u00edmu v\u00fdkonu. A\u0165 u\u017e jste sb\u011bratel nebo profesion\u00e1l, tento hybridn\u00ed model je zkonstruov\u00e1n tak, aby splnil va\u0161e nejn\u00e1ro\u010dn\u011bj\u0161\u00ed v\u00fdzvy s bezkonkuren\u010dn\u00ed spolehlivost\u00ed. \u010cepel Com Seven je vyrobena z oceli Magnacut, kter\u00e1 nab\u00edz\u00ed v\u00fdjime\u010dn\u00e9 zachov\u00e1n\u00ed ost\u0159\u00ed, zv\u00fd\u0161enou odolnost proti korozi a p\u016fsobivou hou\u017eevnatost.<\/p>\n<p>Rukoje\u0165: G-10<br \/>\n\u010cepel: Magnacut<br \/>\nDokon\u010dien\u00ed: Stonewashed<br \/>\nCelkov\u00e1 d\u00e9lka: 20 cm<br \/>\nD\u00e9lka \u010depele: 8.25 cm<br \/>\nTlou\u0161\u0165ka \u010depele: 0.31 cm<br \/>\nTvrdost RC 62-64<\/p>\n<p><iframe title=\"The Father of all Modern Tactical Knives, the Emerson Knives CQC-7.\" width=\"800\" height=\"450\" src=\"https:\/\/www.youtube.com\/embed\/5Mbh4P7vwRs?feature=oembed\" frameborder=\"0\" allow=\"accelerometer; autoplay; clipboard-write; encrypted-media; gyroscope; picture-in-picture; web-share\" referrerpolicy=\"strict-origin-when-cross-origin\" allowfullscreen><\/iframe><\/p>\n<p>&nbsp;<\/p>\n<p>&nbsp;<\/p>\n","protected":false},"excerpt":{"rendered":"<p><strong>P\u0159edstavujeme nov\u00fd model Emerson Knives, kter\u00fd kombinuje ikonickou rukoje\u0165 CQC-7 s v\u00fdkonnou \u010depel\u00ed ve tvaru Commander.<\/strong><\/p>\n<p><strong>Doprava zdarma.<\/strong><\/p>\n","protected":false},"featured_media":362883,"comment_status":"open","ping_status":"closed","template":"","meta":[],"pwb-brand":[248],"product_brand":[],"product_cat":[22,17],"product_tag":[],"class_list":{"0":"post-362882","1":"product","2":"type-product","3":"status-publish","4":"has-post-thumbnail","6":"pwb-brand-emerson","7":"product_cat-zaviraci-noze","8":"product_cat-noze","10":"first","11":"outofstock","12":"taxable","13":"shipping-taxable","14":"purchasable","15":"product-type-simple"},"brands":[{"id":248,"name":"Emerson","slug":"emerson"}],"_links":{"self":[{"href":"https:\/\/www.moskito.cz\/fr\/wp-json\/wp\/v2\/product\/362882","targetHints":{"allow":["GET"]}}],"collection":[{"href":"https:\/\/www.moskito.cz\/fr\/wp-json\/wp\/v2\/product"}],"about":[{"href":"https:\/\/www.moskito.cz\/fr\/wp-json\/wp\/v2\/types\/product"}],"replies":[{"embeddable":true,"href":"https:\/\/www.moskito.cz\/fr\/wp-json\/wp\/v2\/comments?post=362882"}],"wp:featuredmedia":[{"embeddable":true,"href":"https:\/\/www.moskito.cz\/fr\/wp-json\/wp\/v2\/media\/362883"}],"wp:attachment":[{"href":"https:\/\/www.moskito.cz\/fr\/wp-json\/wp\/v2\/media?parent=362882"}],"wp:term":[{"taxonomy":"pwb-brand","embeddable":true,"href":"https:\/\/www.moskito.cz\/fr\/wp-json\/wp\/v2\/pwb-brand?post=362882"},{"taxonomy":"product_brand","embeddable":true,"href":"https:\/\/www.moskito.cz\/fr\/wp-json\/wp\/v2\/product_brand?post=362882"},{"taxonomy":"product_cat","embeddable":true,"href":"https:\/\/www.moskito.cz\/fr\/wp-json\/wp\/v2\/product_cat?post=362882"},{"taxonomy":"product_tag","embeddable":true,"href":"https:\/\/www.moskito.cz\/fr\/wp-json\/wp\/v2\/product_tag?post=362882"}],"curies":[{"name":"wp","href":"https:\/\/api.w.org\/{rel}","templated":true}]}}