{"id":363878,"date":"2024-10-17T17:39:23","date_gmt":"2024-10-17T16:39:23","guid":{"rendered":"https:\/\/www.moskito.cz\/?post_type=product&#038;p=363878"},"modified":"2025-05-07T11:25:45","modified_gmt":"2025-05-07T10:25:45","slug":"vystrelovaci-nuz-microtech-30th-anniversary-hera-ii-mini-stonewashed-1703m-10ta30","status":"publish","type":"product","link":"https:\/\/www.moskito.cz\/fr\/produkt\/vystrelovaci-nuz-microtech-30th-anniversary-hera-ii-mini-stonewashed-1703m-10ta30\/","title":{"rendered":"Vyst\u0159elovac\u00ed N\u016f\u017e Microtech 30th Anniversary Hera II Mini Stonewashed 1703M-10TA30"},"content":{"rendered":"<p>Vyst\u0159elovac\u00ed N\u016f\u017e <strong>Microtech<\/strong> 30th Anniversary Hera II Mini Stonewashed 1703M-10TA30.<\/p>\n<p><strong>Mini Hera<\/strong> je podmaniv\u00fd dvou\u010dinn\u00fd p\u0159edn\u00ed automatick\u00fd n\u016f\u017e , kter\u00fd \u010derp\u00e1 inspiraci z ikonick\u00e9ho modelu Troodon. Mini Hera s designem r\u00e1mu p\u0159ipom\u00ednaj\u00edc\u00edm sv\u00e9ho p\u0159edch\u016fdce vynik\u00e1 vyt\u0159\u00edbenou estetikou a vylep\u0161enou ergonomi\u00ed. Pe\u010dliv\u011b vytvo\u0159en\u00e9 z\u00e1platy na konc\u00edch nab\u00edzej\u00ed lep\u0161\u00ed p\u0159ilnavost a zvy\u0161uj\u00ed jak prakti\u010dnost, tak vizu\u00e1ln\u00ed p\u0159ita\u017elivost.<\/p>\n<p>Stejn\u011b jako jeho p\u0159edch\u016fdce, Mini Hera se m\u016f\u017ee pochlubit rukojet\u00ed zdobenou slo\u017eit\u00fdmi hlubok\u00fdmi rytinami, kter\u00e9 p\u0159edstavuj\u00ed zadn\u00ed stranu bez hardwaru s v\u00fdjimkou diskr\u00e9tn\u00edho \u0161roubu um\u00edst\u011bn\u00e9ho bl\u00edzko zadn\u00edho konce, v bl\u00edzkosti oboustrann\u00e9 kapesn\u00ed spony pro pohodl\u00ed pro lev\u00e1ky. Tato pozornost k detailu dod\u00e1v\u00e1 funk\u010dn\u00edmu designu um\u011bleck\u00fd n\u00e1dech a zaji\u0161\u0165uje bezkonkuren\u010dn\u00ed hmatov\u00fd z\u00e1\u017eitek.<\/p>\n<p>Toto miniaturn\u00ed mistrovsk\u00e9 d\u00edlo bez n\u00e1mahy kombinuje sofistikovanost s funk\u010dnost\u00ed a upev\u0148uje svou pozici jednoho z p\u0159edn\u00edch v\u0161estrann\u00fdch automatick\u00fdch no\u017e\u016f OTF na siln\u011b konkuren\u010dn\u00edm trhu, kter\u00fd je \u010dasto konfrontov\u00e1n s ostatn\u00edmi OTF Microtech . Mini Hera, p\u0159izp\u016fsoben\u00e1 pro bojovou p\u0159ipravenost, a p\u0159itom dostate\u010dn\u011b \u0161t\u00edhl\u00e1 pro ka\u017edodenn\u00ed no\u0161en\u00ed, nab\u00edz\u00ed dokonalou rovnov\u00e1hu mezi stylem a prakti\u010dnost\u00ed. Precizn\u00ed in\u017een\u00fdrstv\u00ed a um\u011bleck\u00e9 detaily se v tomto no\u017ei sb\u00edhaj\u00ed, co\u017e z n\u011bj \u010din\u00ed v\u00fdzna\u010dnou volbu pro ty, kte\u0159\u00ed hledaj\u00ed spojen\u00ed formy a funkce ve sv\u00fdch ka\u017edodenn\u00edch n\u00e1stroj\u00edch.<\/p>\n<p>Tato limitovan\u00e1 edice modelu hrd\u011b zobrazuje logo 30. v\u00fdro\u010d\u00ed spole\u010dnosti <strong>Microtech<\/strong> , kter\u00e9 oslavuje t\u0159i desetilet\u00ed dokonalosti v no\u017e\u00ed\u0159sk\u00e9m pr\u016fmyslu.<\/p>\n<p>Specifikace:<br \/>\nD\u00e9lka \u010depele: 7.5 cm<br \/>\nD\u00e9lka v zav\u0159en\u00e9m stavu: 10 cm<br \/>\nCelkov\u00e1 d\u00e9lka: 17.5 cm<br \/>\nOcel \u010depele: Nerezov\u00e1 ocel Bohler M390MK<br \/>\nStyl \u010depele: Drop Point<br \/>\nBrou\u0161en\u00ed \u010depele: Ploch\u00e9<br \/>\nPovrchov\u00e1 \u00faprava \u010depele: Stonewash<br \/>\nMateri\u00e1l rukojeti: Tan Deep Engraved Aircraft Aluminum<br \/>\nUzamykac\u00ed mechanismus: Thumb Slide<br \/>\nKapesn\u00ed spona: Titan (skl\u00e1p\u011bc\u00ed, prav\u00e9\/lev\u00e9 no\u0161en\u00ed)<br \/>\nHmotnost: 2,01 unce<br \/>\nDesign\u00e9\u0159i: Tony a Sean Marfione<br \/>\nVyrobeno v USA<\/p>\n<p><iframe title=\"Microtech Combat Troodon Torture Test\" width=\"800\" height=\"450\" src=\"https:\/\/www.youtube.com\/embed\/xE9TeOFYEjg?feature=oembed\" frameborder=\"0\" allow=\"accelerometer; autoplay; clipboard-write; encrypted-media; gyroscope; picture-in-picture; web-share\" referrerpolicy=\"strict-origin-when-cross-origin\" allowfullscreen><\/iframe><\/p>\n<p>&nbsp;<\/p>\n","protected":false},"excerpt":{"rendered":"<p><strong>Tato limitovan\u00e1 edice modelu hrd\u011b zobrazuje logo 30. v\u00fdro\u010d\u00ed spole\u010dnosti Microtech , kter\u00e9 oslavuje t\u0159i desetilet\u00ed dokonalosti v no\u017e\u00ed\u0159sk\u00e9m pr\u016fmyslu.<\/strong><\/p>\n<p><strong>Doprava zdarma.<\/strong><\/p>\n","protected":false},"featured_media":363879,"comment_status":"open","ping_status":"closed","template":"","meta":[],"pwb-brand":[431],"product_brand":[],"product_cat":[2019,17],"product_tag":[],"class_list":{"0":"post-363878","1":"product","2":"type-product","3":"status-publish","4":"has-post-thumbnail","6":"pwb-brand-microtech","7":"product_cat-vystrelovaci-noze","8":"product_cat-noze","10":"first","11":"outofstock","12":"taxable","13":"shipping-taxable","14":"purchasable","15":"product-type-simple"},"brands":[{"id":431,"name":"Microtech","slug":"microtech"}],"_links":{"self":[{"href":"https:\/\/www.moskito.cz\/fr\/wp-json\/wp\/v2\/product\/363878","targetHints":{"allow":["GET"]}}],"collection":[{"href":"https:\/\/www.moskito.cz\/fr\/wp-json\/wp\/v2\/product"}],"about":[{"href":"https:\/\/www.moskito.cz\/fr\/wp-json\/wp\/v2\/types\/product"}],"replies":[{"embeddable":true,"href":"https:\/\/www.moskito.cz\/fr\/wp-json\/wp\/v2\/comments?post=363878"}],"wp:featuredmedia":[{"embeddable":true,"href":"https:\/\/www.moskito.cz\/fr\/wp-json\/wp\/v2\/media\/363879"}],"wp:attachment":[{"href":"https:\/\/www.moskito.cz\/fr\/wp-json\/wp\/v2\/media?parent=363878"}],"wp:term":[{"taxonomy":"pwb-brand","embeddable":true,"href":"https:\/\/www.moskito.cz\/fr\/wp-json\/wp\/v2\/pwb-brand?post=363878"},{"taxonomy":"product_brand","embeddable":true,"href":"https:\/\/www.moskito.cz\/fr\/wp-json\/wp\/v2\/product_brand?post=363878"},{"taxonomy":"product_cat","embeddable":true,"href":"https:\/\/www.moskito.cz\/fr\/wp-json\/wp\/v2\/product_cat?post=363878"},{"taxonomy":"product_tag","embeddable":true,"href":"https:\/\/www.moskito.cz\/fr\/wp-json\/wp\/v2\/product_tag?post=363878"}],"curies":[{"name":"wp","href":"https:\/\/api.w.org\/{rel}","templated":true}]}}