{"id":365147,"date":"2024-10-22T17:03:47","date_gmt":"2024-10-22T16:51:14","guid":{"rendered":"https:\/\/www.moskito.cz\/produkt\/couteau-de-tir-microtech-cypher-ii-stonewashed-1242-10\/"},"modified":"2025-05-07T11:25:48","modified_gmt":"2025-05-07T10:25:48","slug":"couteau-de-tir-microtech-cypher-ii-stonewashed-1242-10","status":"publish","type":"product","link":"https:\/\/www.moskito.cz\/fr\/produkt\/couteau-de-tir-microtech-cypher-ii-stonewashed-1242-10\/","title":{"rendered":"Couteau de tir Microtech Cypher II Stonewashed 1242-10"},"content":{"rendered":"<p>Couteau de tir <strong>Microtech<\/strong> Cypher II Stonewashed 1242-10.<\/p>\n<p><strong>Le Cypher<\/strong> a \u00e9t\u00e9 am\u00e9lior\u00e9, soigneusement repens\u00e9 pour une nouvelle \u00e8re de couteaux modernes. La transmission bicarburant innovante assure un contr\u00f4le sans effort et offre une conduite plus douce que jamais. Des d\u00e9tails bien pens\u00e9s am\u00e9liorent \u00e0 la fois l\u2019esth\u00e9tique et la fonctionnalit\u00e9. Des liser\u00e9s \u00e9l\u00e9gants sur le ch\u00e2ssis apportent une touche de sophistication et une meilleure adh\u00e9rence. Le clip de poche 6AL4V avec but\u00e9e en c\u00e9ramique garantit des options de transport s\u00fbres et confortables. Le corps sans vis, le brise-verre int\u00e9gr\u00e9 et le design actualis\u00e9 de la poche \u00e0 boutons ajoutent \u00e0 l&rsquo;aspect \u00e9pur\u00e9 et \u00e0 la praticit\u00e9 accrue.<\/p>\n<p>Caract\u00e9ristiques:<br \/>\n Longueur totale : 21,6 cm<br \/>\n Longueur ferm\u00e9 : 12,6 cm<br \/>\n Longueur de la lame : 90 cm<br \/>\n Traitement de surface de la lame : Stonewashed<br \/>\n Style de bordure&nbsp;:&nbsp;Unie<br \/>\n Mat\u00e9riau du manche : aluminium noir<br \/>\n Clip de poche&nbsp;:<br \/>\n Fabricant R\u00e9f. #&nbsp;:&nbsp;1242-10<br \/>\n Pays d&rsquo;origine : USA https:\/\/youtu.be\/xE9TeOFYEjg <\/p>\n<p>&nbsp;<\/p>\n","protected":false},"excerpt":{"rendered":"<p><strong>Au fil des ann\u00e9es, Microtech\u00ae Knives a rempli les couteaux de passion et de savoir-faire pour cr\u00e9er presque des \u0153uvres d&rsquo;art qui sont le summum de la fonctionnalit\u00e9. Toutes les pi\u00e8ces sont fabriqu\u00e9es aux \u00c9tats-Unis.<\/strong><br \/>\n<strong>Tous les couteaux Microtech sont garantis \u00e0 vie.<\/strong><\/p>\n<p><strong>Transports gratuits.<\/strong><\/p>\n","protected":false},"featured_media":365104,"comment_status":"open","ping_status":"closed","template":"","meta":[],"pwb-brand":[3751],"product_brand":[],"product_cat":[3699,3696],"product_tag":[],"class_list":{"0":"post-365147","1":"product","2":"type-product","3":"status-publish","4":"has-post-thumbnail","6":"pwb-brand-microtechnologie","7":"product_cat-couteaux-de-tir","8":"product_cat-des-couteaux","10":"first","11":"outofstock","12":"taxable","13":"shipping-taxable","14":"purchasable","15":"product-type-simple"},"brands":[{"id":3751,"name":"Microtechnologie","slug":"microtechnologie"}],"_links":{"self":[{"href":"https:\/\/www.moskito.cz\/fr\/wp-json\/wp\/v2\/product\/365147","targetHints":{"allow":["GET"]}}],"collection":[{"href":"https:\/\/www.moskito.cz\/fr\/wp-json\/wp\/v2\/product"}],"about":[{"href":"https:\/\/www.moskito.cz\/fr\/wp-json\/wp\/v2\/types\/product"}],"replies":[{"embeddable":true,"href":"https:\/\/www.moskito.cz\/fr\/wp-json\/wp\/v2\/comments?post=365147"}],"wp:featuredmedia":[{"embeddable":true,"href":"https:\/\/www.moskito.cz\/fr\/wp-json\/wp\/v2\/media\/365104"}],"wp:attachment":[{"href":"https:\/\/www.moskito.cz\/fr\/wp-json\/wp\/v2\/media?parent=365147"}],"wp:term":[{"taxonomy":"pwb-brand","embeddable":true,"href":"https:\/\/www.moskito.cz\/fr\/wp-json\/wp\/v2\/pwb-brand?post=365147"},{"taxonomy":"product_brand","embeddable":true,"href":"https:\/\/www.moskito.cz\/fr\/wp-json\/wp\/v2\/product_brand?post=365147"},{"taxonomy":"product_cat","embeddable":true,"href":"https:\/\/www.moskito.cz\/fr\/wp-json\/wp\/v2\/product_cat?post=365147"},{"taxonomy":"product_tag","embeddable":true,"href":"https:\/\/www.moskito.cz\/fr\/wp-json\/wp\/v2\/product_tag?post=365147"}],"curies":[{"name":"wp","href":"https:\/\/api.w.org\/{rel}","templated":true}]}}