{"id":365234,"date":"2024-10-22T18:22:46","date_gmt":"2024-10-22T17:24:01","guid":{"rendered":"https:\/\/www.moskito.cz\/produkt\/couteau-de-tir-microtech-ultratech-navy-stonewash-122-10na\/"},"modified":"2025-05-07T11:25:50","modified_gmt":"2025-05-07T10:25:50","slug":"couteau-de-tir-microtech-ultratech-navy-stonewash-122-10na","status":"publish","type":"product","link":"https:\/\/www.moskito.cz\/fr\/produkt\/couteau-de-tir-microtech-ultratech-navy-stonewash-122-10na\/","title":{"rendered":"Couteau de tir Microtech Ultratech Navy Stonewash 122-10NA"},"content":{"rendered":"<p>Couteau de tir <strong>Microtech<\/strong> Ultratech Navy Stonewash 122-10NA. Pr\u00e9sentation <strong>du Microtech Ultratech<\/strong> , un couteau automatique OTF (avant) pionnier qui a \u00e9tabli la norme en mati\u00e8re de fonctionnement fluide et fiable. Avec une longueur totale de 8,5 pouces, ce couteau exceptionnel est con\u00e7u pour d\u00e9passer vos attentes. L&rsquo;Ultratech est dot\u00e9 d&rsquo;une impressionnante lame de poignard de 3,4 pouces avec une finition Stonewash. La lame est fabriqu\u00e9e en acier de haute qualit\u00e9 (l&rsquo;acier peut varier) et offre des performances de coupe et une durabilit\u00e9 exceptionnelles. Que vous vous attaquiez \u00e0 des t\u00e2ches quotidiennes ou \u00e0 des besoins de coupe plus exigeants, Ultratech est \u00e0 la hauteur du d\u00e9fi. La poign\u00e9e Ultratech de 5 pouces est fabriqu\u00e9e en aluminium 6061-T6 anodis\u00e9 noir et offre une prise en main confortable et ergonomique. Le clip de poche microbill\u00e9 permet un port confortable vers le bas, par les gauchers ou les droitiers pour un acc\u00e8s facile. La poign\u00e9e est \u00e9galement dot\u00e9e d&rsquo;un brise-verre et d&rsquo;une quincaillerie en acier inoxydable pour plus de fonctionnalit\u00e9 et de durabilit\u00e9. <strong>L&rsquo;Ultratech<\/strong> est dot\u00e9 d&rsquo;une glissi\u00e8re de pouce \u00e0 double action et offre un d\u00e9ploiement et une r\u00e9traction automatiques ultra-rapides. Le m\u00e9canisme OTF offre des performances fluides, ce qui en fait un outil fiable dans les situations critiques. Son design fin en fait le couteau de transport id\u00e9al au quotidien qui se glisse sans effort dans votre poche ou votre \u00e9quipement. Pesant seulement 3,6 onces, l&rsquo;Ultratech offre l&rsquo;\u00e9quilibre parfait entre robustesse et portabilit\u00e9. Assembl\u00e9 aux \u00c9tats-Unis avec une attention m\u00e9ticuleuse aux d\u00e9tails, ce couteau d\u00e9montre l&rsquo;engagement de Microtech envers un savoir-faire et une qualit\u00e9 exceptionnels. D\u00e9couvrez l&rsquo;excellence <strong>de Microtech Ultratech<\/strong> , le pionnier des couteaux automatiques OTF. Avec sa conception exceptionnelle, ses performances impeccables et sa construction robuste, Ultratech place la barre haute en mati\u00e8re de fiabilit\u00e9 et de fonctionnalit\u00e9. Que vous soyez collectionneur, amateur ou professionnel, Ultratech est le meilleur choix pour vos besoins de transport quotidiens.<\/p>\n<p><strong>Le Microtech Ultratech<\/strong> est le tout premier couteau automatique OTF (de face) fabriqu\u00e9 par Microtech Knives. La bo\u00eete automatique \u00e0 double action qui a tout d\u00e9clench\u00e9 est la commande frontale la plus fluide que vous puissiez trouver. Il est dot\u00e9 d&rsquo;une lame de 3,4&Prime;. L&rsquo;Ultratech est dot\u00e9 d&rsquo;un manche contour en aluminium 6061-T6 anodis\u00e9 de 5&Prime; avec un clip de poche, un bris de verre et du mat\u00e9riel en acier inoxydable. Un interrupteur coulissant \u00e0 double action permet un d\u00e9pliage et un retrait automatiques rapides lorsque vous en avez besoin. Le design fin du couteau Ultra en fait le couteau EDC parfait. Longueur totale : 21 cm<br \/>\n Lame : 8,65 cm M390, Dague, Stonewash<br \/>\n Poign\u00e9e&nbsp;: 5&Prime; en aluminium 6061-T6, bleu marine<br \/>\n Poids : 3,6 onces<br \/>\n Clip de poche&nbsp;: pointe vers le bas, usure gauche\/droite<br \/>\n Ouvreur&nbsp;: curseur de pouce<br \/>\n Type&nbsp;: OTF (avant) automatique, double action<br \/>\n Fabriqu\u00e9 aux \u00c9tats-Unis<br \/>\n Mod\u00e8le : 122-10NA https:\/\/youtu.be\/xE9TeOFYEjg   <\/p>\n<p>&nbsp;<\/p>\n<p>&nbsp;<\/p>\n","protected":false},"excerpt":{"rendered":"<p><strong>Au fil des ann\u00e9es, Microtech\u00ae Knives a rempli les couteaux de passion et de savoir-faire pour cr\u00e9er presque des \u0153uvres d&rsquo;art qui sont le summum de la fonctionnalit\u00e9. Toutes les pi\u00e8ces sont fabriqu\u00e9es aux \u00c9tats-Unis.<\/strong><br \/>\n<strong>Tous les couteaux Microtech sont garantis \u00e0 vie.<\/strong><\/p>\n<p><strong>Transports gratuits.<\/strong><\/p>\n","protected":false},"featured_media":365209,"comment_status":"open","ping_status":"closed","template":"","meta":[],"pwb-brand":[3751],"product_brand":[],"product_cat":[3699,3696],"product_tag":[],"class_list":{"0":"post-365234","1":"product","2":"type-product","3":"status-publish","4":"has-post-thumbnail","6":"pwb-brand-microtechnologie","7":"product_cat-couteaux-de-tir","8":"product_cat-des-couteaux","10":"first","11":"outofstock","12":"taxable","13":"shipping-taxable","14":"purchasable","15":"product-type-simple"},"brands":[{"id":3751,"name":"Microtechnologie","slug":"microtechnologie"}],"_links":{"self":[{"href":"https:\/\/www.moskito.cz\/fr\/wp-json\/wp\/v2\/product\/365234","targetHints":{"allow":["GET"]}}],"collection":[{"href":"https:\/\/www.moskito.cz\/fr\/wp-json\/wp\/v2\/product"}],"about":[{"href":"https:\/\/www.moskito.cz\/fr\/wp-json\/wp\/v2\/types\/product"}],"replies":[{"embeddable":true,"href":"https:\/\/www.moskito.cz\/fr\/wp-json\/wp\/v2\/comments?post=365234"}],"wp:featuredmedia":[{"embeddable":true,"href":"https:\/\/www.moskito.cz\/fr\/wp-json\/wp\/v2\/media\/365209"}],"wp:attachment":[{"href":"https:\/\/www.moskito.cz\/fr\/wp-json\/wp\/v2\/media?parent=365234"}],"wp:term":[{"taxonomy":"pwb-brand","embeddable":true,"href":"https:\/\/www.moskito.cz\/fr\/wp-json\/wp\/v2\/pwb-brand?post=365234"},{"taxonomy":"product_brand","embeddable":true,"href":"https:\/\/www.moskito.cz\/fr\/wp-json\/wp\/v2\/product_brand?post=365234"},{"taxonomy":"product_cat","embeddable":true,"href":"https:\/\/www.moskito.cz\/fr\/wp-json\/wp\/v2\/product_cat?post=365234"},{"taxonomy":"product_tag","embeddable":true,"href":"https:\/\/www.moskito.cz\/fr\/wp-json\/wp\/v2\/product_tag?post=365234"}],"curies":[{"name":"wp","href":"https:\/\/api.w.org\/{rel}","templated":true}]}}