{"id":365246,"date":"2022-10-02T18:09:11","date_gmt":"2024-10-22T17:42:28","guid":{"rendered":"https:\/\/www.moskito.cz\/produkt\/couteau-de-tir-microtech-ultratech-orange-tanto-satin-lame-123-4-or\/"},"modified":"2025-05-07T11:25:51","modified_gmt":"2025-05-07T10:25:51","slug":"couteau-de-tir-microtech-ultratech-orange-tanto-satin-lame-123-4-or","status":"publish","type":"product","link":"https:\/\/www.moskito.cz\/fr\/produkt\/couteau-de-tir-microtech-ultratech-orange-tanto-satin-lame-123-4-or\/","title":{"rendered":"Couteau de Tir Microtech Ultratech ORANGE TANTO SATIN LAME 123-4 OR"},"content":{"rendered":"<p>Couteau de tir <strong>Microtech<\/strong> Ultratech LAME SATIN\u00c9E ORANGE TANTO 123-4 OR. Le populaire Ultratech de Microtech est un couteau automatique frontal qui offre une double puissance et vitesse gr\u00e2ce \u00e0 un bouton coulissant sur le c\u00f4t\u00e9 droit du couteau. Les actions frontales sur ces Ultratechs sont exceptionnelles en termes de qualit\u00e9 et de conception. Nous pensons que la gamme Ultratech repr\u00e9sente le meilleur de l&rsquo;OTF. Cet Ultratech est dot\u00e9 d&rsquo;une lame de style ba\u00efonnette avec un double tranchant : le bord sup\u00e9rieur mesure environ les 2\/3 de la longueur de la lame. La lame satin\u00e9e est en acier inoxydable ELMAX. La poign\u00e9e en aluminium 6061-T6 anodis\u00e9 bleu est dot\u00e9e d&rsquo;un clip de poche, d&rsquo;un bris de verre et d&rsquo;une quincaillerie en acier inoxydable. Ce mod\u00e8le comporte des vis \u00e0 trois ailes sur\u00e9lev\u00e9es sur la poign\u00e9e.<\/p>\n<p>Longueur totale : 20,92 cm<br \/>\nLongueur de la lame : 8,42 cm<br \/>\nTranchant : 7,8 cm<br \/>\n\u00c9paisseur de la lame : 0,32 cm<br \/>\nInsertions&nbsp;: plates<br \/>\nType de bordure&nbsp;:&nbsp;Unie<br \/>\n Longueur du manche : 12,5 cm<br \/>\n \u00c9paisseur du manche : 1,17 cm<br \/>\n Mat\u00e9riau du manche : aluminium<br \/>\n Poids : 3,37 onces.<br \/>\nUtilisateur&nbsp;:&nbsp;Main droite<br \/>\nClip de poche&nbsp;: rabattable<br \/>\nType de couteau&nbsp;: OTF automatique \u00e0 double action<br \/>\nOuvreur&nbsp;:&nbsp;glissi\u00e8re du pouce<br \/>\nMarque : Microtech<br \/>\nMod\u00e8le : Ultratech<br \/>\nPays d&rsquo;origine : \u00c9tats-Unis<br \/>\nMeilleure utilisation&nbsp;: tous les jours<\/p>\n<p>&nbsp;<\/p>\n","protected":false},"excerpt":{"rendered":"<p>Au fil des ann\u00e9es, Microtech\u00ae Knives a rempli les couteaux avec passion et comp\u00e9tence pour cr\u00e9er presque des \u0153uvres d&rsquo;art qui sont le summum de la fonctionnalit\u00e9. Toutes les pi\u00e8ces sont fabriqu\u00e9es aux \u00c9tats-Unis.<br \/>\n <strong>Tous les couteaux Microtech sont garantis \u00e0 vie.<\/strong><\/p>\n<p> <strong>Livraison gratuite.<\/strong><\/p>\n","protected":false},"featured_media":365248,"comment_status":"open","ping_status":"closed","template":"","meta":[],"pwb-brand":[3751],"product_brand":[],"product_cat":[3699,3696],"product_tag":[3754],"class_list":{"0":"post-365246","1":"product","2":"type-product","3":"status-publish","4":"has-post-thumbnail","6":"pwb-brand-microtechnologie","7":"product_cat-couteaux-de-tir","8":"product_cat-des-couteaux","9":"product_tag-b2b-fr","11":"first","12":"outofstock","13":"taxable","14":"shipping-taxable","15":"purchasable","16":"product-type-simple"},"brands":[{"id":3751,"name":"Microtechnologie","slug":"microtechnologie"}],"_links":{"self":[{"href":"https:\/\/www.moskito.cz\/fr\/wp-json\/wp\/v2\/product\/365246","targetHints":{"allow":["GET"]}}],"collection":[{"href":"https:\/\/www.moskito.cz\/fr\/wp-json\/wp\/v2\/product"}],"about":[{"href":"https:\/\/www.moskito.cz\/fr\/wp-json\/wp\/v2\/types\/product"}],"replies":[{"embeddable":true,"href":"https:\/\/www.moskito.cz\/fr\/wp-json\/wp\/v2\/comments?post=365246"}],"wp:featuredmedia":[{"embeddable":true,"href":"https:\/\/www.moskito.cz\/fr\/wp-json\/wp\/v2\/media\/365248"}],"wp:attachment":[{"href":"https:\/\/www.moskito.cz\/fr\/wp-json\/wp\/v2\/media?parent=365246"}],"wp:term":[{"taxonomy":"pwb-brand","embeddable":true,"href":"https:\/\/www.moskito.cz\/fr\/wp-json\/wp\/v2\/pwb-brand?post=365246"},{"taxonomy":"product_brand","embeddable":true,"href":"https:\/\/www.moskito.cz\/fr\/wp-json\/wp\/v2\/product_brand?post=365246"},{"taxonomy":"product_cat","embeddable":true,"href":"https:\/\/www.moskito.cz\/fr\/wp-json\/wp\/v2\/product_cat?post=365246"},{"taxonomy":"product_tag","embeddable":true,"href":"https:\/\/www.moskito.cz\/fr\/wp-json\/wp\/v2\/product_tag?post=365246"}],"curies":[{"name":"wp","href":"https:\/\/api.w.org\/{rel}","templated":true}]}}