{"id":365669,"date":"2024-10-24T14:25:01","date_gmt":"2024-10-24T13:25:01","guid":{"rendered":"https:\/\/www.moskito.cz\/?post_type=product&#038;p=365669"},"modified":"2025-05-07T11:25:55","modified_gmt":"2025-05-07T10:25:55","slug":"zaviraci-nuz-boker-plus-dvalin-folder-drop-01bo548","status":"publish","type":"product","link":"https:\/\/www.moskito.cz\/fr\/produkt\/zaviraci-nuz-boker-plus-dvalin-folder-drop-01bo548\/","title":{"rendered":"Zav\u00edrac\u00ed N\u016f\u017e B\u00f6ker Plus Dvalin Folder Drop 01BO548"},"content":{"rendered":"<p>Zav\u00edrac\u00ed N\u016f\u017e <strong>B\u00f6ker Plus<\/strong> Dvalin Folder Drop 01BO548.<\/p>\n<div class=\"flex max-w-full flex-col flex-grow\">\n<div class=\"min-h-8 text-message flex w-full flex-col items-end gap-2 whitespace-normal break-words [.text-message+&amp;]:mt-5\" dir=\"auto\" data-message-author-role=\"assistant\" data-message-id=\"2ab2af66-fa69-4cf7-a2e1-ceb814dda28e\" data-message-model-slug=\"gpt-4o-mini\">\n<div class=\"flex w-full flex-col gap-1 empty:hidden first:pt-[3px]\">\n<div class=\"markdown prose w-full break-words dark:prose-invert light\">\n<p><strong>Zav\u00edrac\u00ed N\u016f\u017e B\u00f6ker Plus Dvalin Folder Drop 01BO548<\/strong> je inspirov\u00e1n severskou mytologi\u00ed a pojmenov\u00e1n podle trpasl\u00edka Dvalina, kter\u00fd ve folkl\u00f3ru vytvo\u0159il n\u00e1hrdeln\u00edk Brisingamen pro bohyni Freyu. Tento n\u016f\u017e kombinuje silnou symboliku s vynikaj\u00edc\u00ed funkcionalitou, co\u017e z n\u011bj \u010din\u00ed skv\u011blou volbu pro ka\u017edodenn\u00ed pou\u017eit\u00ed i n\u00e1ro\u010dn\u011bj\u0161\u00ed \u00fakoly.<\/p>\n<h3><strong>Hlavn\u00ed vlastnosti:<\/strong><\/h3>\n<h4><strong>\u010cepel:<\/strong><\/h4>\n<ul>\n<li><strong>Materi\u00e1l:<\/strong> <strong>D2 ocel<\/strong>, zn\u00e1m\u00e1 pro svou tvrdost, odolnost proti opot\u0159eben\u00ed a schopnost dr\u017eet ost\u0159\u00ed. Tato \u010depel je skv\u011bl\u00e1 pro n\u00e1ro\u010dn\u00e9 \u0159ezn\u00e9 \u00fakoly a dlouhou \u017eivotnost.<\/li>\n<li><strong>Povrchov\u00e1 \u00faprava:<\/strong> <strong>Stonewash povrch<\/strong>, kter\u00fd nejen zvy\u0161uje odolnost proti korozi, ale tak\u00e9 dod\u00e1v\u00e1 \u010depeli stylov\u00fd, matn\u00fd vzhled.<\/li>\n<li><strong>D\u00e9lka \u010depele:<\/strong> 7,00 cm<\/li>\n<li><strong>Tlou\u0161\u0165ka \u010depele:<\/strong> 5,19 mm<\/li>\n<li><strong>Otev\u00edr\u00e1n\u00ed:<\/strong> N\u016f\u017e je vybaven <strong>kuli\u010dkov\u00fdm lo\u017eiskem<\/strong> pro plynul\u00e9 otev\u00edr\u00e1n\u00ed, co\u017e usnad\u0148uje otev\u00edr\u00e1n\u00ed pomoc\u00ed v\u00fdrazn\u00fdch <strong>dr\u00e1\u017eek<\/strong> na obou stran\u00e1ch \u010depele, kter\u00e9 slou\u017e\u00ed jako \u00ab\u00a0h\u0159eb\u00edk\u00a0\u00bb pro pohodln\u00e9 otev\u0159en\u00ed.<\/li>\n<li><strong>Bezpe\u010dnost:<\/strong> Na h\u0159betu \u010depele je \u017eebrov\u00e1n\u00ed, kter\u00e9 poskytuje bezpe\u010dnou oporu palce, co\u017e zvy\u0161uje kontrolu p\u0159i n\u00e1ro\u010dn\u00e9 pr\u00e1ci s no\u017eem.<\/li>\n<li><strong>Uzav\u0159en\u00ed:<\/strong> <strong>R\u00e1mov\u00fd z\u00e1mek (Frame Lock)<\/strong> spolehliv\u011b zaji\u0161\u0165uje \u010depel v otev\u0159en\u00e9 pozici a poskytuje bezpe\u010dnost p\u0159i pou\u017e\u00edv\u00e1n\u00ed.<\/li>\n<\/ul>\n<h4><strong>Rukoje\u0165:<\/strong><\/h4>\n<ul>\n<li><strong>Materi\u00e1l:<\/strong> <strong>G10<\/strong>, odoln\u00fd a lehk\u00fd materi\u00e1l, kter\u00fd nab\u00edz\u00ed vynikaj\u00edc\u00ed p\u0159ilnavost. \u010c\u00e1ste\u010dn\u011b dr\u00e1\u017ekovan\u00fd povrch rukojeti zaji\u0161\u0165uje bezpe\u010dn\u00e9 uchopen\u00ed.<\/li>\n<li><strong>Tvarov\u00e1n\u00ed:<\/strong> Ergonomick\u00e1 a dob\u0159e tvarovan\u00e1 rukoje\u0165 zaji\u0161\u0165uje pohodln\u00e9 dr\u017een\u00ed, a\u0165 u\u017e p\u0159i b\u011b\u017en\u00e9m pou\u017e\u00edv\u00e1n\u00ed nebo p\u0159i n\u00e1ro\u010dn\u00fdch \u00fakonech.<\/li>\n<li><strong>Dopl\u0148ky:<\/strong> <strong>O\u010dko na \u0161\u0148\u016frku<\/strong> pro pohodln\u00e9 no\u0161en\u00ed a <strong>Tip-Up Clip (prav\u00e1)<\/strong> pro snadn\u00e9 uchycen\u00ed no\u017ee na opasek nebo kapsu.<\/li>\n<\/ul>\n<h4><strong>Dal\u0161\u00ed vlastnosti:<\/strong><\/h4>\n<ul>\n<li><strong>Pouzdro:<\/strong> N\u016f\u017e je dod\u00e1v\u00e1n s <strong>nylonov\u00fdm pouzdrem<\/strong> pro bezpe\u010dn\u00e9 ulo\u017een\u00ed a snadn\u00e9 p\u0159en\u00e1\u0161en\u00ed.<\/li>\n<\/ul>\n<hr \/>\n<h3><strong>Technick\u00e9 specifikace:<\/strong><\/h3>\n<ul>\n<li><strong>Celkov\u00e1 d\u00e9lka:<\/strong> 16,40 cm<\/li>\n<li><strong>D\u00e9lka \u010depele:<\/strong> 7,00 cm<\/li>\n<li><strong>Tlou\u0161\u0165ka \u010depele:<\/strong> 5,19 mm<\/li>\n<li><strong>Hmotnost:<\/strong> 171 g<\/li>\n<li><strong>Materi\u00e1l \u010depele:<\/strong> <strong>D2 ocel<\/strong><\/li>\n<li><strong>Materi\u00e1l rukojeti:<\/strong> <strong>G10<\/strong><\/li>\n<li><strong>Uzav\u0159en\u00ed:<\/strong> <strong>R\u00e1mov\u00fd z\u00e1mek (Frame Lock)<\/strong><\/li>\n<li><strong>N\u00e1vrh\u00e1\u0159:<\/strong> <strong>Midgard\u016fv n\u016f\u017e<\/strong><\/li>\n<li><strong>\u010c\u00edslo polo\u017eky:<\/strong> 01BO548<\/li>\n<\/ul>\n<hr \/>\n<h3><strong>Vyu\u017eit\u00ed:<\/strong><\/h3>\n<ul>\n<li><strong>Ka\u017edodenn\u00ed no\u0161en\u00ed:<\/strong> D\u00edky kompaktn\u00ed velikosti a robustn\u00ed konstrukci je n\u016f\u017e vhodn\u00fd pro ka\u017edodenn\u00ed pou\u017eit\u00ed.<\/li>\n<li><strong>Outdoor a kempov\u00e1n\u00ed:<\/strong> V\u00fdkonn\u00e1 \u010depel a bezpe\u010dn\u00e9 uchopen\u00ed d\u011blaj\u00ed tento n\u016f\u017e skv\u011blou volbou pro outdoorov\u00e9 aktivity a kempov\u00e1n\u00ed.<\/li>\n<li><strong>Sb\u011bratelsk\u00fd kousek:<\/strong> Symbolika inspirovan\u00e1 severskou mytologi\u00ed d\u011bl\u00e1 tento n\u016f\u017e tak\u00e9 atraktivn\u00edm pro sb\u011bratele.<\/li>\n<\/ul>\n<hr \/>\n<h3><strong>Shrnut\u00ed:<\/strong><\/h3>\n<p><strong>Zav\u00edrac\u00ed N\u016f\u017e B\u00f6ker Plus Dvalin Folder Drop 01BO548<\/strong> je vysoce kvalitn\u00ed n\u016f\u017e, kter\u00fd kombinuje pevnou konstrukci, vynikaj\u00edc\u00ed materi\u00e1ly a ergonomick\u00fd design. S <strong>D2 ocel\u00ed<\/strong>, <strong>G10 rukojet\u00ed<\/strong> a <strong>frame lock<\/strong> mechanismem je ide\u00e1ln\u00ed volbou pro ka\u017edodenn\u00ed no\u0161en\u00ed, outdoorov\u00e9 aktivity i pro sb\u011bratele, kte\u0159\u00ed oce\u0148uj\u00ed severskou mytologii.<\/p>\n<\/div>\n<\/div>\n<\/div>\n<\/div>\n<div class=\"mb-2 flex gap-3 empty:hidden -ml-2\">\n<div class=\"items-center justify-start rounded-xl p-1 flex\">\n<div class=\"flex items-center\"><\/div>\n<\/div>\n<\/div>\n<p>&nbsp;<\/p>\n<p>&nbsp;<\/p>\n<p>&nbsp;<\/p>\n","protected":false},"excerpt":{"rendered":"<div class=\"flex max-w-full flex-col flex-grow\">\n<div class=\"min-h-8 text-message flex w-full flex-col items-end gap-2 whitespace-normal break-words [.text-message+&amp;]:mt-5\" dir=\"auto\" data-message-author-role=\"assistant\" data-message-id=\"2ab2af66-fa69-4cf7-a2e1-ceb814dda28e\" data-message-model-slug=\"gpt-4o-mini\">\n<div class=\"flex w-full flex-col gap-1 empty:hidden first:pt-[3px]\">\n<div class=\"markdown prose w-full break-words dark:prose-invert light\">\n<p><strong>Zav\u00edrac\u00ed N\u016f\u017e B\u00f6ker Plus Dvalin Folder Drop 01BO548 je vysoce kvalitn\u00ed n\u016f\u017e, kter\u00fd kombinuje pevnou konstrukci, vynikaj\u00edc\u00ed materi\u00e1ly a ergonomick\u00fd design. S D2 ocel\u00ed, G10 rukojet\u00ed a frame lock mechanismem je ide\u00e1ln\u00ed volbou pro ka\u017edodenn\u00ed no\u0161en\u00ed, outdoorov\u00e9 aktivity i pro sb\u011bratele, kte\u0159\u00ed oce\u0148uj\u00ed severskou mytologii.<\/strong><\/p>\n<\/div>\n<\/div>\n<\/div>\n<\/div>\n<div class=\"mb-2 flex gap-3 empty:hidden -ml-2\">\n<div class=\"items-center justify-start rounded-xl p-1 flex\">\n<div class=\"flex items-center\"><\/div>\n<\/div>\n<\/div>\n<p><strong>\u00a0<\/strong><\/p>\n","protected":false},"featured_media":365670,"comment_status":"open","ping_status":"closed","template":"","meta":[],"pwb-brand":[140],"product_brand":[],"product_cat":[22,17],"product_tag":[],"class_list":{"0":"post-365669","1":"product","2":"type-product","3":"status-publish","4":"has-post-thumbnail","6":"pwb-brand-boker","7":"product_cat-zaviraci-noze","8":"product_cat-noze","10":"first","11":"instock","12":"taxable","13":"shipping-taxable","14":"purchasable","15":"product-type-simple"},"brands":[{"id":140,"name":"Boker","slug":"boker"}],"_links":{"self":[{"href":"https:\/\/www.moskito.cz\/fr\/wp-json\/wp\/v2\/product\/365669","targetHints":{"allow":["GET"]}}],"collection":[{"href":"https:\/\/www.moskito.cz\/fr\/wp-json\/wp\/v2\/product"}],"about":[{"href":"https:\/\/www.moskito.cz\/fr\/wp-json\/wp\/v2\/types\/product"}],"replies":[{"embeddable":true,"href":"https:\/\/www.moskito.cz\/fr\/wp-json\/wp\/v2\/comments?post=365669"}],"wp:featuredmedia":[{"embeddable":true,"href":"https:\/\/www.moskito.cz\/fr\/wp-json\/wp\/v2\/media\/365670"}],"wp:attachment":[{"href":"https:\/\/www.moskito.cz\/fr\/wp-json\/wp\/v2\/media?parent=365669"}],"wp:term":[{"taxonomy":"pwb-brand","embeddable":true,"href":"https:\/\/www.moskito.cz\/fr\/wp-json\/wp\/v2\/pwb-brand?post=365669"},{"taxonomy":"product_brand","embeddable":true,"href":"https:\/\/www.moskito.cz\/fr\/wp-json\/wp\/v2\/product_brand?post=365669"},{"taxonomy":"product_cat","embeddable":true,"href":"https:\/\/www.moskito.cz\/fr\/wp-json\/wp\/v2\/product_cat?post=365669"},{"taxonomy":"product_tag","embeddable":true,"href":"https:\/\/www.moskito.cz\/fr\/wp-json\/wp\/v2\/product_tag?post=365669"}],"curies":[{"name":"wp","href":"https:\/\/api.w.org\/{rel}","templated":true}]}}