{"id":365881,"date":"2024-10-24T20:31:29","date_gmt":"2024-10-24T19:34:01","guid":{"rendered":"https:\/\/www.moskito.cz\/produkt\/couteau-de-fermeture-microtech-amphibian-stonewashed-137rl-10frgtod\/"},"modified":"2025-05-07T11:25:56","modified_gmt":"2025-05-07T10:25:56","slug":"couteau-de-fermeture-microtech-amphibian-stonewashed-137rl-10frgtod","status":"publish","type":"product","link":"https:\/\/www.moskito.cz\/fr\/produkt\/couteau-de-fermeture-microtech-amphibian-stonewashed-137rl-10frgtod\/","title":{"rendered":"Couteau de fermeture Microtech Amphibian Stonewashed 137RL-10FRGTOD"},"content":{"rendered":"<p>Couteau de fermeture <strong>Microtech<\/strong> Amphibian Stonewashed 137RL-10FRGTOD. Amphibian est un v\u00e9ritable classique de Marfione qui remonte \u00e0 plus de 20 ans.<\/p>\n<p> Cela remonte \u00e0 l&rsquo;\u00e9poque o\u00f9 les couteaux Microtech pouvaient \u00eatre \u00e0 la fois automatiques et manuels&#8230; en un. Ce que nous avons ici est une version manuelle int\u00e9grant le design RAM-LOK de Tony avec un clip de poche ambidextre et deux broches pour le pouce pour un couteau enti\u00e8rement ambidextre qui ne sacrifie rien. Il est dot\u00e9 de l&rsquo;acier \u00e0 lame brevet\u00e9 Bohler M390 MK disponible uniquement chez Microtech Knives. Le couteau est similaire au mod\u00e8le MSI Microtech Standard en termes de taille, mais en termes de style, il n&rsquo;y a pas de comparaison. L&rsquo;Amphibian est l&rsquo;un des mod\u00e8les de couteaux tactiques les plus cool de tous les temps, et nous sommes heureux qu&rsquo;il soit de retour et disponible pour le grand public !<\/p>\n<p>Caract\u00e9ristiques:<br \/>\n Longueur de la lame : 9,67 cm<br \/>\n Longueur totale : 23,12 cm<br \/>\n Acier de la lame : acier inoxydable Bohler M390MK<br \/>\n Style de lame&nbsp;:&nbsp;pointe de clip<br \/>\n Meulage de la lame&nbsp;: creux<br \/>\n Traitement de surface de la lame : Stonewash<br \/>\n Mat\u00e9riau du manche : OD Green Frag G10<br \/>\n M\u00e9canisme de verrouillage : RAM-LOK<br \/>\n Clip de poche : Titane (pliable, usure gauche\/droite)<br \/>\n Poids : 5,93 onces.<br \/>\n Cr\u00e9ateur : Tony Marfione<br \/>\n Fabriqu\u00e9 aux \u00c9tats-Unis https:\/\/youtu.be\/xE9TeOFYEjg<\/p>\n<p>&nbsp;<\/p>\n","protected":false},"excerpt":{"rendered":"<p><strong>Au fil des ann\u00e9es, Microtech\u00ae Knives a rempli les couteaux de passion et de savoir-faire pour cr\u00e9er presque des \u0153uvres d&rsquo;art qui sont le summum de la fonctionnalit\u00e9. Toutes les pi\u00e8ces sont fabriqu\u00e9es aux \u00c9tats-Unis.<\/strong><br \/>\n<strong>Tous les couteaux Microtech sont garantis \u00e0 vie.<\/strong><\/p>\n<p><strong>Transports gratuits.<\/strong><\/p>\n","protected":false},"featured_media":365831,"comment_status":"open","ping_status":"closed","template":"","meta":[],"pwb-brand":[3751],"product_brand":[],"product_cat":[3700,3696],"product_tag":[],"class_list":{"0":"post-365881","1":"product","2":"type-product","3":"status-publish","4":"has-post-thumbnail","6":"pwb-brand-microtechnologie","7":"product_cat-couteaux-de-fermeture","8":"product_cat-des-couteaux","10":"first","11":"instock","12":"taxable","13":"shipping-taxable","14":"purchasable","15":"product-type-simple"},"brands":[{"id":3751,"name":"Microtechnologie","slug":"microtechnologie"}],"_links":{"self":[{"href":"https:\/\/www.moskito.cz\/fr\/wp-json\/wp\/v2\/product\/365881","targetHints":{"allow":["GET"]}}],"collection":[{"href":"https:\/\/www.moskito.cz\/fr\/wp-json\/wp\/v2\/product"}],"about":[{"href":"https:\/\/www.moskito.cz\/fr\/wp-json\/wp\/v2\/types\/product"}],"replies":[{"embeddable":true,"href":"https:\/\/www.moskito.cz\/fr\/wp-json\/wp\/v2\/comments?post=365881"}],"wp:featuredmedia":[{"embeddable":true,"href":"https:\/\/www.moskito.cz\/fr\/wp-json\/wp\/v2\/media\/365831"}],"wp:attachment":[{"href":"https:\/\/www.moskito.cz\/fr\/wp-json\/wp\/v2\/media?parent=365881"}],"wp:term":[{"taxonomy":"pwb-brand","embeddable":true,"href":"https:\/\/www.moskito.cz\/fr\/wp-json\/wp\/v2\/pwb-brand?post=365881"},{"taxonomy":"product_brand","embeddable":true,"href":"https:\/\/www.moskito.cz\/fr\/wp-json\/wp\/v2\/product_brand?post=365881"},{"taxonomy":"product_cat","embeddable":true,"href":"https:\/\/www.moskito.cz\/fr\/wp-json\/wp\/v2\/product_cat?post=365881"},{"taxonomy":"product_tag","embeddable":true,"href":"https:\/\/www.moskito.cz\/fr\/wp-json\/wp\/v2\/product_tag?post=365881"}],"curies":[{"name":"wp","href":"https:\/\/api.w.org\/{rel}","templated":true}]}}