{"id":365936,"date":"2024-10-24T20:58:17","date_gmt":"2024-10-24T19:59:16","guid":{"rendered":"https:\/\/www.moskito.cz\/produkt\/couteau-de-tir-microtech-glykon-tactique-185-1t\/"},"modified":"2025-05-07T11:25:57","modified_gmt":"2025-05-07T10:25:57","slug":"couteau-de-tir-microtech-glykon-tactique-185-1t","status":"publish","type":"product","link":"https:\/\/www.moskito.cz\/fr\/produkt\/couteau-de-tir-microtech-glykon-tactique-185-1t\/","title":{"rendered":"Couteau de tir Microtech Glykon Tactique 185-1T"},"content":{"rendered":"<p>Couteau de tir <strong>Microtech<\/strong> Glykon Tactique 185-1T.<\/p>\n<p><strong>Glykon<\/strong> , du nom de l&rsquo;ancien dieu serpent grec, est le premier Microtech dot\u00e9 d&rsquo;un bouton \u00e0 trois c\u00f4t\u00e9s. Cela en fait un OTF \u00e0 alimentation sup\u00e9rieure ainsi qu&rsquo;un mod\u00e8le \u00e0 tir lat\u00e9ral enti\u00e8rement ambidextre. Tout ce que vous avez \u00e0 faire est de basculer le clip de poche de l&rsquo;autre c\u00f4t\u00e9 avec un \u00e9norme embout Torx et le tour est jou\u00e9. C&rsquo;est l&rsquo;un des rares Microtechs \u00e0 utiliser une conception \u00e0 vis Torx pour permettre des modifications \u00e0 la maison. Il comporte \u00e9galement des accents et des superpositions en titane sur le cadre qui peuvent \u00eatre facilement retir\u00e9s et modifi\u00e9s si c&rsquo;est votre truc. En constante innovation, Microtech a ici un grand gagnant avec Glykon. Caract\u00e9ristiques:<br \/>\n Longueur de la lame : 9,37 cm<br \/>\n Longueur ferm\u00e9 : 13,12 cm<br \/>\n Longueur totale : 22,5 cm<br \/>\n Acier : M390<br \/>\n Style de lame : Tanto<br \/>\n Meulage de la lame&nbsp;:&nbsp;Plat<br \/>\n Finition de la lame : noir<br \/>\n Mat\u00e9riau de la poign\u00e9e&nbsp;: aluminium 6061-T6 noir avec rev\u00eatements en titane microbill\u00e9<br \/>\n M\u00e9canisme de verrouillage : Tri-Slide<br \/>\n Clip de poche&nbsp;: Titane (pliable)<br \/>\n Poids : 5,01 onces<br \/>\n Cr\u00e9ateurs : Tony et Sean Marfione<br \/>\n Nickel-bore int\u00e9rieur<br \/>\n Fabriqu\u00e9 aux \u00c9tats-Unis https:\/\/youtu.be\/xE9TeOFYEjg<\/p>\n<p>&nbsp;<\/p>\n","protected":false},"excerpt":{"rendered":"<p><strong>Au fil des ann\u00e9es, Microtech\u00ae Knives a rempli les couteaux avec passion et comp\u00e9tence pour cr\u00e9er presque des \u0153uvres d&rsquo;art qui sont le summum de la fonctionnalit\u00e9. Toutes les pi\u00e8ces sont fabriqu\u00e9es aux \u00c9tats-Unis.<\/strong><br \/>\n <strong>Tous les couteaux Microtech sont garantis \u00e0 vie.<\/strong><\/p>\n<p> <strong>Livraison gratuite.<\/strong><\/p>\n","protected":false},"featured_media":365887,"comment_status":"open","ping_status":"closed","template":"","meta":[],"pwb-brand":[3751],"product_brand":[],"product_cat":[3699,3696],"product_tag":[],"class_list":{"0":"post-365936","1":"product","2":"type-product","3":"status-publish","4":"has-post-thumbnail","6":"pwb-brand-microtechnologie","7":"product_cat-couteaux-de-tir","8":"product_cat-des-couteaux","10":"first","11":"outofstock","12":"taxable","13":"shipping-taxable","14":"purchasable","15":"product-type-simple"},"brands":[{"id":3751,"name":"Microtechnologie","slug":"microtechnologie"}],"_links":{"self":[{"href":"https:\/\/www.moskito.cz\/fr\/wp-json\/wp\/v2\/product\/365936","targetHints":{"allow":["GET"]}}],"collection":[{"href":"https:\/\/www.moskito.cz\/fr\/wp-json\/wp\/v2\/product"}],"about":[{"href":"https:\/\/www.moskito.cz\/fr\/wp-json\/wp\/v2\/types\/product"}],"replies":[{"embeddable":true,"href":"https:\/\/www.moskito.cz\/fr\/wp-json\/wp\/v2\/comments?post=365936"}],"wp:featuredmedia":[{"embeddable":true,"href":"https:\/\/www.moskito.cz\/fr\/wp-json\/wp\/v2\/media\/365887"}],"wp:attachment":[{"href":"https:\/\/www.moskito.cz\/fr\/wp-json\/wp\/v2\/media?parent=365936"}],"wp:term":[{"taxonomy":"pwb-brand","embeddable":true,"href":"https:\/\/www.moskito.cz\/fr\/wp-json\/wp\/v2\/pwb-brand?post=365936"},{"taxonomy":"product_brand","embeddable":true,"href":"https:\/\/www.moskito.cz\/fr\/wp-json\/wp\/v2\/product_brand?post=365936"},{"taxonomy":"product_cat","embeddable":true,"href":"https:\/\/www.moskito.cz\/fr\/wp-json\/wp\/v2\/product_cat?post=365936"},{"taxonomy":"product_tag","embeddable":true,"href":"https:\/\/www.moskito.cz\/fr\/wp-json\/wp\/v2\/product_tag?post=365936"}],"curies":[{"name":"wp","href":"https:\/\/api.w.org\/{rel}","templated":true}]}}