{"id":368063,"date":"2024-11-04T18:22:15","date_gmt":"2024-11-04T17:22:15","guid":{"rendered":"https:\/\/www.moskito.cz\/?post_type=product&#038;p=368063"},"modified":"2025-05-07T11:26:02","modified_gmt":"2025-05-07T10:26:02","slug":"zaviraci-nuz-adv-andre-de-villiers-crusher-2","status":"publish","type":"product","link":"https:\/\/www.moskito.cz\/fr\/produkt\/zaviraci-nuz-adv-andre-de-villiers-crusher-2\/","title":{"rendered":"Zav\u00edrac\u00ed N\u016f\u017e ADV Andre De Villiers Crusher"},"content":{"rendered":"<p>Zav\u00edrac\u00ed N\u016f\u017e <strong>ADV Andre De Villiers<\/strong> Crusher.<\/p>\n<p>Crusher je skl\u00e1dac\u00ed n\u016f\u017e od Andre De Villierse , kter\u00fd d\u016fmysln\u011b skr\u00fdv\u00e1 del\u0161\u00ed \u010depel v rukojeti. Tohoto v\u00fdkonu je dosa\u017eeno d\u00edky skl\u00e1dac\u00edmu ocasu, kter\u00fd pln\u00ed dvoj\u00ed funkci. Za prv\u00e9, kdy\u017e je zav\u0159en\u00fd, poskytuje bezpe\u010dnost t\u00edm, \u017ee chr\u00e1n\u00ed ost\u0159\u00ed \u010depele a zaji\u0161\u0165uje viditelnost. Za druh\u00e9, p\u0159i p\u0159eklopen\u00ed se ty\u010d p\u0159esune na m\u00edsto v rukojeti a zajist\u00ed zablokov\u00e1n\u00ed. I kdy\u017e je tato konstrukce d\u016fmysln\u00e1 a vysoce \u00fa\u010dinn\u00e1, m\u016f\u017ee vy\u017eadovat ur\u010dit\u00e9 \u00fapravy p\u0159i odemyk\u00e1n\u00ed a zav\u00edr\u00e1n\u00ed \u010depele. Pro bezpe\u010dnost doporu\u010dujeme pou\u017e\u00edt dv\u011b ruce k odji\u0161t\u011bn\u00ed ocasn\u00ed ty\u010de a jej\u00ed \u00fapln\u00e9 vysunut\u00ed p\u0159ed uzav\u0159en\u00edm radlice, aby nedo\u0161lo k n\u00e1hodn\u00e9mu po\u0161kozen\u00ed ocasn\u00ed ty\u010de \u0161pi\u010dkou radlice.<\/p>\n<p>Specifikace:<br \/>\nD\u00e9lka \u010depele: 12.5 cm<br \/>\nD\u00e9lka v zav\u0159en\u00e9m stavu: 16.25 cm<br \/>\nCelkov\u00e1 d\u00e9lka: 24.87 cm<br \/>\nMateri\u00e1l \u010depele: CPM-S35VN Nerezov\u00e1 ocel<br \/>\nTlou\u0161\u0165ka \u010depele: 0.42 cm<br \/>\nStyl \u010depele: Spear Point<br \/>\nBrou\u0161en\u00ed \u010depele: Ploch\u00e9<br \/>\nPovrchov\u00e1 \u00faprava \u010depele: Oto\u010den\u00e1<br \/>\nMateri\u00e1l rukojeti: Tlumen\u00fd titan<br \/>\nTlou\u0161\u0165ka rukojeti: 1.35 cm<br \/>\nUzamykac\u00ed mechanismus: Z\u00e1mek ocasu<br \/>\nSestava \u010depu: Lo\u017eiska<br \/>\nKapesn\u00ed spona: Titan (vykl\u00e1p\u011bc\u00ed, prav\u00e9 no\u0161en\u00ed)<br \/>\nHmotnost: 8,68 oz.<br \/>\nDesign\u00e9r: Andre De Villiers<br \/>\nTitanov\u00fd skl\u00e1dac\u00ed z\u00e1mek a kov\u00e1n\u00ed<br \/>\nVyrobeno v Ji\u017en\u00ed Africe<\/p>\n","protected":false},"excerpt":{"rendered":"<p><strong>Crusher je skl\u00e1dac\u00ed n\u016f\u017e od Andre De Villierse , kter\u00fd d\u016fmysln\u011b skr\u00fdv\u00e1 del\u0161\u00ed \u010depel v rukojeti. Tohoto v\u00fdkonu je dosa\u017eeno d\u00edky skl\u00e1dac\u00edmu ocasu, kter\u00fd pln\u00ed dvoj\u00ed funkci. Za prv\u00e9, kdy\u017e je zav\u0159en\u00fd, poskytuje bezpe\u010dnost t\u00edm, \u017ee chr\u00e1n\u00ed ost\u0159\u00ed \u010depele a zaji\u0161\u0165uje viditelnost. Za druh\u00e9, p\u0159i p\u0159eklopen\u00ed se ty\u010d p\u0159esune na m\u00edsto v rukojeti a zajist\u00ed zablokov\u00e1n\u00ed.<\/strong><\/p>\n<p><strong>Doprava zdarma.<\/strong><\/p>\n","protected":false},"featured_media":368064,"comment_status":"open","ping_status":"closed","template":"","meta":[],"pwb-brand":[3211],"product_brand":[],"product_cat":[22,17],"product_tag":[],"class_list":{"0":"post-368063","1":"product","2":"type-product","3":"status-publish","4":"has-post-thumbnail","6":"pwb-brand-andre-de-villiers","7":"product_cat-zaviraci-noze","8":"product_cat-noze","10":"first","11":"outofstock","12":"taxable","13":"shipping-taxable","14":"purchasable","15":"product-type-simple"},"brands":[{"id":3211,"name":"Andre De Villiers","slug":"andre-de-villiers"}],"_links":{"self":[{"href":"https:\/\/www.moskito.cz\/fr\/wp-json\/wp\/v2\/product\/368063","targetHints":{"allow":["GET"]}}],"collection":[{"href":"https:\/\/www.moskito.cz\/fr\/wp-json\/wp\/v2\/product"}],"about":[{"href":"https:\/\/www.moskito.cz\/fr\/wp-json\/wp\/v2\/types\/product"}],"replies":[{"embeddable":true,"href":"https:\/\/www.moskito.cz\/fr\/wp-json\/wp\/v2\/comments?post=368063"}],"wp:featuredmedia":[{"embeddable":true,"href":"https:\/\/www.moskito.cz\/fr\/wp-json\/wp\/v2\/media\/368064"}],"wp:attachment":[{"href":"https:\/\/www.moskito.cz\/fr\/wp-json\/wp\/v2\/media?parent=368063"}],"wp:term":[{"taxonomy":"pwb-brand","embeddable":true,"href":"https:\/\/www.moskito.cz\/fr\/wp-json\/wp\/v2\/pwb-brand?post=368063"},{"taxonomy":"product_brand","embeddable":true,"href":"https:\/\/www.moskito.cz\/fr\/wp-json\/wp\/v2\/product_brand?post=368063"},{"taxonomy":"product_cat","embeddable":true,"href":"https:\/\/www.moskito.cz\/fr\/wp-json\/wp\/v2\/product_cat?post=368063"},{"taxonomy":"product_tag","embeddable":true,"href":"https:\/\/www.moskito.cz\/fr\/wp-json\/wp\/v2\/product_tag?post=368063"}],"curies":[{"name":"wp","href":"https:\/\/api.w.org\/{rel}","templated":true}]}}