{"id":369643,"date":"2024-11-11T19:34:20","date_gmt":"2024-11-11T18:34:20","guid":{"rendered":"https:\/\/www.moskito.cz\/?post_type=product&#038;p=369643"},"modified":"2025-09-18T14:14:12","modified_gmt":"2025-09-18T13:14:12","slug":"zaviraci-nuz-benchmade-bugout-axis-535fe-05","status":"publish","type":"product","link":"https:\/\/www.moskito.cz\/fr\/produkt\/zaviraci-nuz-benchmade-bugout-axis-535fe-05\/","title":{"rendered":"Zav\u00edrac\u00ed N\u016f\u017e Benchmade Bugout AXIS 535FE-05"},"content":{"rendered":"<h3 data-start=\"152\" data-end=\"201\">Zav\u00edrac\u00ed n\u016f\u017e Benchmade Bugout AXIS 535FE-05<\/h3>\n<p data-start=\"203\" data-end=\"696\">Na prvn\u00ed pohled bys mo\u017en\u00e1 ne\u0159ekl, \u017ee v sob\u011b Benchmade Bugout 535FE-05 skr\u00fdv\u00e1 tolik s\u00edly a odolnosti. Tento model je navr\u017een\u00fd jako ultralehk\u00fd, spolehliv\u00fd a praktick\u00fd zav\u00edr\u00e1k pro ka\u017edodenn\u00ed no\u0161en\u00ed, p\u0159esto si zachov\u00e1v\u00e1 DNA zna\u010dky Benchmade \u2013 precizn\u00ed zpracov\u00e1n\u00ed, prvot\u0159\u00eddn\u00ed materi\u00e1ly a ikonick\u00fd mechanismus AXIS\u00ae Lock. Bugout se stal doslova legendou mezi EDC no\u017ei d\u00edky sv\u00e9 lehkosti a funk\u010dnosti, a varianta 535FE-05 s earth-brown \u010depel\u00ed a zelenou rukojet\u00ed dod\u00e1v\u00e1 nav\u00edc drsn\u00fd outdoorov\u00fd vzhled.<\/p>\n<p data-start=\"698\" data-end=\"847\">Tento n\u016f\u017e si zamiluj\u00ed ti, kte\u0159\u00ed cht\u011bj\u00ed n\u00e1stroj, o n\u011bm\u017e po v\u011bt\u0161inu dne ani nebudou v\u011bd\u011bt, \u017ee ho maj\u00ed v kapse \u2013 dokud ho nebudou skute\u010dn\u011b pot\u0159ebovat.<\/p>\n<hr data-start=\"849\" data-end=\"852\" \/>\n<p data-start=\"854\" data-end=\"884\">\ud83d\udd27 <strong data-start=\"857\" data-end=\"882\">Technick\u00e9 specifikace<\/strong><\/p>\n<ul data-start=\"886\" data-end=\"1695\">\n<li data-start=\"886\" data-end=\"928\">\n<p data-start=\"888\" data-end=\"928\"><strong data-start=\"888\" data-end=\"917\">Celkov\u00e1 d\u00e9lka (otev\u0159en\u00fd):<\/strong> 18,95 cm<\/p>\n<\/li>\n<li data-start=\"929\" data-end=\"958\">\n<p data-start=\"931\" data-end=\"958\"><strong data-start=\"931\" data-end=\"948\">D\u00e9lka \u010depele:<\/strong> 8,23 cm<\/p>\n<\/li>\n<li data-start=\"959\" data-end=\"991\">\n<p data-start=\"961\" data-end=\"991\"><strong data-start=\"961\" data-end=\"981\">Tlou\u0161\u0165ka \u010depele:<\/strong> 2,29 mm<\/p>\n<\/li>\n<li data-start=\"992\" data-end=\"1030\">\n<p data-start=\"994\" data-end=\"1030\"><strong data-start=\"994\" data-end=\"1019\">D\u00e9lka zav\u0159en\u00e9ho no\u017ee:<\/strong> 10,72 cm<\/p>\n<\/li>\n<li data-start=\"1031\" data-end=\"1066\">\n<p data-start=\"1033\" data-end=\"1066\"><strong data-start=\"1033\" data-end=\"1055\">Tlou\u0161\u0165ka rukojeti:<\/strong> 10,67 mm<\/p>\n<\/li>\n<li data-start=\"1067\" data-end=\"1093\">\n<p data-start=\"1069\" data-end=\"1093\"><strong data-start=\"1069\" data-end=\"1078\">V\u00e1ha:<\/strong> pouh\u00fdch 56 g<\/p>\n<\/li>\n<li data-start=\"1094\" data-end=\"1208\">\n<p data-start=\"1096\" data-end=\"1208\"><strong data-start=\"1096\" data-end=\"1116\">Materi\u00e1l \u010depele:<\/strong> CPM-S30V \u2013 pr\u00e9miov\u00e1 nerezov\u00e1 ocel s vysokou odolnost\u00ed v\u016f\u010di korozi a skv\u011blou retenc\u00ed ost\u0159\u00ed<\/p>\n<\/li>\n<li data-start=\"1209\" data-end=\"1292\">\n<p data-start=\"1211\" data-end=\"1292\"><strong data-start=\"1211\" data-end=\"1239\">Povrchov\u00e1 \u00faprava \u010depele:<\/strong> Cerakote\u00ae (Flat Earth) \u2013 matn\u00e1, nen\u00e1padn\u00e1 a odoln\u00e1<\/p>\n<\/li>\n<li data-start=\"1293\" data-end=\"1363\">\n<p data-start=\"1295\" data-end=\"1363\"><strong data-start=\"1295\" data-end=\"1311\">Tvar \u010depele:<\/strong> Drop-point \u2013 univerz\u00e1ln\u00ed pro p\u0159esn\u00e9 i silov\u00e9 \u0159ezy<\/p>\n<\/li>\n<li data-start=\"1364\" data-end=\"1457\">\n<p data-start=\"1366\" data-end=\"1457\"><strong data-start=\"1366\" data-end=\"1388\">Materi\u00e1l rukojeti:<\/strong> Grivory\u00ae \u2013 lehk\u00fd, pevn\u00fd a odoln\u00fd polyamid zes\u00edlen\u00fd skeln\u00fdm vl\u00e1knem<\/p>\n<\/li>\n<li data-start=\"1458\" data-end=\"1555\">\n<p data-start=\"1460\" data-end=\"1555\"><strong data-start=\"1460\" data-end=\"1476\">Mechanismus:<\/strong> AXIS\u00ae Lock \u2013 ikonick\u00fd, extr\u00e9mn\u011b spolehliv\u00fd a snadno ovladateln\u00fd jednou rukou<\/p>\n<\/li>\n<li data-start=\"1556\" data-end=\"1643\">\n<p data-start=\"1558\" data-end=\"1643\"><strong data-start=\"1558\" data-end=\"1567\">Klip:<\/strong> Mini Deep Carry, barva \u010dern\u00e1, povrchov\u00e1 \u00faprava Black Oxide, pozice Tip-Up<\/p>\n<\/li>\n<li data-start=\"1644\" data-end=\"1695\">\n<p data-start=\"1646\" data-end=\"1695\"><strong data-start=\"1646\" data-end=\"1657\">Balen\u00ed:<\/strong> origin\u00e1ln\u00ed modr\u00e1 krabi\u010dka Benchmade<\/p>\n<\/li>\n<\/ul>\n<hr data-start=\"1697\" data-end=\"1700\" \/>\n<p data-start=\"1702\" data-end=\"1723\">\u2705 <strong data-start=\"1704\" data-end=\"1721\">Hlavn\u00ed v\u00fdhody<\/strong><\/p>\n<ul data-start=\"1725\" data-end=\"2108\">\n<li data-start=\"1725\" data-end=\"1772\">\n<p data-start=\"1727\" data-end=\"1772\">Ultralehk\u00fd \u2013 jen 56 g, ide\u00e1ln\u00ed jako EDC n\u016f\u017e<\/p>\n<\/li>\n<li data-start=\"1773\" data-end=\"1838\">\n<p data-start=\"1775\" data-end=\"1838\">Pr\u00e9miov\u00e1 ocel CPM-S30V \u2013 skv\u011ble dr\u017e\u00ed ost\u0159\u00ed a snadno se brous\u00ed<\/p>\n<\/li>\n<li data-start=\"1839\" data-end=\"1897\">\n<p data-start=\"1841\" data-end=\"1897\">AXIS\u00ae Lock \u2013 rychl\u00fd, spolehliv\u00fd a bezpe\u010dn\u00fd mechanismus<\/p>\n<\/li>\n<li data-start=\"1898\" data-end=\"1971\">\n<p data-start=\"1900\" data-end=\"1971\">Nen\u00e1padn\u00fd, ale stylov\u00fd design s earth-brown \u010depel\u00ed a zelenou rukojet\u00ed<\/p>\n<\/li>\n<li data-start=\"1972\" data-end=\"2035\">\n<p data-start=\"1974\" data-end=\"2035\">Drop-point \u010depel \u2013 univerz\u00e1ln\u00ed pou\u017eit\u00ed pro ka\u017edodenn\u00ed \u00fakoly<\/p>\n<\/li>\n<li data-start=\"2036\" data-end=\"2108\">\n<p data-start=\"2038\" data-end=\"2108\">Mini Deep Carry klip \u2013 diskr\u00e9tn\u00ed no\u0161en\u00ed, n\u016f\u017e se t\u00e9m\u011b\u0159 ztrat\u00ed v kapse<\/p>\n<\/li>\n<\/ul>\n<hr data-start=\"2110\" data-end=\"2113\" \/>\n<p data-start=\"2115\" data-end=\"2137\">\u26a0\ufe0f <strong data-start=\"2118\" data-end=\"2135\">Mo\u017en\u00e1 omezen\u00ed<\/strong><\/p>\n<ul data-start=\"2139\" data-end=\"2355\">\n<li data-start=\"2139\" data-end=\"2218\">\n<p data-start=\"2141\" data-end=\"2218\">\u0160t\u00edhlej\u0161\u00ed \u010depel (2,29 mm) \u2013 nen\u00ed ur\u010den\u00e1 na t\u011b\u017ek\u00e9 p\u00e1\u010den\u00ed nebo extr\u00e9mn\u00ed z\u00e1t\u011b\u017e<\/p>\n<\/li>\n<li data-start=\"2219\" data-end=\"2280\">\n<p data-start=\"2221\" data-end=\"2280\">Rukoje\u0165 z Grivory p\u016fsob\u00ed proti titanu \u010di G10 m\u00e9n\u011b luxusn\u011b<\/p>\n<\/li>\n<li data-start=\"2281\" data-end=\"2355\">\n<p data-start=\"2283\" data-end=\"2355\">Cena je vy\u0161\u0161\u00ed ne\u017e u b\u011b\u017en\u00fdch EDC, ale odpov\u00edd\u00e1 kvalit\u011b zna\u010dky Benchmade<\/p>\n<\/li>\n<\/ul>\n<hr data-start=\"2357\" data-end=\"2360\" \/>\n<p data-start=\"2362\" data-end=\"2385\">\ud83d\udee0\ufe0f <strong data-start=\"2366\" data-end=\"2383\">\u00dadr\u017eba a p\u00e9\u010de<\/strong><\/p>\n<ul data-start=\"2387\" data-end=\"2850\">\n<li data-start=\"2387\" data-end=\"2458\">\n<p data-start=\"2389\" data-end=\"2458\">Po pou\u017eit\u00ed \u010depel ot\u0159i a usu\u0161, aby Cerakote\u00ae povrch z\u016fstal bez skvrn<\/p>\n<\/li>\n<li data-start=\"2459\" data-end=\"2524\">\n<p data-start=\"2461\" data-end=\"2524\">Kloub mechanismu AXIS\u00ae Lock pravideln\u011b proma\u017e pro hladk\u00fd chod<\/p>\n<\/li>\n<li data-start=\"2525\" data-end=\"2850\">\n<p data-start=\"2527\" data-end=\"2850\">Brou\u0161en\u00ed prov\u00e1d\u011bj jemn\u011b \u2013 S30V se dob\u0159e brous\u00ed, ale pro maxim\u00e1ln\u00ed efekt doporu\u010dujeme syst\u00e9m:<br data-start=\"2619\" data-end=\"2622\" \/><strong data-start=\"2624\" data-end=\"2848\">Pro udr\u017een\u00ed ost\u0159\u00ed doporu\u010dujeme <a class=\"decorated-link cursor-pointer\" target=\"_new\" rel=\"noopener\" data-start=\"2657\" data-end=\"2746\">Spyderco Tri-Angle Sharpmaker Complete Sharpening System 204MF<\/a><\/strong><\/p>\n<\/li>\n<li data-start=\"2525\" data-end=\"2850\">\n<p data-start=\"2857\" data-end=\"2880\">\ud83c\udfaf <strong data-start=\"2860\" data-end=\"2878\">Doporu\u010deno pro<\/strong><\/p>\n<ul data-start=\"2882\" data-end=\"3110\">\n<li data-start=\"2882\" data-end=\"2940\">\n<p data-start=\"2884\" data-end=\"2940\">Minimalisty hledaj\u00edc\u00ed ultralehk\u00fd, ale pln\u011b funk\u010dn\u00ed n\u016f\u017e<\/p>\n<\/li>\n<li data-start=\"2941\" data-end=\"2988\">\n<p data-start=\"2943\" data-end=\"2988\">Outdoorov\u00e9 nad\u0161ence, turisty a bushcraftery<\/p>\n<\/li>\n<li data-start=\"2989\" data-end=\"3049\">\n<p data-start=\"2991\" data-end=\"3049\">Profesion\u00e1ly, kte\u0159\u00ed pot\u0159ebuj\u00ed lehk\u00fd z\u00e1lo\u017en\u00ed n\u016f\u017e k v\u00fdbav\u011b<\/p>\n<\/li>\n<li data-start=\"3050\" data-end=\"3110\">\n<p data-start=\"3052\" data-end=\"3110\">Milovn\u00edky ikonick\u00fdch EDC model\u016f se sb\u011bratelskou hodnotou<\/p>\n<\/li>\n<\/ul>\n<hr data-start=\"3112\" data-end=\"3115\" \/>\n<p data-start=\"3117\" data-end=\"3144\">\u2b50 <strong data-start=\"3119\" data-end=\"3142\">Z\u00e1v\u011bre\u010dn\u00e9 hodnocen\u00ed<\/strong><\/p>\n<p data-start=\"3146\" data-end=\"3525\">Benchmade Bugout AXIS 535FE-05 je uk\u00e1zkov\u00fdm p\u0159\u00edkladem toho, jak m\u016f\u017ee b\u00fdt n\u016f\u017e sou\u010dasn\u011b ultralehk\u00fd, praktick\u00fd a p\u0159itom vysoce odoln\u00fd. S pr\u00e9miovou ocel\u00ed CPM-S30V, spolehliv\u00fdm AXIS\u00ae Lockem a minimalistickou v\u00e1hou 56 g se \u0159ad\u00ed mezi nejlep\u0161\u00ed EDC no\u017ee na trhu. Pokud hled\u00e1\u0161 zav\u00edr\u00e1k, kter\u00fd t\u011b nebude t\u00ed\u017eit, ale na kter\u00fd se m\u016f\u017ee\u0161 kdykoliv spolehnout, Bugout je volba, kter\u00e1 t\u011b nezklame.<\/p>\n<\/li>\n<\/ul>\n<p>&nbsp;<\/p>\n<p>&nbsp;<\/p>\n","protected":false},"excerpt":{"rendered":"<p><strong>Tento model je vylep\u0161enou verz\u00ed v \u0159ad\u011b Bugout, kter\u00e1 je popul\u00e1rn\u00ed mezi u\u017eivateli hledaj\u00edc\u00edmi kompaktn\u00ed a v\u00fdkonn\u00e9 n\u00e1stroje.<\/strong><\/p>\n<p><strong>Doprava zdarma.<\/strong><\/p>\n","protected":false},"featured_media":369644,"comment_status":"open","ping_status":"closed","template":"","meta":[],"pwb-brand":[3960],"product_brand":[],"product_cat":[22,17],"product_tag":[],"class_list":{"0":"post-369643","1":"product","2":"type-product","3":"status-publish","4":"has-post-thumbnail","6":"pwb-brand-benchmade","7":"product_cat-zaviraci-noze","8":"product_cat-noze","10":"first","11":"instock","12":"taxable","13":"shipping-taxable","14":"purchasable","15":"product-type-simple"},"brands":[{"id":3960,"name":"Benchmade","slug":"benchmade"}],"_links":{"self":[{"href":"https:\/\/www.moskito.cz\/fr\/wp-json\/wp\/v2\/product\/369643","targetHints":{"allow":["GET"]}}],"collection":[{"href":"https:\/\/www.moskito.cz\/fr\/wp-json\/wp\/v2\/product"}],"about":[{"href":"https:\/\/www.moskito.cz\/fr\/wp-json\/wp\/v2\/types\/product"}],"replies":[{"embeddable":true,"href":"https:\/\/www.moskito.cz\/fr\/wp-json\/wp\/v2\/comments?post=369643"}],"wp:featuredmedia":[{"embeddable":true,"href":"https:\/\/www.moskito.cz\/fr\/wp-json\/wp\/v2\/media\/369644"}],"wp:attachment":[{"href":"https:\/\/www.moskito.cz\/fr\/wp-json\/wp\/v2\/media?parent=369643"}],"wp:term":[{"taxonomy":"pwb-brand","embeddable":true,"href":"https:\/\/www.moskito.cz\/fr\/wp-json\/wp\/v2\/pwb-brand?post=369643"},{"taxonomy":"product_brand","embeddable":true,"href":"https:\/\/www.moskito.cz\/fr\/wp-json\/wp\/v2\/product_brand?post=369643"},{"taxonomy":"product_cat","embeddable":true,"href":"https:\/\/www.moskito.cz\/fr\/wp-json\/wp\/v2\/product_cat?post=369643"},{"taxonomy":"product_tag","embeddable":true,"href":"https:\/\/www.moskito.cz\/fr\/wp-json\/wp\/v2\/product_tag?post=369643"}],"curies":[{"name":"wp","href":"https:\/\/api.w.org\/{rel}","templated":true}]}}