{"id":370883,"date":"2024-11-12T20:44:44","date_gmt":"2024-11-12T19:44:44","guid":{"rendered":"https:\/\/www.moskito.cz\/?post_type=product&#038;p=370883"},"modified":"2025-05-07T11:26:10","modified_gmt":"2025-05-07T10:26:10","slug":"vystrelovaci-nuz-benchmade-om-4850bk","status":"publish","type":"product","link":"https:\/\/www.moskito.cz\/fr\/produkt\/vystrelovaci-nuz-benchmade-om-4850bk\/","title":{"rendered":"Vyst\u0159elovac\u00ed N\u016f\u017e Benchmade Om 4850BK"},"content":{"rendered":"<p>Vyst\u0159elovac\u00ed N\u016f\u017e <strong>Benchmade<\/strong> Om 4850BK.<\/p>\n<p>Benchmade 4850BK Om je kompaktn\u00ed, lehk\u00fd a diskr\u00e9tn\u00ed automatick\u00fd n\u016f\u017e navr\u017een\u00fd tak, aby poskytoval funk\u010dnost bez p\u0159itahov\u00e1n\u00ed zbyte\u010dn\u00e9 pozornosti. D\u00edky sv\u00e9mu promy\u0161len\u00e9mu designu a kvalitn\u00edm materi\u00e1l\u016fm je ide\u00e1ln\u00ed pro ka\u017edodenn\u00ed no\u0161en\u00ed. N\u00ed\u017ee uv\u00e1d\u00edm kl\u00ed\u010dov\u00e9 informace a vlastnosti no\u017ee:<\/p>\n<p>Kl\u00ed\u010dov\u00e9 vlastnosti:<br \/>\nDvoj\u010dinn\u00fd OTF mechanismus:<\/p>\n<p>N\u016f\u017e se vysouv\u00e1 a zasouv\u00e1 pomoc\u00ed posuvn\u00e9ho tla\u010d\u00edtka na p\u00e1te\u0159i.<br \/>\nRychl\u00e9 a snadn\u00e9 pou\u017eit\u00ed.<br \/>\nMateri\u00e1l \u010depele:<\/p>\n<p>CPM-S30V nerezov\u00e1 ocel s tvrdost\u00ed 58-60HRC, zn\u00e1m\u00e1 svou odolnost\u00ed proti opot\u0159eben\u00ed a dlouhou \u017eivotnost\u00ed ost\u0159\u00ed.<br \/>\nPovrchov\u00e1 \u00faprava Black DLC (Diamond-Like Carbon) zaji\u0161\u0165uje odolnost v\u016f\u010di korozi a dod\u00e1v\u00e1 no\u017ei elegantn\u00ed \u010dern\u00fd vzhled.<br \/>\nDesign \u010depele:<\/p>\n<p>Styl \u010depele Clip Point, kter\u00fd nab\u00edz\u00ed skv\u011blou pr\u016fraznost a preciznost.<br \/>\nRukoje\u0165:<\/p>\n<p>Vyrobena z \u010dern\u00e9ho hlin\u00edku 6061-T6, kter\u00fd je pevn\u00fd, lehk\u00fd a odoln\u00fd v\u016f\u010di n\u00e1raz\u016fm.<br \/>\nTlou\u0161\u0165ka rukojeti 14,99 mm zaji\u0161\u0165uje pohodln\u00fd \u00fachop.<br \/>\nP\u0159enos:<\/p>\n<p>Oboustrann\u00fd Mini Deep Carry klip pro diskr\u00e9tn\u00ed no\u0161en\u00ed v kapse (Tip-Up, pro prav\u00e1ky i lev\u00e1ky).<br \/>\nSpecifikace:<br \/>\nD\u00e9lka \u010depele: 6,29 cm<br \/>\nTlou\u0161\u0165ka \u010depele: 2,324 mm<br \/>\nD\u00e9lka v zav\u0159en\u00e9m stavu: 8,64 cm<br \/>\nCelkov\u00e1 d\u00e9lka: 14,94 cm<br \/>\nHmotnost: 42,81 g<br \/>\nT\u0159\u00edda: Black (taktick\u00e1 \u0159ada Benchmade)<br \/>\nVyrobeno v USA<br \/>\nV\u00fdhody:<br \/>\nDiskr\u00e9tn\u00ed a lehk\u00fd design vhodn\u00fd pro ka\u017edodenn\u00ed no\u0161en\u00ed.<br \/>\nPr\u00e9miov\u00e9 materi\u00e1ly zajist\u00ed dlouhou \u017eivotnost a spolehlivost.<br \/>\nAutomatick\u00fd mechanismus s plynul\u00fdm ovl\u00e1d\u00e1n\u00edm jednou rukou.<br \/>\nBenchmade 4850BK Om je perfektn\u00ed volbou pro ty, kte\u0159\u00ed hledaj\u00ed spolehliv\u00fd a elegantn\u00ed n\u016f\u017e s minim\u00e1ln\u00edm profilem, ani\u017e by ob\u011btovali kvalitu nebo funk\u010dnost.<\/p>\n","protected":false},"excerpt":{"rendered":"<p><strong>Benchmade 4850BK Om je kompaktn\u00ed, lehk\u00fd a diskr\u00e9tn\u00ed automatick\u00fd n\u016f\u017e navr\u017een\u00fd tak, aby poskytoval funk\u010dnost bez p\u0159itahov\u00e1n\u00ed zbyte\u010dn\u00e9 pozornosti. D\u00edky sv\u00e9mu promy\u0161len\u00e9mu designu a kvalitn\u00edm materi\u00e1l\u016fm je ide\u00e1ln\u00ed pro ka\u017edodenn\u00ed no\u0161en\u00ed.<\/strong><\/p>\n<p><strong>Doprava zdarma.<\/strong><\/p>\n","protected":false},"featured_media":370884,"comment_status":"open","ping_status":"closed","template":"","meta":[],"pwb-brand":[3960],"product_brand":[],"product_cat":[2019,17],"product_tag":[],"class_list":{"0":"post-370883","1":"product","2":"type-product","3":"status-publish","4":"has-post-thumbnail","6":"pwb-brand-benchmade","7":"product_cat-vystrelovaci-noze","8":"product_cat-noze","10":"first","11":"instock","12":"taxable","13":"shipping-taxable","14":"purchasable","15":"product-type-simple"},"brands":[{"id":3960,"name":"Benchmade","slug":"benchmade"}],"_links":{"self":[{"href":"https:\/\/www.moskito.cz\/fr\/wp-json\/wp\/v2\/product\/370883","targetHints":{"allow":["GET"]}}],"collection":[{"href":"https:\/\/www.moskito.cz\/fr\/wp-json\/wp\/v2\/product"}],"about":[{"href":"https:\/\/www.moskito.cz\/fr\/wp-json\/wp\/v2\/types\/product"}],"replies":[{"embeddable":true,"href":"https:\/\/www.moskito.cz\/fr\/wp-json\/wp\/v2\/comments?post=370883"}],"wp:featuredmedia":[{"embeddable":true,"href":"https:\/\/www.moskito.cz\/fr\/wp-json\/wp\/v2\/media\/370884"}],"wp:attachment":[{"href":"https:\/\/www.moskito.cz\/fr\/wp-json\/wp\/v2\/media?parent=370883"}],"wp:term":[{"taxonomy":"pwb-brand","embeddable":true,"href":"https:\/\/www.moskito.cz\/fr\/wp-json\/wp\/v2\/pwb-brand?post=370883"},{"taxonomy":"product_brand","embeddable":true,"href":"https:\/\/www.moskito.cz\/fr\/wp-json\/wp\/v2\/product_brand?post=370883"},{"taxonomy":"product_cat","embeddable":true,"href":"https:\/\/www.moskito.cz\/fr\/wp-json\/wp\/v2\/product_cat?post=370883"},{"taxonomy":"product_tag","embeddable":true,"href":"https:\/\/www.moskito.cz\/fr\/wp-json\/wp\/v2\/product_tag?post=370883"}],"curies":[{"name":"wp","href":"https:\/\/api.w.org\/{rel}","templated":true}]}}