{"id":370925,"date":"2024-11-12T21:00:29","date_gmt":"2024-11-12T20:00:29","guid":{"rendered":"https:\/\/www.moskito.cz\/?post_type=product&#038;p=370925"},"modified":"2026-02-14T17:14:20","modified_gmt":"2026-02-14T16:14:20","slug":"zaviraci-nuz-benchmade-mini-adamas-273gy-1","status":"publish","type":"product","link":"https:\/\/www.moskito.cz\/fr\/produkt\/zaviraci-nuz-benchmade-mini-adamas-273gy-1\/","title":{"rendered":"Zav\u00edrac\u00ed N\u016f\u017e Benchmade Mini Adamas 273GY-1"},"content":{"rendered":"<p>Zav\u00edrac\u00ed N\u016f\u017e <strong>Benchmade<\/strong> Mini Adamas 273GY-1.<\/p>\n<p>Taktick\u00fd zav\u00edrac\u00ed n\u016f\u017e Benchmade 273GY-1 Mini Adamas<br \/>\nTaktick\u00fd n\u016f\u017e Mini Adamas od spole\u010dnosti<\/p>\n<p>Kl\u00ed\u010dov\u00e9 vlastnosti:<br \/>\nTyp \u010depele:Dr<br \/>\nMateri\u00e1l \u010depele:Pr\u00e9miov\u00e1 n\u00e1stCPM-CruWear (63-65 HRC)\u2013<br \/>\nPovrch \u010depele: Tungsten Grey\u2013 \u00faprava z<br \/>\nRukoje\u0165: \u010cG10 \u2013 odoln\u00fd a lehk\u00fd<br \/>\nKapesn\u00ed klip: ObDeep-Carry \u2013 diskr<br \/>\nTechnick\u00e9 specifikace:<br \/>\nD\u00e9lka \u010depele: 8,26<br \/>\nTlou\u0161\u0165ka \u010depele: 3 556<br \/>\nCelkov\u00e1 d\u00e9lka (otev\u0159en\u00fd): 19,35<br \/>\nD\u00e9lka v uzav\u0159en\u00e9m stavu:11,10 cm<br \/>\nTlou\u0161\u0165ka rukojeti:16 mm<br \/>\nHmotnost: 130,41<br \/>\nT\u0159\u00edda: \u010cern<br \/>\nVyrobeno: US<br \/>\nV\u00fdhody:<br \/>\nRobustn\u00ed konstrukce: Navr\u017een<br \/>\nLehk\u00fd a hbit\u00fd:D\u00edky kompaktn\u011b<br \/>\nErgonomie: P\u0159irozen\u00fd \u00fach<br \/>\nPro koho je Mini Adamas ur\u010den?<br \/>\nTento je skv\u011blou volbou pro ty, kte\u0159\u00ed hledaj\u00ed spolehliv\u00e9ho spole\u010dn\u00edka do n\u00e1ro\u010dn\u00fdch podm\u00ednek, ale z\u00e1rove\u0148 ocen\u00ed leh\u010d\u00ed a men\u0161\u00ed design. Je ide\u00e1ln\u00ed pro outdoorov\u00e9 nad\u0161ence, profesion\u00e1ly v taktick\u00fdch oborech a ka\u017ed\u00e9ho, kdo pot\u0159ebuje m\u00edt n\u00e1stroj na \u0161pi\u010dkov\u00e9 \u00farovni v\u017edy po ruce.<\/p>\n","protected":false},"excerpt":{"rendered":"<p><strong>Tento je skv\u011blou volbou pro ty, kte\u0159\u00ed hledaj\u00ed spolehliv\u00e9ho spole\u010dn\u00edka do n\u00e1ro\u010dn\u00fdch podm\u00ednek, ale z\u00e1rove\u0148 ocen\u00ed leh\u010d\u00ed a men\u0161\u00ed design. Je ide\u00e1ln\u00ed pro outdoorov\u00e9 nad\u0161ence, profesion\u00e1ly v taktick\u00fdch oborech a ka\u017ed\u00e9ho, kdo pot\u0159ebuje m\u00edt n\u00e1stroj na \u0161pi\u010dkov\u00e9 \u00farovni v\u017edy po ruce.<\/strong><\/p>\n<p><strong>Doprava zdarma.<\/strong><\/p>\n","protected":false},"featured_media":370926,"comment_status":"open","ping_status":"closed","template":"","meta":[],"pwb-brand":[3960],"product_brand":[],"product_cat":[22,17],"product_tag":[],"class_list":{"0":"post-370925","1":"product","2":"type-product","3":"status-publish","4":"has-post-thumbnail","6":"pwb-brand-benchmade","7":"product_cat-zaviraci-noze","8":"product_cat-noze","10":"first","11":"outofstock","12":"taxable","13":"shipping-taxable","14":"purchasable","15":"product-type-simple"},"brands":[{"id":3960,"name":"Benchmade","slug":"benchmade"}],"_links":{"self":[{"href":"https:\/\/www.moskito.cz\/fr\/wp-json\/wp\/v2\/product\/370925","targetHints":{"allow":["GET"]}}],"collection":[{"href":"https:\/\/www.moskito.cz\/fr\/wp-json\/wp\/v2\/product"}],"about":[{"href":"https:\/\/www.moskito.cz\/fr\/wp-json\/wp\/v2\/types\/product"}],"replies":[{"embeddable":true,"href":"https:\/\/www.moskito.cz\/fr\/wp-json\/wp\/v2\/comments?post=370925"}],"wp:featuredmedia":[{"embeddable":true,"href":"https:\/\/www.moskito.cz\/fr\/wp-json\/wp\/v2\/media\/370926"}],"wp:attachment":[{"href":"https:\/\/www.moskito.cz\/fr\/wp-json\/wp\/v2\/media?parent=370925"}],"wp:term":[{"taxonomy":"pwb-brand","embeddable":true,"href":"https:\/\/www.moskito.cz\/fr\/wp-json\/wp\/v2\/pwb-brand?post=370925"},{"taxonomy":"product_brand","embeddable":true,"href":"https:\/\/www.moskito.cz\/fr\/wp-json\/wp\/v2\/product_brand?post=370925"},{"taxonomy":"product_cat","embeddable":true,"href":"https:\/\/www.moskito.cz\/fr\/wp-json\/wp\/v2\/product_cat?post=370925"},{"taxonomy":"product_tag","embeddable":true,"href":"https:\/\/www.moskito.cz\/fr\/wp-json\/wp\/v2\/product_tag?post=370925"}],"curies":[{"name":"wp","href":"https:\/\/api.w.org\/{rel}","templated":true}]}}