{"id":371266,"date":"2024-11-12T23:08:10","date_gmt":"2024-11-12T22:08:10","guid":{"rendered":"https:\/\/www.moskito.cz\/?post_type=product&#038;p=371266"},"modified":"2025-05-07T11:26:11","modified_gmt":"2025-05-07T10:26:11","slug":"zaviraci-nuz-benchmade-mini-osborne-945bk-1","status":"publish","type":"product","link":"https:\/\/www.moskito.cz\/fr\/produkt\/zaviraci-nuz-benchmade-mini-osborne-945bk-1\/","title":{"rendered":"Zav\u00edrac\u00ed N\u016f\u017e Benchmade Mini Osborne 945BK-1"},"content":{"rendered":"<p>Zav\u00edrac\u00ed N\u016f\u017e <strong>Benchmade<\/strong> Mini Osborne 945BK-1.<\/p>\n<p>Benchmade 945BK-1 Mini Osborne je kompaktn\u00ed a vylep\u0161enou verz\u00ed legend\u00e1rn\u00edho modelu 940, kter\u00fd oslavuje 20. v\u00fdro\u010d\u00ed sv\u00e9ho vzniku. Tento model zachov\u00e1v\u00e1 v\u0161echny kl\u00ed\u010dov\u00e9 charakteristiky sv\u00e9ho v\u011bt\u0161\u00edho p\u0159edch\u016fdce, ale v men\u0161\u00edm, p\u0159enosn\u011bj\u0161\u00edm form\u00e1tu. D\u00edky kvalitn\u00edmu zpracov\u00e1n\u00ed a pou\u017eit\u00e9mu materi\u00e1lu se Mini Osborne st\u00e1v\u00e1 skv\u011blou volbou pro ka\u017edodenn\u00ed no\u0161en\u00ed i pro n\u00e1ro\u010dn\u011bj\u0161\u00ed \u00fakoly. Zde jsou n\u011bkter\u00e9 z jeho kl\u00ed\u010dov\u00fdch vlastnost\u00ed:<\/p>\n<p>Specifikace:<br \/>\nD\u00e9lka \u010depele: 7,42 cm<br \/>\nD\u00e9lka v zav\u0159en\u00e9m stavu: 9,75 cm<br \/>\nCelkov\u00e1 d\u00e9lka: 17,17 cm<br \/>\nMateri\u00e1l \u010depele: Nerezov\u00e1 ocel CPM-S30V, zn\u00e1m\u00e1 pro svou odolnost a skv\u011bl\u00e9 vlastnosti p\u0159i zachov\u00e1n\u00ed dlouh\u00e9 \u017eivotnosti ost\u0159\u00ed.<br \/>\nStyl \u010depele: Reverse Tanto, co\u017e zaji\u0161\u0165uje siln\u00fd a p\u0159esn\u00fd hrot, ide\u00e1ln\u00ed pro pror\u00e1\u017een\u00ed a detailn\u00ed pr\u00e1ci.<br \/>\nBrou\u0161en\u00ed \u010depele: Ploch\u00e9, co\u017e zaru\u010duje v\u00fdbornou rovnov\u00e1hu mezi ostrost\u00ed a odolnost\u00ed.<br \/>\nPovrchov\u00e1 \u00faprava \u010depele: \u010cern\u00e1, kter\u00e1 nejen vypad\u00e1 stylov\u011b, ale i p\u0159isp\u00edv\u00e1 k vy\u0161\u0161\u00ed odolnosti v\u016f\u010di korozi.<br \/>\nMateri\u00e1l rukojeti: \u010cern\u00e1 G10 s modrou z\u00e1kladn\u00ed vrstvou, co\u017e je robustn\u00ed a pevn\u00fd materi\u00e1l, kter\u00fd je nav\u00edc velmi lehk\u00fd a p\u0159\u00edjemn\u00fd na dotek.<br \/>\nUzamykac\u00ed mechanismus: AXIS Lock, kter\u00fd poskytuje bezpe\u010dn\u00e9 uzam\u010den\u00ed \u010depele a umo\u017e\u0148uje snadn\u00e9 otev\u00edr\u00e1n\u00ed a zav\u00edr\u00e1n\u00ed jednou rukou.<br \/>\nSpona na kapsu: Mini d\u011blen\u00e1 \u0161ipka, s mo\u017enost\u00ed p\u0159ipevn\u011bn\u00ed na ob\u011b strany (prav\u00e1\/lev\u00e1) pro pohodln\u00e9 no\u0161en\u00ed.<br \/>\nHmotnost: Pouh\u00fdch 62,09 g, co\u017e z n\u011bj d\u011bl\u00e1 ide\u00e1ln\u00ed n\u016f\u017e pro ka\u017edodenn\u00ed no\u0161en\u00ed.<br \/>\nKl\u00ed\u010dov\u00e9 vlastnosti:<br \/>\nKompatibilita s v\u011bt\u0161\u00edmi modely: Mini Osborne skv\u011ble dopl\u0148uje plnou velikost modelu 940, tak\u017ee m\u016f\u017eete m\u00edt stejn\u011b kvalitn\u00ed n\u016f\u017e v men\u0161\u00edm a leh\u010d\u00edm proveden\u00ed.<br \/>\nErgonomie a design: Rukoje\u0165 z G10 nab\u00edz\u00ed pevn\u00fd \u00fachop, co\u017e je d\u016fle\u017eit\u00e9 p\u0159i n\u00e1ro\u010dn\u011bj\u0161\u00edm pou\u017e\u00edv\u00e1n\u00ed. D\u016fraz na detaily a vyv\u00e1\u017een\u00fd design \u010din\u00ed n\u016f\u017e pohodln\u00fdm a efektivn\u00edm p\u0159i ka\u017ed\u00e9m pou\u017eit\u00ed.<br \/>\nV\u00fdrobce:<br \/>\nVyrobeno v USA, co\u017e zaji\u0161\u0165uje vysokou kvalitu a preciznost, na kterou se Benchmade m\u016f\u017ee pochlubit. Model 945BK-1 je uk\u00e1zkou dokonal\u00e9 \u0159emesln\u00e9 pr\u00e1ce.<br \/>\nTento n\u016f\u017e je ide\u00e1ln\u00ed pro ka\u017edodenn\u00ed pou\u017eit\u00ed a pro ty, kte\u0159\u00ed hledaj\u00ed men\u0161\u00ed, ale st\u00e1le velmi siln\u00fd a spolehliv\u00fd n\u00e1stroj, kter\u00fd je z\u00e1rove\u0148 stylov\u00fd a ergonomick\u00fd.<\/p>\n<p>&nbsp;<\/p>\n<p>&nbsp;<\/p>\n","protected":false},"excerpt":{"rendered":"<p><strong>Vyrobeno v USA, co\u017e zaji\u0161\u0165uje vysokou kvalitu a preciznost, na kterou se Benchmade m\u016f\u017ee pochlubit. Model 945BK-1 je uk\u00e1zkou dokonal\u00e9 \u0159emesln\u00e9 pr\u00e1ce.<\/strong><br \/>\n<strong>Tento n\u016f\u017e je ide\u00e1ln\u00ed pro ka\u017edodenn\u00ed pou\u017eit\u00ed a pro ty, kte\u0159\u00ed hledaj\u00ed men\u0161\u00ed, ale st\u00e1le velmi siln\u00fd a spolehliv\u00fd n\u00e1stroj, kter\u00fd je z\u00e1rove\u0148 stylov\u00fd a ergonomick\u00fd.<\/strong><\/p>\n<p><strong>Doprava zdarma.<\/strong><\/p>\n","protected":false},"featured_media":371267,"comment_status":"open","ping_status":"closed","template":"","meta":[],"pwb-brand":[3960],"product_brand":[],"product_cat":[22,17],"product_tag":[],"class_list":{"0":"post-371266","1":"product","2":"type-product","3":"status-publish","4":"has-post-thumbnail","6":"pwb-brand-benchmade","7":"product_cat-zaviraci-noze","8":"product_cat-noze","10":"first","11":"instock","12":"taxable","13":"shipping-taxable","14":"purchasable","15":"product-type-simple"},"brands":[{"id":3960,"name":"Benchmade","slug":"benchmade"}],"_links":{"self":[{"href":"https:\/\/www.moskito.cz\/fr\/wp-json\/wp\/v2\/product\/371266","targetHints":{"allow":["GET"]}}],"collection":[{"href":"https:\/\/www.moskito.cz\/fr\/wp-json\/wp\/v2\/product"}],"about":[{"href":"https:\/\/www.moskito.cz\/fr\/wp-json\/wp\/v2\/types\/product"}],"replies":[{"embeddable":true,"href":"https:\/\/www.moskito.cz\/fr\/wp-json\/wp\/v2\/comments?post=371266"}],"wp:featuredmedia":[{"embeddable":true,"href":"https:\/\/www.moskito.cz\/fr\/wp-json\/wp\/v2\/media\/371267"}],"wp:attachment":[{"href":"https:\/\/www.moskito.cz\/fr\/wp-json\/wp\/v2\/media?parent=371266"}],"wp:term":[{"taxonomy":"pwb-brand","embeddable":true,"href":"https:\/\/www.moskito.cz\/fr\/wp-json\/wp\/v2\/pwb-brand?post=371266"},{"taxonomy":"product_brand","embeddable":true,"href":"https:\/\/www.moskito.cz\/fr\/wp-json\/wp\/v2\/product_brand?post=371266"},{"taxonomy":"product_cat","embeddable":true,"href":"https:\/\/www.moskito.cz\/fr\/wp-json\/wp\/v2\/product_cat?post=371266"},{"taxonomy":"product_tag","embeddable":true,"href":"https:\/\/www.moskito.cz\/fr\/wp-json\/wp\/v2\/product_tag?post=371266"}],"curies":[{"name":"wp","href":"https:\/\/api.w.org\/{rel}","templated":true}]}}