{"id":372616,"date":"2024-11-14T23:18:13","date_gmt":"2024-11-14T22:18:13","guid":{"rendered":"https:\/\/www.moskito.cz\/?post_type=product&#038;p=372616"},"modified":"2026-01-07T23:39:10","modified_gmt":"2026-01-07T22:39:10","slug":"vystrelovaci-nuz-benchmade-mini-claymore-3375gy","status":"publish","type":"product","link":"https:\/\/www.moskito.cz\/fr\/produkt\/vystrelovaci-nuz-benchmade-mini-claymore-3375gy\/","title":{"rendered":"Vyst\u0159elovac\u00ed N\u016f\u017e Benchmade Mini Claymore 3375GY"},"content":{"rendered":"<h1 data-start=\"139\" data-end=\"188\">Vyst\u0159elovac\u00ed N\u016f\u017e Benchmade Mini Claymore 3375GY<\/h1>\n<p data-start=\"190\" data-end=\"586\">Benchmade Mini Claymore 3375GY p\u0159edstavuje \u0161pi\u010dku v kategorii vyst\u0159elovac\u00edch (OTF) no\u017e\u016f. Tento kompaktn\u00ed, ale vysoce \u00fa\u010dinn\u00fd n\u016f\u017e je navr\u017een pro u\u017eivatele, kte\u0159\u00ed vy\u017eaduj\u00ed okam\u017eitou p\u0159ipravenost, spolehlivost a p\u0159esnost v n\u00e1ro\u010dn\u00fdch podm\u00ednk\u00e1ch. A\u0165 u\u017e jde o taktick\u00e9 operace, outdoorov\u00e9 aktivity nebo rychl\u00e9 \u0159e\u0161en\u00ed krizov\u00fdch situac\u00ed, Mini Claymore poskytuje profesion\u00e1ln\u00ed v\u00fdkon v kompaktn\u00edm form\u00e1tu.<\/p>\n<p data-start=\"588\" data-end=\"1094\">Dvoustrann\u00e1 d\u00fdkov\u00e1 \u010depel z pr\u00e9miov\u00e9 oceli CPM-D2 nab\u00edz\u00ed vynikaj\u00edc\u00ed tvrdost, hou\u017eevnatost a dlouhou \u017eivotnost ost\u0159\u00ed, zat\u00edmco kou\u0159ov\u011b \u0161ed\u00e1 PVD povrchov\u00e1 \u00faprava zaji\u0161\u0165uje odolnost proti korozi a dod\u00e1v\u00e1 no\u017ei taktick\u00fd vzhled. Rukoje\u0165 z materi\u00e1lu Grivory\u00ae je lehk\u00e1, ale pevn\u00e1 a ergonomicky tvarovan\u00e1 pro bezpe\u010dn\u00fd \u00fachop i v rukavic\u00edch nebo mokr\u00e9m prost\u0159ed\u00ed. OTF mechanismus s dvojitou akc\u00ed umo\u017e\u0148uje okam\u017eit\u00e9 vysunut\u00ed a zasunut\u00ed \u010depele jedn\u00edm pohybem, co\u017e je rozhoduj\u00edc\u00ed v situac\u00edch, kde z\u00e1le\u017e\u00ed na ka\u017ed\u00e9 vte\u0159in\u011b.<\/p>\n<p data-start=\"1096\" data-end=\"1459\">Mini Claymore 3375GY nen\u00ed jen praktick\u00fdm n\u00e1strojem \u2013 je to tak\u00e9 ikonick\u00fd kousek pro sb\u011bratele OTF no\u017e\u016f. D\u00edky kompaktn\u00edm rozm\u011br\u016fm a precizn\u00edmu proveden\u00ed lze n\u016f\u017e snadno p\u0159en\u00e1\u0161et, ani\u017e by ztratil svou funk\u010dnost nebo estetickou hodnotu. Tento model ukazuje, jak Benchmade dok\u00e1\u017ee spojit rychlou reakci, odolnost a sofistikovan\u00fd design v jednom univerz\u00e1ln\u00edm n\u00e1stroji.<\/p>\n<hr data-start=\"1461\" data-end=\"1464\" \/>\n<p data-start=\"1466\" data-end=\"1484\">\ud83d\udd27 <strong data-start=\"1469\" data-end=\"1484\">Specifikace<\/strong><\/p>\n<ul data-start=\"1486\" data-end=\"2119\">\n<li data-start=\"1486\" data-end=\"1541\">\n<p data-start=\"1488\" data-end=\"1541\"><strong data-start=\"1488\" data-end=\"1521\">Celkov\u00e1 d\u00e9lka (otev\u0159en\u00fd n\u016f\u017e):<\/strong> 7,14\u00a0\u00bb | 18,14 cm<\/p>\n<\/li>\n<li data-start=\"1542\" data-end=\"1580\">\n<p data-start=\"1544\" data-end=\"1580\"><strong data-start=\"1544\" data-end=\"1561\">D\u00e9lka \u010depele:<\/strong> 3,02\u00a0\u00bb | 7,67 cm<\/p>\n<\/li>\n<li data-start=\"1581\" data-end=\"1623\">\n<p data-start=\"1583\" data-end=\"1623\"><strong data-start=\"1583\" data-end=\"1603\">Tlou\u0161\u0165ka \u010depele:<\/strong> 0,116\u00a0\u00bb | 2,95 mm<\/p>\n<\/li>\n<li data-start=\"1624\" data-end=\"1673\">\n<p data-start=\"1626\" data-end=\"1673\"><strong data-start=\"1626\" data-end=\"1653\">D\u00e9lka v zav\u0159en\u00e9m stavu:<\/strong> 4,11\u00a0\u00bb | 10,44 cm<\/p>\n<\/li>\n<li data-start=\"1674\" data-end=\"1719\">\n<p data-start=\"1676\" data-end=\"1719\"><strong data-start=\"1676\" data-end=\"1698\">Tlou\u0161\u0165ka rukojeti:<\/strong> 0,521\u00a0\u00bb | 13,23 mm<\/p>\n<\/li>\n<li data-start=\"1720\" data-end=\"1744\">\n<p data-start=\"1722\" data-end=\"1744\"><strong data-start=\"1722\" data-end=\"1738\">Mezera h\u00e1ku:<\/strong> N\/A<\/p>\n<\/li>\n<li data-start=\"1745\" data-end=\"1780\">\n<p data-start=\"1747\" data-end=\"1780\"><strong data-start=\"1747\" data-end=\"1772\">Barva obalu produktu:<\/strong> \u010dern\u00e1<\/p>\n<\/li>\n<li data-start=\"1781\" data-end=\"1845\">\n<p data-start=\"1783\" data-end=\"1845\"><strong data-start=\"1783\" data-end=\"1799\">Mechanismus:<\/strong> Dvojit\u00e1 akce \u2013 vyst\u0159elovac\u00ed (Out-The-Front)<\/p>\n<\/li>\n<li data-start=\"1846\" data-end=\"1882\">\n<p data-start=\"1848\" data-end=\"1882\"><strong data-start=\"1848\" data-end=\"1864\">Styl \u010depele:<\/strong> D\u00fdkov\u00fd (Dagger)<\/p>\n<\/li>\n<li data-start=\"1883\" data-end=\"1908\">\n<p data-start=\"1885\" data-end=\"1908\"><strong data-start=\"1885\" data-end=\"1897\">Rukoje\u0165:<\/strong> Grivory\u00ae<\/p>\n<\/li>\n<li data-start=\"1909\" data-end=\"1976\">\n<p data-start=\"1911\" data-end=\"1976\"><strong data-start=\"1911\" data-end=\"1928\">Kapesn\u00ed klip:<\/strong> Deep Carry, Tip-Down, pro prav\u00e9 i lev\u00e9 no\u0161en\u00ed<\/p>\n<\/li>\n<li data-start=\"1977\" data-end=\"2013\">\n<p data-start=\"1979\" data-end=\"2013\"><strong data-start=\"1979\" data-end=\"2007\">Povrchov\u00e1 \u00faprava \u010depele:<\/strong> PVD<\/p>\n<\/li>\n<li data-start=\"2014\" data-end=\"2048\">\n<p data-start=\"2016\" data-end=\"2048\"><strong data-start=\"2016\" data-end=\"2033\">Barva \u010depele:<\/strong> kou\u0159ov\u011b \u0161ed\u00e1<\/p>\n<\/li>\n<li data-start=\"2049\" data-end=\"2075\">\n<p data-start=\"2051\" data-end=\"2075\"><strong data-start=\"2051\" data-end=\"2067\">Barva klipu:<\/strong> \u010dern\u00e1<\/p>\n<\/li>\n<li data-start=\"2076\" data-end=\"2119\">\n<p data-start=\"2078\" data-end=\"2119\"><strong data-start=\"2078\" data-end=\"2105\">Povrchov\u00e1 \u00faprava klipu:<\/strong> Black Oxide<\/p>\n<\/li>\n<\/ul>\n<hr data-start=\"2121\" data-end=\"2124\" \/>\n<p data-start=\"2126\" data-end=\"2145\">\u2705 <strong data-start=\"2128\" data-end=\"2145\">Hlavn\u00ed v\u00fdhody<\/strong><\/p>\n<ul data-start=\"2147\" data-end=\"2419\">\n<li data-start=\"2147\" data-end=\"2199\">\n<p data-start=\"2149\" data-end=\"2199\">Dvojit\u00e1 akce OTF mechanismu pro okam\u017eitou reakci<\/p>\n<\/li>\n<li data-start=\"2200\" data-end=\"2249\">\n<p data-start=\"2202\" data-end=\"2249\">Ergonomick\u00e1, pevn\u00e1 a lehk\u00e1 rukoje\u0165 z Grivory\u00ae<\/p>\n<\/li>\n<li data-start=\"2250\" data-end=\"2319\">\n<p data-start=\"2252\" data-end=\"2319\">Odoln\u00e1 CPM-D2 ocel s PVD povrchovou \u00fapravou pro dlouhou \u017eivotnost<\/p>\n<\/li>\n<li data-start=\"2320\" data-end=\"2369\">\n<p data-start=\"2322\" data-end=\"2369\">Kompaktn\u00ed rozm\u011bry vhodn\u00e9 pro diskr\u00e9tn\u00ed no\u0161en\u00ed<\/p>\n<\/li>\n<li data-start=\"2370\" data-end=\"2419\">\n<p data-start=\"2372\" data-end=\"2419\">Dvoustrann\u00e1 d\u00fdkov\u00e1 \u010depel s taktick\u00fdm designem<\/p>\n<\/li>\n<\/ul>\n<hr data-start=\"2421\" data-end=\"2424\" \/>\n<p data-start=\"2426\" data-end=\"2446\">\u26a0\ufe0f <strong data-start=\"2429\" data-end=\"2446\">Mo\u017en\u00e1 omezen\u00ed<\/strong><\/p>\n<ul data-start=\"2448\" data-end=\"2648\">\n<li data-start=\"2448\" data-end=\"2506\">\n<p data-start=\"2450\" data-end=\"2506\">Vy\u0161\u0161\u00ed cena odpov\u00edd\u00e1 pr\u00e9miov\u00fdm materi\u00e1l\u016fm a technologii<\/p>\n<\/li>\n<li data-start=\"2507\" data-end=\"2574\">\n<p data-start=\"2509\" data-end=\"2574\">V n\u011bkter\u00fdch zem\u00edch a oblastech m\u016f\u017ee b\u00fdt dr\u017een\u00ed OTF no\u017e\u016f omezeno<\/p>\n<\/li>\n<li data-start=\"2575\" data-end=\"2648\">\n<p data-start=\"2577\" data-end=\"2648\">Pravideln\u00e1 \u00fadr\u017eba mechanismu je nezbytn\u00e1 pro dlouhodobou spolehlivost<\/p>\n<\/li>\n<\/ul>\n<hr data-start=\"2650\" data-end=\"2653\" \/>\n<p data-start=\"2655\" data-end=\"2676\">\ud83d\udee0\ufe0f <strong data-start=\"2659\" data-end=\"2676\">\u00dadr\u017eba a p\u00e9\u010de<\/strong><\/p>\n<ul data-start=\"2678\" data-end=\"2992\">\n<li data-start=\"2678\" data-end=\"2733\">\n<p data-start=\"2680\" data-end=\"2733\">Pravideln\u011b \u010dist\u011bte mechanismus od prachu a ne\u010distot<\/p>\n<\/li>\n<li data-start=\"2734\" data-end=\"2791\">\n<p data-start=\"2736\" data-end=\"2791\">Lehce proma\u017ete pohybliv\u00e9 \u010d\u00e1sti olejem pro hladk\u00fd chod<\/p>\n<\/li>\n<li data-start=\"2792\" data-end=\"2848\">\n<p data-start=\"2794\" data-end=\"2848\">\u010cepel osu\u0161te a kontrolujte ost\u0159\u00ed, p\u0159\u00edpadn\u011b naost\u0159ete<\/p>\n<\/li>\n<li data-start=\"2849\" data-end=\"2894\">\n<p data-start=\"2851\" data-end=\"2894\">Uchov\u00e1vejte na such\u00e9m m\u00edst\u011b, mimo vlhkost<\/p>\n<\/li>\n<li data-start=\"2895\" data-end=\"2992\">\n<p data-start=\"2897\" data-end=\"2992\">Pro udr\u017een\u00ed ost\u0159\u00ed doporu\u010dujeme Spyderco Tri-Angle Sharpmaker Complete Sharpening System 204MF<\/p>\n<\/li>\n<\/ul>\n<hr data-start=\"2994\" data-end=\"2997\" \/>\n<p data-start=\"2999\" data-end=\"3020\">\ud83c\udfaf <strong data-start=\"3002\" data-end=\"3020\">Doporu\u010deno pro<\/strong><\/p>\n<ul data-start=\"3022\" data-end=\"3300\">\n<li data-start=\"3022\" data-end=\"3092\">\n<p data-start=\"3024\" data-end=\"3092\">Profesion\u00e1ly a taktick\u00e9 jednotky vy\u017eaduj\u00edc\u00ed okam\u017eitou p\u0159ipravenost<\/p>\n<\/li>\n<li data-start=\"3093\" data-end=\"3135\">\n<p data-start=\"3095\" data-end=\"3135\">Sb\u011bratele OTF no\u017e\u016f a taktick\u00e9 nad\u0161ence<\/p>\n<\/li>\n<li data-start=\"3136\" data-end=\"3209\">\n<p data-start=\"3138\" data-end=\"3209\">Outdoorov\u00e9 u\u017eivatele hledaj\u00edc\u00ed kompaktn\u00ed, rychl\u00fd a spolehliv\u00fd n\u00e1stroj<\/p>\n<\/li>\n<li data-start=\"3210\" data-end=\"3300\">\n<p data-start=\"3212\" data-end=\"3300\">Ka\u017ed\u00e9ho, kdo oce\u0148uje kombinaci kompaktn\u00edch rozm\u011br\u016f, rychl\u00e9 akce a pr\u00e9miov\u00e9ho proveden\u00ed<\/p>\n<\/li>\n<\/ul>\n<hr data-start=\"3302\" data-end=\"3305\" \/>\n<p data-start=\"3307\" data-end=\"3332\">\u2b50 <strong data-start=\"3309\" data-end=\"3332\">Z\u00e1v\u011bre\u010dn\u00e9 hodnocen\u00ed<\/strong><\/p>\n<p data-start=\"3334\" data-end=\"3643\">Benchmade Mini Claymore 3375GY je \u0161pi\u010dkov\u00fd OTF n\u016f\u017e, kter\u00fd kombinuje rychlost, odolnost, ergonomii a pr\u00e9miov\u00e9 materi\u00e1ly. D\u00edky sv\u00e9mu kompaktn\u00edmu designu a spolehliv\u00e9mu mechanismu je vhodn\u00fd jak pro profesion\u00e1ly, tak pro sb\u011bratele a nad\u0161ence, kte\u0159\u00ed ocen\u00ed okam\u017eitou p\u0159ipravenost a precizn\u00ed v\u00fdkon v ka\u017ed\u00e9 situaci.<\/p>\n<hr data-start=\"3645\" data-end=\"3648\" \/>\n","protected":false},"excerpt":{"rendered":"<p><strong>Tento Mini Claymore je skute\u010dn\u011b unik\u00e1tn\u00ed a vysoce v\u00fdkonn\u00fd n\u00e1stroj, kter\u00fd vynik\u00e1 svou kompaktnost\u00ed a univerz\u00e1lnost\u00ed. S jeho dvou\u010dinn\u00fdm mechanismem OTF (Out The Front) je perfektn\u00ed volbou pro ka\u017edodenn\u00ed no\u0161en\u00ed jako EDC (Everyday Carry) n\u00e1stroj, a to nejen pro \u0159ezac\u00ed \u00fakoly, ale i pro sebeobranu.<\/strong><\/p>\n<p><strong>Doprava zdarma.<\/strong><\/p>\n","protected":false},"featured_media":372617,"comment_status":"open","ping_status":"closed","template":"","meta":[],"pwb-brand":[3960],"product_brand":[],"product_cat":[2019,17],"product_tag":[],"class_list":{"0":"post-372616","1":"product","2":"type-product","3":"status-publish","4":"has-post-thumbnail","6":"pwb-brand-benchmade","7":"product_cat-vystrelovaci-noze","8":"product_cat-noze","10":"first","11":"outofstock","12":"taxable","13":"shipping-taxable","14":"purchasable","15":"product-type-simple"},"brands":[{"id":3960,"name":"Benchmade","slug":"benchmade"}],"_links":{"self":[{"href":"https:\/\/www.moskito.cz\/fr\/wp-json\/wp\/v2\/product\/372616","targetHints":{"allow":["GET"]}}],"collection":[{"href":"https:\/\/www.moskito.cz\/fr\/wp-json\/wp\/v2\/product"}],"about":[{"href":"https:\/\/www.moskito.cz\/fr\/wp-json\/wp\/v2\/types\/product"}],"replies":[{"embeddable":true,"href":"https:\/\/www.moskito.cz\/fr\/wp-json\/wp\/v2\/comments?post=372616"}],"wp:featuredmedia":[{"embeddable":true,"href":"https:\/\/www.moskito.cz\/fr\/wp-json\/wp\/v2\/media\/372617"}],"wp:attachment":[{"href":"https:\/\/www.moskito.cz\/fr\/wp-json\/wp\/v2\/media?parent=372616"}],"wp:term":[{"taxonomy":"pwb-brand","embeddable":true,"href":"https:\/\/www.moskito.cz\/fr\/wp-json\/wp\/v2\/pwb-brand?post=372616"},{"taxonomy":"product_brand","embeddable":true,"href":"https:\/\/www.moskito.cz\/fr\/wp-json\/wp\/v2\/product_brand?post=372616"},{"taxonomy":"product_cat","embeddable":true,"href":"https:\/\/www.moskito.cz\/fr\/wp-json\/wp\/v2\/product_cat?post=372616"},{"taxonomy":"product_tag","embeddable":true,"href":"https:\/\/www.moskito.cz\/fr\/wp-json\/wp\/v2\/product_tag?post=372616"}],"curies":[{"name":"wp","href":"https:\/\/api.w.org\/{rel}","templated":true}]}}