{"id":373686,"date":"2024-11-18T22:41:17","date_gmt":"2024-11-18T21:41:17","guid":{"rendered":"https:\/\/www.moskito.cz\/?post_type=product&#038;p=373686"},"modified":"2025-05-07T11:26:22","modified_gmt":"2025-05-07T10:26:22","slug":"vystrelovaci-nuz-benchmade-autocrat-3400bk-2","status":"publish","type":"product","link":"https:\/\/www.moskito.cz\/fr\/produkt\/vystrelovaci-nuz-benchmade-autocrat-3400bk-2\/","title":{"rendered":"Vyst\u0159elovac\u00ed N\u016f\u017e Benchmade Autocrat 3400BK-2"},"content":{"rendered":"<p>Vyst\u0159elovac\u00ed N\u016f\u017e <strong>Benchmade<\/strong> Autocrat 3400BK-2.<\/p>\n<p>Benchmade 3400BK-2 Autocrat OTF Auto \u2013 Coyote Brown je vysoce kvalitn\u00ed automatick\u00fd typ OTF (Out-The-Front), kter\u00fd kombinuje p\u0159esn\u00e9 zpracov\u00e1n\u00ed n\u016f\u017eek a v\u00fdjime\u010dnou rychlost, ide\u00e1ln\u00ed jak pro ka\u017edodenn\u00ed no\u0161en\u00ed (EDC), tak pro taktick\u00e9 pou\u017eit\u00ed. Je s d\u016frazem na odolnost, funk\u010dnost a estetiku. Zde je podrobn\u00e9 shrnut\u00ed jeho vlastnost\u00ed a specifikac\u00ed:<\/p>\n<p>Kl\u00ed\u010dov\u00e9 vlastnosti:<br \/>\nMateri\u00e1l rukojeti: G10 s Peel Ply texturou v barv\u011b Coyote Brown, kter\u00e1 poskytuje pevn\u00fd \u00fachop. Rukoje\u0165 je zes\u00edlena \u010dern\u00fdm oxidem upraven\u00fdm hlin\u00edkov\u00fdm r\u00e1mem (6061-T6).<br \/>\n\u010cepel: D\u00fdka s dvojitou hranou vyrobenou z pr\u00e9miov\u00e9 nerezov\u00e9 oceli CPM-S30V s tvrdost\u00ed 58\u201360 HRC. Povrch \u010depele je o\u0161et\u0159en DLC (Diamond-Like Carbon) vrstvou pro zv\u00fd\u0161enou odolnost proti opot\u0159eben\u00ed a korozi.<br \/>\nMechanismus: Dvoj\u010dinn\u00fd automatick\u00fd mechanismus OTF s posuvn\u00fdm z\u00e1mkem, kter\u00fd umo\u017e\u0148uje snadn\u00e9 a rychl\u00e9 vysunut\u00ed i zasunut\u00ed \u010depele pomoc\u00ed palcov\u00e9ho posuvn\u00edku na h\u0159betu.<br \/>\nKapesn\u00ed klip: Oboustrann\u00fd klip pro hlubok\u00e9 no\u0161en\u00ed, vhodn\u00fd pro prav\u00e1ky i lev\u00e1ky, s orientac\u00ed \u0161pi\u010dkou dol\u016f.<br \/>\nLehkost a odolnost: Kombinace G10 a hlin\u00edku poskytuje n\u00edzkou hmotnost (111,41 g) bez kompromis\u016f v pevnosti.<br \/>\nSpecifikace:<br \/>\nD\u00e9lka \u010depele: 9,42 cm<br \/>\nTlou\u0161\u0165ka \u010depele: 2,667 mm<br \/>\nMateri\u00e1l \u010depele: CPM-S30V nerezov\u00e1 ocel<br \/>\nTvrdost \u010depele: 58\u201360 HRC<br \/>\nStyl \u010depele: D\u00fdka s dvojitou hranou<br \/>\nTlou\u0161\u0165ka rukojeti: 15,24 mm<br \/>\nHmotnost: 111,41 g<br \/>\nCelkov\u00e1 d\u00e9lka: 22,23 cm<br \/>\nD\u00e9lka v zav\u0159en\u00e9m stavu: 12,80 cm<br \/>\nT\u0159\u00edda: \u010cern\u00e1 (ur\u010deno pro profesion\u00e1ln\u00ed a taktick\u00e9 u\u017eivatele)<br \/>\nVyrobeno: USA<br \/>\nBenchmade 3400BK-2 Autocrat je vynikaj\u00edc\u00ed volbou pro ty, hledaj\u00edc\u00ed spolehliv\u011b esteticky atraktivn\u00ed automatick\u00fd n\u016f\u017e. Je ide\u00e1ln\u00ed pro n\u00e1ro\u010dn\u00e9 \u00fakoly i jako sou\u010d\u00e1st ka\u017edodenn\u00ed v\u00fdbavy.<\/p>\n","protected":false},"excerpt":{"rendered":"<p><strong>Benchmade 3400BK-2 Autocrat je vynikaj\u00edc\u00ed volbou pro ty, hledaj\u00edc\u00ed spolehliv\u011b esteticky atraktivn\u00ed automatick\u00fd n\u016f\u017e. Je ide\u00e1ln\u00ed pro n\u00e1ro\u010dn\u00e9 \u00fakoly i jako sou\u010d\u00e1st ka\u017edodenn\u00ed v\u00fdbavy.<\/strong><\/p>\n<p><strong>Doprava zdarma.<\/strong><\/p>\n","protected":false},"featured_media":373688,"comment_status":"open","ping_status":"closed","template":"","meta":[],"pwb-brand":[3960],"product_brand":[],"product_cat":[2019,17],"product_tag":[],"class_list":{"0":"post-373686","1":"product","2":"type-product","3":"status-publish","4":"has-post-thumbnail","6":"pwb-brand-benchmade","7":"product_cat-vystrelovaci-noze","8":"product_cat-noze","10":"first","11":"instock","12":"taxable","13":"shipping-taxable","14":"purchasable","15":"product-type-simple"},"brands":[{"id":3960,"name":"Benchmade","slug":"benchmade"}],"_links":{"self":[{"href":"https:\/\/www.moskito.cz\/fr\/wp-json\/wp\/v2\/product\/373686","targetHints":{"allow":["GET"]}}],"collection":[{"href":"https:\/\/www.moskito.cz\/fr\/wp-json\/wp\/v2\/product"}],"about":[{"href":"https:\/\/www.moskito.cz\/fr\/wp-json\/wp\/v2\/types\/product"}],"replies":[{"embeddable":true,"href":"https:\/\/www.moskito.cz\/fr\/wp-json\/wp\/v2\/comments?post=373686"}],"wp:featuredmedia":[{"embeddable":true,"href":"https:\/\/www.moskito.cz\/fr\/wp-json\/wp\/v2\/media\/373688"}],"wp:attachment":[{"href":"https:\/\/www.moskito.cz\/fr\/wp-json\/wp\/v2\/media?parent=373686"}],"wp:term":[{"taxonomy":"pwb-brand","embeddable":true,"href":"https:\/\/www.moskito.cz\/fr\/wp-json\/wp\/v2\/pwb-brand?post=373686"},{"taxonomy":"product_brand","embeddable":true,"href":"https:\/\/www.moskito.cz\/fr\/wp-json\/wp\/v2\/product_brand?post=373686"},{"taxonomy":"product_cat","embeddable":true,"href":"https:\/\/www.moskito.cz\/fr\/wp-json\/wp\/v2\/product_cat?post=373686"},{"taxonomy":"product_tag","embeddable":true,"href":"https:\/\/www.moskito.cz\/fr\/wp-json\/wp\/v2\/product_tag?post=373686"}],"curies":[{"name":"wp","href":"https:\/\/api.w.org\/{rel}","templated":true}]}}