{"id":374667,"date":"2024-11-19T22:47:24","date_gmt":"2024-11-19T21:47:24","guid":{"rendered":"https:\/\/www.moskito.cz\/?post_type=product&#038;p=374667"},"modified":"2025-05-07T11:26:27","modified_gmt":"2025-05-07T10:26:27","slug":"zaviraci-nuz-motylek-benchmade-necron-99","status":"publish","type":"product","link":"https:\/\/www.moskito.cz\/fr\/produkt\/zaviraci-nuz-motylek-benchmade-necron-99\/","title":{"rendered":"Zav\u00edrac\u00ed N\u016f\u017e Mot\u00fdlek Benchmade Necron 99"},"content":{"rendered":"<p>Zav\u00edrac\u00ed N\u016f\u017e Mot\u00fdlek <strong>Benchmade<\/strong> Necron 99.<\/p>\n<p>N\u00e1vrat ke ko\u0159en\u016fm<br \/>\nBenchmade se sv\u00fdm modelem BM99 Necron vzd\u00e1v\u00e1 hold tradi\u010dn\u00edmu designu Bali-Song, ale p\u0159id\u00e1v\u00e1 modern\u00ed inovace, kter\u00e9 oslov\u00ed ka\u017ed\u00e9ho fanou\u0161ka p\u0159ekl\u00e1p\u011bn\u00ed. Kombinace klasick\u00e9ho vzhledu a pokro\u010dil\u00e9 funk\u010dnosti nab\u00edz\u00ed nekompromisn\u00ed v\u00fdkon a estetiku.<\/p>\n<p>Kl\u00ed\u010dov\u00e9 vlastnosti:<br \/>\n\u010cepel Scimitar z CPM-S30V oceli:<\/p>\n<p>Pr\u00e9miov\u00e1 nerezov\u00e1 ocel s tvrdost\u00ed 58\u201360 HRC poskytuje vysokou odolnost proti opot\u0159eben\u00ed.<br \/>\nSat\u00e9nov\u00e1 povrchov\u00e1 \u00faprava dod\u00e1v\u00e1 \u010depel\u00ed elegantn\u00ed vzhled.<br \/>\nTvar scimitar kombinuje estetiku a prakti\u010dnost.<br \/>\nRukojeti Jade G10:<\/p>\n<p>Polopr\u016fhledn\u00fd materi\u00e1l umo\u017e\u0148uje n\u00e1hled na vnit\u0159n\u00ed mechanismy.<br \/>\nErgonomick\u00fd design bez z\u00e1padky je optimalizov\u00e1n pro profesion\u00e1ln\u00ed p\u0159ekl\u00e1p\u011bn\u00ed.<br \/>\nWolframov\u00e1 z\u00e1va\u017e\u00ed a prodlou\u017een\u00ed rukojet\u00ed pro jemn\u00e9 lad\u011bn\u00ed vyv\u00e1\u017een\u00ed.<br \/>\nP\u0159izp\u016fsobitelnost:<\/p>\n<p>Nastaviteln\u00e1 hmotnost pomoc\u00ed odn\u00edmateln\u00e9ho zat\u00ed\u017een\u00ed.<br \/>\nDel\u0161\u00ed rukojeti pro optimalizaci rychlosti a p\u0159esnosti pohyb\u016f.<br \/>\nBezpe\u010dnostn\u00ed prvky:<\/p>\n<p>Textura na rukojeti zaji\u0161\u0165uje lep\u0161\u00ed \u00fachop a hmatovou orientaci mezi bezpe\u010dnostn\u00ed a aktivn\u00ed stranou.<br \/>\nLehk\u00fd nylonov\u00fd obal:<\/p>\n<p>Praktick\u00fd obal s mo\u017enost\u00ed no\u0161en\u00ed, p\u0159id\u00e1vaj\u00edc\u00ed ochranu a pohodl\u00ed.<br \/>\nSpecifikace:<br \/>\nD\u00e9lka \u010depele: 11,66 cm<br \/>\nD\u00e9lka v zav\u0159en\u00e9m stavu: 12,90 cm<br \/>\nCelkov\u00e1 d\u00e9lka: 24,59 cm<br \/>\nTlou\u0161\u0165ka \u010depele: 3,15 mm<br \/>\nMateri\u00e1l \u010depele: CPM-S30V nerezov\u00e1 ocel<br \/>\nStyl \u010depele: Scimitar<br \/>\nMateri\u00e1l rukojeti: Jade G10<br \/>\nTlou\u0161\u0165ka rukojeti: 15,34 mm<br \/>\nHmotnost no\u017ee: 119,35 g<br \/>\nHmotnost s pouzdrem: 139,48 g<br \/>\nHodnocen\u00ed:<br \/>\nBM99 Necron je \u0161pi\u010dkov\u00fd mot\u00fdlkov\u00fd n\u016f\u017e pro nad\u0161ence a profesion\u00e1ly. P\u0159izp\u016fsobiteln\u00fd design a d\u016fraz na u\u017eivatelskou optimalizaci ho \u010din\u00ed skv\u011blou volbou pro ka\u017ed\u00e9ho, kdo hled\u00e1 p\u0159esnost, v\u00fdkon a osobit\u00fd styl.<\/p>\n<p>Vyrobeno v USA, tento n\u016f\u017e zosob\u0148uje kvalitu a tradi\u010dn\u00ed zna\u010dky Benchmade.<\/p>\n","protected":false},"excerpt":{"rendered":"<p><strong>BM99 Necron je \u0161pi\u010dkov\u00fd mot\u00fdlkov\u00fd n\u016f\u017e pro nad\u0161ence a profesion\u00e1ly. P\u0159izp\u016fsobiteln\u00fd design a d\u016fraz na u\u017eivatelskou optimalizaci ho \u010din\u00ed skv\u011blou volbou pro ka\u017ed\u00e9ho, kdo hled\u00e1 p\u0159esnost, v\u00fdkon a osobit\u00fd styl.<\/strong><\/p>\n<p><strong>Doprava zdarma.<\/strong><\/p>\n","protected":false},"featured_media":374668,"comment_status":"open","ping_status":"closed","template":"","meta":[],"pwb-brand":[3960],"product_brand":[],"product_cat":[2030,17],"product_tag":[],"class_list":{"0":"post-374667","1":"product","2":"type-product","3":"status-publish","4":"has-post-thumbnail","6":"pwb-brand-benchmade","7":"product_cat-motylky","8":"product_cat-noze","10":"first","11":"instock","12":"taxable","13":"shipping-taxable","14":"purchasable","15":"product-type-simple"},"brands":[{"id":3960,"name":"Benchmade","slug":"benchmade"}],"_links":{"self":[{"href":"https:\/\/www.moskito.cz\/fr\/wp-json\/wp\/v2\/product\/374667","targetHints":{"allow":["GET"]}}],"collection":[{"href":"https:\/\/www.moskito.cz\/fr\/wp-json\/wp\/v2\/product"}],"about":[{"href":"https:\/\/www.moskito.cz\/fr\/wp-json\/wp\/v2\/types\/product"}],"replies":[{"embeddable":true,"href":"https:\/\/www.moskito.cz\/fr\/wp-json\/wp\/v2\/comments?post=374667"}],"wp:featuredmedia":[{"embeddable":true,"href":"https:\/\/www.moskito.cz\/fr\/wp-json\/wp\/v2\/media\/374668"}],"wp:attachment":[{"href":"https:\/\/www.moskito.cz\/fr\/wp-json\/wp\/v2\/media?parent=374667"}],"wp:term":[{"taxonomy":"pwb-brand","embeddable":true,"href":"https:\/\/www.moskito.cz\/fr\/wp-json\/wp\/v2\/pwb-brand?post=374667"},{"taxonomy":"product_brand","embeddable":true,"href":"https:\/\/www.moskito.cz\/fr\/wp-json\/wp\/v2\/product_brand?post=374667"},{"taxonomy":"product_cat","embeddable":true,"href":"https:\/\/www.moskito.cz\/fr\/wp-json\/wp\/v2\/product_cat?post=374667"},{"taxonomy":"product_tag","embeddable":true,"href":"https:\/\/www.moskito.cz\/fr\/wp-json\/wp\/v2\/product_tag?post=374667"}],"curies":[{"name":"wp","href":"https:\/\/api.w.org\/{rel}","templated":true}]}}