{"id":378220,"date":"2024-11-26T15:23:41","date_gmt":"2024-11-26T14:23:41","guid":{"rendered":"https:\/\/www.moskito.cz\/?post_type=product&#038;p=378220"},"modified":"2025-05-07T11:26:53","modified_gmt":"2025-05-07T10:26:53","slug":"multicam-mesh-hat-with-spartan-blades-logo","status":"publish","type":"product","link":"https:\/\/www.moskito.cz\/fr\/produkt\/multicam-mesh-hat-with-spartan-blades-logo\/","title":{"rendered":"MultiCam Mesh Hat with Spartan Blades Logo"},"content":{"rendered":"<p>MultiCam Mesh Hat with Spartan Blades Logo.<\/p>\n<p>P\u0159edstavujeme kvalitn\u00ed s\u00ed\u0165ovanou k\u0161iltovku od Nine Line Apparel \u2013 vyrobenou v USA pro ty, kte\u0159\u00ed oce\u0148uj\u00ed pohodl\u00ed a vlastenectv\u00ed v ka\u017edodenn\u00edm \u017eivot\u011b. Tato k\u0161iltovka nen\u00ed jen dopln\u011bk, ale v\u00fdraz hrdosti a kvality. Dokonal\u00e1 kombinace stylu a funk\u010dnosti, kter\u00e1 v\u00e1s bude prov\u00e1zet va\u0161imi ka\u017edodenn\u00edmi dobrodru\u017estv\u00edmi.<br \/>\nKl\u00ed\u010dov\u00e9 vlastnosti:<\/p>\n<p>Vyrobeno v Americe: S preciznost\u00ed a hrdost\u00ed vyrobeno v USA, tato s\u00ed\u0165ovan\u00e1 k\u0161iltovka je symbolem americk\u00e9ho \u0159emesln\u00e9ho um\u011bn\u00ed.<br \/>\nPohodln\u00fd s\u00ed\u0165ovan\u00fd panel: Obsahuje s\u00ed\u0165ovan\u00fd panel s funkc\u00ed odv\u00e1d\u011bn\u00ed vlhkosti, kter\u00fd zaji\u0161\u0165uje prody\u0161nost a pohodl\u00ed i p\u0159i dlouh\u00e9m no\u0161en\u00ed.<br \/>\nNastaviteln\u00fd p\u00e1sek: P\u0159izp\u016fsobte si velikost podle sv\u00e9ho d\u00edky nastaviteln\u00e9mu p\u00e1sku, kter\u00fd poskytuje pevn\u00e9 a pohodln\u00e9 uchycen\u00ed na r\u016fzn\u00e9 velikosti hlavy.<br \/>\nDesign p\u0159ipraven\u00fd na n\u00e1\u0161ivky: Vybavte se stylov\u011b d\u00edky 7,62 cm smy\u010dkov\u00e9mu panelu na p\u0159edn\u00ed stran\u011b, kter\u00fd umo\u017e\u0148uje p\u0159ipevn\u011bn\u00ed va\u0161ich obl\u00edben\u00fdch n\u00e1\u0161ivek.<br \/>\nVlasteneck\u00e1 v\u00fd\u0161ivka: Na prav\u00e9 stran\u011b k\u0161iltovky je precizn\u011b vy\u0161it\u00e1 americk\u00e1 vlajka, kter\u00e1 dod\u00e1v\u00e1 \u0161petku n\u00e1rodn\u00ed hrdosti va\u0161emu outfitu.<br \/>\nPohodln\u00e9 no\u0161en\u00ed: K\u0161iltovka je navr\u017eena pro maxim\u00e1ln\u00ed pohodl\u00ed a padne tak skv\u011ble, \u017ee ji mo\u017en\u00e1 nebudete cht\u00edt sundat ani p\u0159i sp\u00e1nku.<\/p>\n<p>Nine Line Apparel:<\/p>\n<p>Americk\u00e1 od\u011bvn\u00ed spole\u010dnost: Nine Line Apparel je hrd\u00e1 americk\u00e1 zna\u010dka, kter\u00e1 se zav\u00e1zala pou\u017e\u00edvat materi\u00e1ly poch\u00e1zej\u00edc\u00ed z USA.<br \/>\nVlastn\u011bno veter\u00e1ny: Jako firma vlastn\u011bn\u00e1 a provozovan\u00e1 veter\u00e1ny Nine Line Apparel zt\u011bles\u0148uje ducha slu\u017eby a oddanosti kvalit\u011b.<\/p>\n<p>Dodejte sv\u00e9mu stylu nov\u00fd rozm\u011br<\/p>\n<p>S kvalitn\u00ed s\u00ed\u0165ovanou k\u0161iltovkou od Nine Line Apparel si p\u0159id\u00e1te k outfitu pohodl\u00ed, styl a americkou hrdost. A\u0165 u\u017e ji nos\u00edte le\u017e\u00e9rn\u011b nebo s obl\u00edben\u00fdmi n\u00e1\u0161ivkami, tento univerz\u00e1ln\u00ed dopln\u011bk dokonale dopln\u00ed v\u00e1\u0161 \u017eivotn\u00ed styl.<\/p>\n","protected":false},"excerpt":{"rendered":"<p><strong>S kvalitn\u00ed s\u00ed\u0165ovanou k\u0161iltovkou od Nine Line Apparel si p\u0159id\u00e1te k outfitu pohodl\u00ed, styl a americkou hrdost. A\u0165 u\u017e ji nos\u00edte le\u017e\u00e9rn\u011b nebo s obl\u00edben\u00fdmi n\u00e1\u0161ivkami, tento univerz\u00e1ln\u00ed dopln\u011bk dokonale dopln\u00ed v\u00e1\u0161 \u017eivotn\u00ed styl.<\/strong><\/p>\n","protected":false},"featured_media":378224,"comment_status":"open","ping_status":"closed","template":"","meta":[],"pwb-brand":[3833],"product_brand":[],"product_cat":[22,17,23],"product_tag":[],"class_list":{"0":"post-378220","1":"product","2":"type-product","3":"status-publish","4":"has-post-thumbnail","6":"pwb-brand-spartan-blades","7":"product_cat-zaviraci-noze","8":"product_cat-noze","9":"product_cat-pevne-noze","11":"first","12":"outofstock","13":"taxable","14":"shipping-taxable","15":"purchasable","16":"product-type-simple"},"brands":[{"id":3833,"name":"Spartan Blades","slug":"spartan-blades"}],"_links":{"self":[{"href":"https:\/\/www.moskito.cz\/fr\/wp-json\/wp\/v2\/product\/378220","targetHints":{"allow":["GET"]}}],"collection":[{"href":"https:\/\/www.moskito.cz\/fr\/wp-json\/wp\/v2\/product"}],"about":[{"href":"https:\/\/www.moskito.cz\/fr\/wp-json\/wp\/v2\/types\/product"}],"replies":[{"embeddable":true,"href":"https:\/\/www.moskito.cz\/fr\/wp-json\/wp\/v2\/comments?post=378220"}],"wp:featuredmedia":[{"embeddable":true,"href":"https:\/\/www.moskito.cz\/fr\/wp-json\/wp\/v2\/media\/378224"}],"wp:attachment":[{"href":"https:\/\/www.moskito.cz\/fr\/wp-json\/wp\/v2\/media?parent=378220"}],"wp:term":[{"taxonomy":"pwb-brand","embeddable":true,"href":"https:\/\/www.moskito.cz\/fr\/wp-json\/wp\/v2\/pwb-brand?post=378220"},{"taxonomy":"product_brand","embeddable":true,"href":"https:\/\/www.moskito.cz\/fr\/wp-json\/wp\/v2\/product_brand?post=378220"},{"taxonomy":"product_cat","embeddable":true,"href":"https:\/\/www.moskito.cz\/fr\/wp-json\/wp\/v2\/product_cat?post=378220"},{"taxonomy":"product_tag","embeddable":true,"href":"https:\/\/www.moskito.cz\/fr\/wp-json\/wp\/v2\/product_tag?post=378220"}],"curies":[{"name":"wp","href":"https:\/\/api.w.org\/{rel}","templated":true}]}}