{"id":378436,"date":"2024-11-26T19:20:06","date_gmt":"2024-11-26T18:20:06","guid":{"rendered":"https:\/\/www.moskito.cz\/?post_type=product&#038;p=378436"},"modified":"2025-05-07T11:26:55","modified_gmt":"2025-05-07T10:26:55","slug":"zaviraci-nuz-fox-knives-nu-bowie-bf-758-mib","status":"publish","type":"product","link":"https:\/\/www.moskito.cz\/fr\/produkt\/zaviraci-nuz-fox-knives-nu-bowie-bf-758-mib\/","title":{"rendered":"Zav\u00edrac\u00ed N\u016f\u017e Fox Knives NU-BOWIE BF-758 MIB"},"content":{"rendered":"<p>Zav\u00edrac\u00ed N\u016f\u017e <strong>Fox Knives<\/strong> NU-BOWIE BF-758 MIB.<\/p>\n<p>Od ran\u00e9ho v\u011bku byl Keanu Alfaro fascinov\u00e1n um\u011bn\u00edm no\u017e\u016f, co\u017e mu p\u0159ineslo tv\u016fr\u010d\u00ed cestu ve sv\u011bt\u011b designu. V roce 2020 ho tato v\u00e1\u0161e\u0148 p\u0159im\u011bla vz\u00edt do ruky a navrhnout Black Fox Nu-Bowie. Tento n\u016f\u017e p\u0159edstavuje dokonal\u00e9 spojen\u00ed tradice a inovace, zt\u011bles\u0148uj\u00edc\u00ed eleganci a funk\u010dnost v ka\u017ed\u00e9m detailu. Black Fox Nu-Bowie nen\u00ed jen n\u016f\u017e; je to z\u00e1\u017eitek, pocta legend\u00e1rn\u00edmu designu Bowiemu, oslavovan\u00e9mu pevn\u00e9mu no\u017ei americk\u00e9 tradice.<\/p>\n<p>Co tento klenot odli\u0161uje, je schopnost kombinovat robustnost a univerz\u00e1lnost Bowiemu s prakti\u010dnost\u00ed zav\u00edrac\u00edho no\u017ee. Jde o prvn\u00ed model v t\u00e9to \u0159ad\u011b, kter\u00fd je vybaven mechanismem button lock, zn\u00e1m\u00fdm jako \u201etla\u010d\u00edtkov\u00e1 pojistka\u201c, kter\u00fd zaru\u010duje bezkonkuren\u010dn\u00ed bezpe\u010dnost a stabilitu. Inspirace pro design Black Fox Nu-Bowie m\u00e1 hlubok\u00e9 ko\u0159eny v historii no\u017e\u016f, sahaj\u00edc\u00ed a\u017e k \u0159emesln\u00edk\u016fm, kte\u0159\u00ed s mistrovstv\u00edm a oddanost\u00ed vy<\/p>\n<p>Keanu Alfaro v\u0161ak dok\u00e1zal tento klasick\u00fd design reinterpretovat s pohledem do budoucnosti, dopln\u011bn\u00edm inovativn\u00edch detail\u016f. P\u0159\u00edtomnost klipu zaji\u0161\u0165uje snadnou p\u0159enosnost, d\u00edky \u010demu\u017e si tento symbol \u0159emesln\u00e9ho um\u011bn\u00ed a stylu m\u016f\u017ee vz\u00edt vz\u00edt kamkoli s sebou.<\/p>\n<p>Design\u00e9r : Kean Alfaro &#8211; pravd\u011bpodobn\u011b vlastn\u00ed nebo charakteristick\u00fd design, zd\u016fraz\u0148uj\u00edc\u00ed kvalitu a estetiku.<br \/>\nBlade Steel : D2 &#8211; n\u00e1strojov\u00e1 ocel zn\u00e1m\u00e1 pro svou st\u00e1lost ost\u0159\u00ed a trvanlivost, \u010dasto pou\u017e\u00edvan\u00e1 u no\u017e\u016f st\u0159edn\u00ed t\u0159\u00eddy.<br \/>\nTvrdost : HRC 59-61 &#8211; ozna\u010duje hou\u017eevnatou \u010depel, kter\u00e1 vyva\u017euje zachov\u00e1n\u00ed ostrosti s p\u0159im\u011b\u0159en\u011b snadn\u00fdm ost\u0159en\u00edm.<br \/>\nPovrchov\u00e1 \u00faprava \u010depele : Kamenem omyt\u00e1 &#8211; zvy\u0161uje odolnost proti korozi a dod\u00e1v\u00e1 drsn\u00fd vzhled.<br \/>\nMateri\u00e1l rukojeti : Hn\u011bd\u00e1 Micarta &#8211; odoln\u00e1, lehk\u00e1 a poskytuje dobr\u00fd \u00fachop, i kdy\u017e je mokr\u00e1.<br \/>\nKlip : Nerezov\u00e1 ocel (oboustrann\u00fd) &#8211; vhodn\u00fd pro lev\u00e1ky i prav\u00e1ky.<\/p>\n","protected":false},"excerpt":{"rendered":"<p><strong>Tento n\u016f\u017e p\u0159edstavuje dokonal\u00e9 spojen\u00ed tradice a inovace, zt\u011bles\u0148uj\u00edc\u00ed eleganci a funk\u010dnost v ka\u017ed\u00e9m detailu.<\/strong><\/p>\n","protected":false},"featured_media":378437,"comment_status":"open","ping_status":"closed","template":"","meta":[],"pwb-brand":[796],"product_brand":[],"product_cat":[22,17],"product_tag":[],"class_list":{"0":"post-378436","1":"product","2":"type-product","3":"status-publish","4":"has-post-thumbnail","6":"pwb-brand-fox-knives","7":"product_cat-zaviraci-noze","8":"product_cat-noze","10":"first","11":"instock","12":"taxable","13":"shipping-taxable","14":"purchasable","15":"product-type-simple"},"brands":[{"id":796,"name":"Fox Knives","slug":"fox-knives"}],"_links":{"self":[{"href":"https:\/\/www.moskito.cz\/fr\/wp-json\/wp\/v2\/product\/378436","targetHints":{"allow":["GET"]}}],"collection":[{"href":"https:\/\/www.moskito.cz\/fr\/wp-json\/wp\/v2\/product"}],"about":[{"href":"https:\/\/www.moskito.cz\/fr\/wp-json\/wp\/v2\/types\/product"}],"replies":[{"embeddable":true,"href":"https:\/\/www.moskito.cz\/fr\/wp-json\/wp\/v2\/comments?post=378436"}],"wp:featuredmedia":[{"embeddable":true,"href":"https:\/\/www.moskito.cz\/fr\/wp-json\/wp\/v2\/media\/378437"}],"wp:attachment":[{"href":"https:\/\/www.moskito.cz\/fr\/wp-json\/wp\/v2\/media?parent=378436"}],"wp:term":[{"taxonomy":"pwb-brand","embeddable":true,"href":"https:\/\/www.moskito.cz\/fr\/wp-json\/wp\/v2\/pwb-brand?post=378436"},{"taxonomy":"product_brand","embeddable":true,"href":"https:\/\/www.moskito.cz\/fr\/wp-json\/wp\/v2\/product_brand?post=378436"},{"taxonomy":"product_cat","embeddable":true,"href":"https:\/\/www.moskito.cz\/fr\/wp-json\/wp\/v2\/product_cat?post=378436"},{"taxonomy":"product_tag","embeddable":true,"href":"https:\/\/www.moskito.cz\/fr\/wp-json\/wp\/v2\/product_tag?post=378436"}],"curies":[{"name":"wp","href":"https:\/\/api.w.org\/{rel}","templated":true}]}}