{"id":378557,"date":"2024-11-27T10:12:10","date_gmt":"2024-11-27T09:12:10","guid":{"rendered":"https:\/\/www.moskito.cz\/?post_type=product&#038;p=378557"},"modified":"2025-05-07T11:26:56","modified_gmt":"2025-05-07T10:26:56","slug":"zaviraci-nuz-kansept-knives-nesstreet-k1039a3","status":"publish","type":"product","link":"https:\/\/www.moskito.cz\/fr\/produkt\/zaviraci-nuz-kansept-knives-nesstreet-k1039a3\/","title":{"rendered":"Zav\u00edrac\u00ed N\u016f\u017e Kansept Knives Nesstreet K1039A3"},"content":{"rendered":"<p>Zav\u00edrac\u00ed N\u016f\u017e <strong>Kansept Knives<\/strong> Nesstreet K1039A3.<\/p>\n<p>N\u016f\u017e Nesstreet<\/p>\n<p>Design\u00e9r Greg Wegrzycki, zn\u00e1m\u00fd v no\u017e\u00ed\u0159sk\u00e9 komunit\u011b pod p\u0159ezd\u00edvkou Karambitmaker, vytvo\u0159il skl\u00e1dac\u00ed n\u016f\u017e Nesstreet jako kombinaci tradi\u010dn\u00edho designu inspirovan\u00e9ho Nessmuk \u010depel\u00ed a modern\u00edch prvk\u016f ide\u00e1ln\u00edch pro ka\u017edodenn\u00ed no\u0161en\u00ed, v\u010detn\u011b m\u011bstsk\u00e9ho prost\u0159ed\u00ed.<br \/>\nO design\u00e9rovi Gregu Wegrzyckim (Karambitmakerovi)<\/p>\n<p>Greg Wegrzycki je uzn\u00e1van\u00fd design\u00e9r no\u017e\u016f, dlouholet\u00fd praktik bojov\u00fdch um\u011bn\u00ed, sb\u011bratel a v\u00fdrobce no\u017e\u016f. Jeho v\u00e1\u0161n\u00ed jsou p\u0159edev\u0161\u00edm karambity a no\u017ee se zak\u0159ivenou \u010depel\u00ed, p\u0159i\u010dem\u017e jeho n\u00e1vrhy odr\u00e1\u017eej\u00ed hlubok\u00e9 znalosti bojov\u00fdch technik i praktick\u00e9 vyu\u017eit\u00ed. A\u010dkoli jsou karambity jeho specialitou, p\u0159\u00edle\u017eitostn\u011b se pou\u0161t\u00ed i do v\u00fdvoje v\u00edce univerz\u00e1ln\u00edch no\u017e\u016f, jako je pr\u00e1v\u011b model Nesstreet.<br \/>\nCharakteristika no\u017ee Nesstreet<\/p>\n<p>Nesstreet je n\u016f\u017e navr\u017een\u00fd jako modern\u00ed skl\u00e1dac\u00ed varianta tradi\u010dn\u00edho Nessmuk no\u017ee, zn\u00e1m\u00e9ho svou univerz\u00e1lnost\u00ed. Tento model je p\u0159izp\u016fsoben pot\u0159eb\u00e1m ka\u017edodenn\u00edho no\u0161en\u00ed (EDC), a\u0165 u\u017e ve m\u011bst\u011b nebo p\u0159i b\u011b\u017en\u00e9m pou\u017eit\u00ed.<br \/>\nHlavn\u00ed vlastnosti<\/p>\n<p>Rukoje\u0165 z micarty v zelen\u00e9 barv\u011b: Micarta poskytuje pohodln\u00fd a pevn\u00fd \u00fachop, je odoln\u00e1 a p\u0159\u00edjemn\u00e1 na dotek. D\u00edky n\u00ed je n\u016f\u017e p\u0159\u00edjemn\u00fd jak p\u0159i no\u0161en\u00ed, tak p\u0159i pr\u00e1ci.<br \/>\nPlynul\u00fd chod: Mechanismus otev\u00edr\u00e1n\u00ed je navr\u017een pro snadn\u00e9 pou\u017eit\u00ed a nab\u00edz\u00ed i \u201efidget-friendly\u201c z\u00e1\u017eitek.<br \/>\n\u010cepel z CPM-S35VN: Pr\u00e9miov\u00e1 ocel s v\u00fdbornou schopnost\u00ed dr\u017eet ost\u0159\u00ed, vysokou odolnost\u00ed a skv\u011blou odolnost\u00ed proti korozi.<br \/>\nK\u00e1menem le\u0161t\u011bn\u00fd povrch \u010depele (Black Stonewashed): Atraktivn\u00ed povrchov\u00e1 \u00faprava, kter\u00e1 sni\u017euje viditelnost opot\u0159eben\u00ed.<br \/>\nDrop point \u010depel: Univerz\u00e1ln\u00ed tvar vhodn\u00fd pro \u0159ez\u00e1n\u00ed, bod\u00e1n\u00ed i p\u0159esn\u00e9 \u00fakony.<br \/>\nZ\u00e1mek \u010depele: Frame lock pro spolehliv\u00e9 a bezpe\u010dn\u00e9 zaji\u0161t\u011bn\u00ed p\u0159i pou\u017eit\u00ed.<\/p>\n<p>Specifikace<\/p>\n<p>Celkov\u00e1 d\u00e9lka: 204,6 mm<br \/>\nD\u00e9lka \u010depele: 91 mm<br \/>\nTlou\u0161\u0165ka \u010depele: 3,5 mm<br \/>\nV\u00fdbrus: Ploch\u00fd<br \/>\nMateri\u00e1l rukojeti: Zelen\u00e1 micarta<br \/>\nHmotnost: 129 g<br \/>\nModel: Nesstreet<\/p>\n<p>Hlavn\u00ed p\u0159ednosti:<\/p>\n<p>N\u016f\u017e Nesstreet spojuje tradici a modern\u00ed p\u0159\u00edstup. Jeho design inspirovan\u00fd Nessmuk no\u017eem je ide\u00e1ln\u00ed jak pro sb\u011bratele, tak pro nad\u0161ence do EDC, kte\u0159\u00ed hledaj\u00ed spolehliv\u00fd, univerz\u00e1ln\u00ed a stylov\u00fd n\u00e1stroj.<\/p>\n","protected":false},"excerpt":{"rendered":"<p><strong>Greg Wegrzycki je uzn\u00e1van\u00fd design\u00e9r no\u017e\u016f, dlouholet\u00fd praktik bojov\u00fdch um\u011bn\u00ed, sb\u011bratel a v\u00fdrobce no\u017e\u016f. Jeho v\u00e1\u0161n\u00ed jsou p\u0159edev\u0161\u00edm karambity a no\u017ee se zak\u0159ivenou \u010depel\u00ed, p\u0159i\u010dem\u017e jeho n\u00e1vrhy odr\u00e1\u017eej\u00ed hlubok\u00e9 znalosti bojov\u00fdch technik i praktick\u00e9 vyu\u017eit\u00ed.<\/strong><\/p>\n<p>&nbsp;<\/p>\n","protected":false},"featured_media":378574,"comment_status":"open","ping_status":"closed","template":"","meta":[],"pwb-brand":[3256],"product_brand":[],"product_cat":[22,17],"product_tag":[],"class_list":{"0":"post-378557","1":"product","2":"type-product","3":"status-publish","4":"has-post-thumbnail","6":"pwb-brand-kansept-knives","7":"product_cat-zaviraci-noze","8":"product_cat-noze","10":"first","11":"instock","12":"taxable","13":"shipping-taxable","14":"purchasable","15":"product-type-simple"},"brands":[{"id":3256,"name":"Kansept Knives","slug":"kansept-knives"}],"_links":{"self":[{"href":"https:\/\/www.moskito.cz\/fr\/wp-json\/wp\/v2\/product\/378557","targetHints":{"allow":["GET"]}}],"collection":[{"href":"https:\/\/www.moskito.cz\/fr\/wp-json\/wp\/v2\/product"}],"about":[{"href":"https:\/\/www.moskito.cz\/fr\/wp-json\/wp\/v2\/types\/product"}],"replies":[{"embeddable":true,"href":"https:\/\/www.moskito.cz\/fr\/wp-json\/wp\/v2\/comments?post=378557"}],"wp:featuredmedia":[{"embeddable":true,"href":"https:\/\/www.moskito.cz\/fr\/wp-json\/wp\/v2\/media\/378574"}],"wp:attachment":[{"href":"https:\/\/www.moskito.cz\/fr\/wp-json\/wp\/v2\/media?parent=378557"}],"wp:term":[{"taxonomy":"pwb-brand","embeddable":true,"href":"https:\/\/www.moskito.cz\/fr\/wp-json\/wp\/v2\/pwb-brand?post=378557"},{"taxonomy":"product_brand","embeddable":true,"href":"https:\/\/www.moskito.cz\/fr\/wp-json\/wp\/v2\/product_brand?post=378557"},{"taxonomy":"product_cat","embeddable":true,"href":"https:\/\/www.moskito.cz\/fr\/wp-json\/wp\/v2\/product_cat?post=378557"},{"taxonomy":"product_tag","embeddable":true,"href":"https:\/\/www.moskito.cz\/fr\/wp-json\/wp\/v2\/product_tag?post=378557"}],"curies":[{"name":"wp","href":"https:\/\/api.w.org\/{rel}","templated":true}]}}