{"id":380191,"date":"2024-12-03T18:01:23","date_gmt":"2024-12-03T17:06:01","guid":{"rendered":"https:\/\/www.moskito.cz\/produkt\/couteau-de-tir-microtech-hera-ii-apocalyptic-1705-10apnc\/"},"modified":"2025-05-07T11:27:09","modified_gmt":"2025-05-07T10:27:09","slug":"couteau-de-tir-microtech-hera-ii-apocalyptic-1705-10apnc","status":"publish","type":"product","link":"https:\/\/www.moskito.cz\/fr\/produkt\/couteau-de-tir-microtech-hera-ii-apocalyptic-1705-10apnc\/","title":{"rendered":"Couteau de tir Microtech Hera II Apocalyptic 1705-10APNC"},"content":{"rendered":"<p>Couteau de tir <strong>Microtech<\/strong> Hera II Apocalyptic 1705-10APNC. Le Microtech Hera II est un couteau tr\u00e8s sophistiqu\u00e9 con\u00e7u pour les amateurs de couteaux automatiques de qualit\u00e9 qui appr\u00e9cient \u00e0 la fois la fonctionnalit\u00e9 et l&rsquo;esth\u00e9tique. Le mod\u00e8le MT170510APNC Hera II Full Size OTF Auto dans la variante Apocalyptic Natural Clear apporte non seulement un excellent confort d&rsquo;utilisation, mais \u00e9galement un design sophistiqu\u00e9 qui attire le regard au premier coup d&rsquo;\u0153il. Principales caract\u00e9ristiques&nbsp;:<br \/>\n OTF (Out-The-Front) automatique double couche : Hera II est un couteau dot\u00e9 d&rsquo;un m\u00e9canisme OTF \u00e0 double action, ce qui signifie que la lame s&rsquo;\u00e9tend et se r\u00e9tracte avec le mouvement d&rsquo;un seul \u00e9l\u00e9ment de commande.<br \/>\n Conception du cadre : L&rsquo;inspiration du mod\u00e8le Troodon est claire, mais le Hera II apporte une approche plus moderne avec un cadre ergonomiquement am\u00e9lior\u00e9.<br \/>\n La poign\u00e9e est profond\u00e9ment grav\u00e9e avec une surface lisse et sans vis visibles, lui donnant un look minimaliste et \u00e9l\u00e9gant.<br \/>\n Ergonomie et pr\u00e9hension : Il y a des patchs usin\u00e9s aux extr\u00e9mit\u00e9s du manche, qui am\u00e9liorent non seulement la pr\u00e9hension, mais appartiennent \u00e9galement \u00e0 l&rsquo;esth\u00e9tique.<br \/>\n Gr\u00e2ce \u00e0 ces d\u00e9tails, le couteau tient parfaitement dans la main et convient \u00e0 une utilisation \u00e0 long terme.<br \/>\n Fonctionnalit\u00e9 : Une seule vis est visible \u00e0 l&rsquo;extr\u00e9mit\u00e9 arri\u00e8re du clip de poche.<br \/>\n Le clip de poche est double face, ce qui permet une utilisation du couteau aussi bien par les droitiers que par les gauchers.<br \/>\n Apocalyptic Natural Clear : Le traitement de surface de style apocalyptique donne au couteau un aspect unique qui sera particuli\u00e8rement appr\u00e9ci\u00e9 par les collectionneurs et les passionn\u00e9s de couteaux tactiques. Le Microtech Hera II est v\u00e9ritablement le produit phare des couteaux OTF (Out-The-Front), repoussant les limites de la combinaison de fonctionnalit\u00e9 et de perfection esth\u00e9tique. Ce mod\u00e8le est un exemple de la fa\u00e7on dont l&rsquo;ing\u00e9nierie de pr\u00e9cision et la conception artistique peuvent se fondre harmonieusement dans un instrument qui excelle dans tous les aspects. Pourquoi choisir H\u00e9ra II ?<br \/>\n Taille id\u00e9ale :<br \/>\n Le Hera II est con\u00e7u pour offrir la robustesse n\u00e9cessaire \u00e0 une utilisation tactique, tout en \u00e9tant suffisamment fin et l\u00e9ger pour un transport quotidien (EDC). Ce couteau \u00e9quilibre parfaitement entre fonctionnalit\u00e9 pratique et design \u00e9l\u00e9gant. Ergonomie parfaite :<br \/>\n La forme de la poign\u00e9e a \u00e9t\u00e9 soigneusement con\u00e7ue pour offrir un confort lors d&rsquo;une utilisation prolong\u00e9e, et ses d\u00e9tails \u00e9labor\u00e9s offrent une prise s\u00fbre dans des conditions exigeantes.<\/p>\n<p>Longueur de la lame : 10,16 cm<br \/>\n Tranchant : 9,53 cm<br \/>\n Longueur ferm\u00e9 : 13,84 cm<br \/>\n Longueur totale : 24 cm<br \/>\n Acier de la lame : acier inoxydable Bohler M390MK<br \/>\n \u00c9paisseur de la lame : 0,34 cm<br \/>\n Style de lame : Recourb\u00e9<br \/>\n Meulage de la lame&nbsp;:&nbsp;Plat<br \/>\n Finition de la lame : Apocalyptique<br \/>\n Mat\u00e9riau de la poign\u00e9e&nbsp;: aluminium d&rsquo;avion transparent naturel avec gravure profonde<br \/>\n \u00c9paisseur du manche : 1,28 cm<br \/>\n M\u00e9canisme de verrouillage&nbsp;:&nbsp;pouce coulissant<br \/>\n Clip de poche : Titane (pliable, usure droite\/gauche)<br \/>\n Poids : 140g<br \/>\n Cr\u00e9ateurs : Tony et Sean Marfione<br \/>\n Fabriqu\u00e9 aux \u00c9tats-Unis<\/p>\n","protected":false},"excerpt":{"rendered":"<p><strong>Le Microtech Hera II est v\u00e9ritablement le produit phare des couteaux OTF (Out-The-Front), repoussant les limites de la combinaison de fonctionnalit\u00e9 et de perfection esth\u00e9tique. Ce mod\u00e8le est un exemple de la fa\u00e7on dont l&rsquo;ing\u00e9nierie de pr\u00e9cision et la conception artistique peuvent se fondre harmonieusement dans un instrument qui excelle dans tous les aspects. <\/strong><\/p>\n<p><strong>Transports gratuits.<\/strong><\/p>\n","protected":false},"featured_media":380144,"comment_status":"open","ping_status":"closed","template":"","meta":[],"pwb-brand":[3751],"product_brand":[],"product_cat":[3699,3696],"product_tag":[],"class_list":{"0":"post-380191","1":"product","2":"type-product","3":"status-publish","4":"has-post-thumbnail","6":"pwb-brand-microtechnologie","7":"product_cat-couteaux-de-tir","8":"product_cat-des-couteaux","10":"first","11":"outofstock","12":"taxable","13":"shipping-taxable","14":"purchasable","15":"product-type-simple"},"brands":[{"id":3751,"name":"Microtechnologie","slug":"microtechnologie"}],"_links":{"self":[{"href":"https:\/\/www.moskito.cz\/fr\/wp-json\/wp\/v2\/product\/380191","targetHints":{"allow":["GET"]}}],"collection":[{"href":"https:\/\/www.moskito.cz\/fr\/wp-json\/wp\/v2\/product"}],"about":[{"href":"https:\/\/www.moskito.cz\/fr\/wp-json\/wp\/v2\/types\/product"}],"replies":[{"embeddable":true,"href":"https:\/\/www.moskito.cz\/fr\/wp-json\/wp\/v2\/comments?post=380191"}],"wp:featuredmedia":[{"embeddable":true,"href":"https:\/\/www.moskito.cz\/fr\/wp-json\/wp\/v2\/media\/380144"}],"wp:attachment":[{"href":"https:\/\/www.moskito.cz\/fr\/wp-json\/wp\/v2\/media?parent=380191"}],"wp:term":[{"taxonomy":"pwb-brand","embeddable":true,"href":"https:\/\/www.moskito.cz\/fr\/wp-json\/wp\/v2\/pwb-brand?post=380191"},{"taxonomy":"product_brand","embeddable":true,"href":"https:\/\/www.moskito.cz\/fr\/wp-json\/wp\/v2\/product_brand?post=380191"},{"taxonomy":"product_cat","embeddable":true,"href":"https:\/\/www.moskito.cz\/fr\/wp-json\/wp\/v2\/product_cat?post=380191"},{"taxonomy":"product_tag","embeddable":true,"href":"https:\/\/www.moskito.cz\/fr\/wp-json\/wp\/v2\/product_tag?post=380191"}],"curies":[{"name":"wp","href":"https:\/\/api.w.org\/{rel}","templated":true}]}}