{"id":381255,"date":"2024-12-02T22:25:54","date_gmt":"2024-12-09T11:51:39","guid":{"rendered":"https:\/\/www.moskito.cz\/produkt\/couteau-de-tir-microtech-scarab-ii-gen-iii-1278-2t\/"},"modified":"2025-05-07T11:27:15","modified_gmt":"2025-05-07T10:27:15","slug":"couteau-de-tir-microtech-scarab-ii-gen-iii-1278-2t","status":"publish","type":"product","link":"https:\/\/www.moskito.cz\/fr\/produkt\/couteau-de-tir-microtech-scarab-ii-gen-iii-1278-2t\/","title":{"rendered":"Couteau de tir Microtech Scarab II Gen III 1278-2T"},"content":{"rendered":"<p>Couteau de tir <strong>Microtech<\/strong> Scarab II Gen III 1278-2T. Le Microtech Scarab II Gen III (num\u00e9ro de mod\u00e8le MT12782T) est un couteau automatique tactique Out the Front (OTF) de haute qualit\u00e9, bas\u00e9 sur la conception originale de Microtech Ultratech. Construit pour r\u00e9sister \u00e0 des conditions extr\u00eames, il excelle dans les op\u00e9rations secr\u00e8tes de haute intensit\u00e9. Le Scarab II est sp\u00e9cialement con\u00e7u pour une large gamme d&rsquo;applications tactiques, utilitaires et de combat, ce qui le rend id\u00e9al pour une utilisation par les forces de l&rsquo;ordre, le personnel militaire et les agences gouvernementales. Principales caract\u00e9ristiques&nbsp;:<br \/>\n Conception OTF \u00e0 une main et double action : la lame glisse vers l&rsquo;int\u00e9rieur et l&rsquo;ext\u00e9rieur d&rsquo;une seule main.<br \/>\n Poign\u00e9e : pr\u00e9sente un design ergonomique et facile \u00e0 prendre en main avec une surface textur\u00e9e antid\u00e9rapante et des inserts des deux c\u00f4t\u00e9s pour offrir un excellent contr\u00f4le et un excellent confort.<br \/>\n Durabilit\u00e9 : Fabriqu\u00e9 selon les plus hauts standards de fiabilit\u00e9 et de s\u00e9curit\u00e9, m\u00eame dans des situations extr\u00eames.<br \/>\n Utilisations : Convient aux professionnels impliqu\u00e9s dans les forces de l&rsquo;ordre, les op\u00e9rations militaires et les t\u00e2ches des agences gouvernementales.<br \/>\n Cette version du Scarab II offre la m\u00eame fiabilit\u00e9 et les m\u00eames performances que l&rsquo;original, mais avec des am\u00e9liorations qui le rendent encore plus polyvalent et adapt\u00e9 aux op\u00e9rations tactiques. Le Microtech Scarab II est l&rsquo;un des couteaux les plus populaires et les plus puissants d&rsquo;OTF, et le mod\u00e8le 2023 apporte plusieurs am\u00e9liorations innovantes tout en conservant la taille et le style de son pr\u00e9d\u00e9cesseur. Ce Scarab II mis \u00e0 jour \u00e9tablit une nouvelle norme en mati\u00e8re de technologie OTF (Out the Front). Principales caract\u00e9ristiques du mod\u00e8le 2023 :<br \/>\n Design ext\u00e9rieur : Le Scarab II conserve l&rsquo;esth\u00e9tique classique des g\u00e9n\u00e9rations pr\u00e9c\u00e9dentes, comme les patins de traction, le design des vis Torx sur le ch\u00e2ssis, ainsi que le brise-verre et le clip de poche embl\u00e9matiques qui en font l&rsquo;un des styles les plus embl\u00e9matiques d&rsquo;OTF.<br \/>\n Syst\u00e8me d&rsquo;entra\u00eenement r\u00e9volutionnaire \u00e0 deux \u00e9tages&nbsp;: ce syst\u00e8me innovant garantit un engagement en douceur et des performances \u00e9lev\u00e9es. La conception \u00e0 double ressort permet \u00e0 la lame de se d\u00e9ployer avec suffisamment de force pour maintenir vitesse et efficacit\u00e9, m\u00eame dans des conditions sous-marines.<br \/>\n Conception de poche \u00e0 boutons mise \u00e0 jour&nbsp;: la nouvelle conception r\u00e9duit la friction et aide \u00e0 \u00e9liminer les d\u00e9bris du m\u00e9canisme, r\u00e9duisant ainsi le besoin d&rsquo;entretien et de nettoyage fr\u00e9quents. Cette am\u00e9lioration augmente la fiabilit\u00e9 et la facilit\u00e9 d&rsquo;utilisation du couteau.<br \/>\n Durabilit\u00e9 et performance : combinant une technologie de pointe avec un design Microtech classique, le Scarab II 2023 \u00e9tablit une nouvelle norme en mati\u00e8re de couteaux OTF durables et durables, ce qui en fait l&rsquo;outil parfait pour une utilisation tactique dans des environnements extr\u00eames.<br \/>\n Avec ses fonctionnalit\u00e9s innovantes et son design intemporel, cette derni\u00e8re version du Scarab II est un choix puissant et fiable pour les professionnels de la tactique.<\/p>\n<p>Voici les sp\u00e9cifications du Microtech Scarab II 2023 (mod\u00e8le MT12782T) : Longueur de la lame : 3,875 pouces (9,84 cm) Tranchant : 3,75 pouces (9,53 cm) Longueur ferm\u00e9e : 5,75 pouces (14,61 cm) Longueur totale : 9,625 pouces (24,45 cm) ) Acier de la lame : Acier inoxydable B\u00f6hler M390 (connu pour une r\u00e9tention exceptionnelle des bords et une r\u00e9sistance \u00e0 la corrosion) \u00c9paisseur de la lame : 0,166 po (4,22 mm) Style de lame : Pointe de chute Meulage de la lame : Plat Finition de la lame : Noir Mat\u00e9riau du manche : Aluminium noir avec ruban de traction 3M \u00c9paisseur du manche : 0,5875 po (1,49 cm) M\u00e9canisme de verrouillage : Clip de poche coulissant : Acier inoxydable (r\u00e9versible, usure droite\/gauche) Poids : 5,78 oz (163 g) Concepteur : Tony Marfione Construction : Construction \u00e0 vis Torx<br \/>\n Groove sanguin\/Fuller&nbsp;: Oui<br \/>\n Fabriqu\u00e9 aux \u00c9tats-Unis<br \/>\n Code CUP&nbsp;: 841768165422<br \/>\n Le Scarab II combine une construction robuste, une fonctionnalit\u00e9 de pr\u00e9cision et une conception tactique qui offre fiabilit\u00e9 et facilit\u00e9 d&rsquo;utilisation dans des situations exigeantes.<\/p>\n<p>&nbsp;<\/p>\n<p>&nbsp;<\/p>\n","protected":false},"excerpt":{"rendered":"<p><strong>Le Scarab II combine une construction robuste, une fonctionnalit\u00e9 de pr\u00e9cision et une conception tactique qui offre fiabilit\u00e9 et facilit\u00e9 d&rsquo;utilisation dans des situations exigeantes. Le Scarab II est sp\u00e9cialement con\u00e7u pour une large gamme d&rsquo;applications tactiques, utilitaires et de combat, ce qui le rend id\u00e9al pour une utilisation par les forces de l&rsquo;ordre, le personnel militaire et les agences gouvernementales. <\/strong><\/p>\n<p><strong>Transports gratuits.<\/strong><\/p>\n","protected":false},"featured_media":380006,"comment_status":"open","ping_status":"closed","template":"","meta":[],"pwb-brand":[3751],"product_brand":[],"product_cat":[3699,3696],"product_tag":[],"class_list":{"0":"post-381255","1":"product","2":"type-product","3":"status-publish","4":"has-post-thumbnail","6":"pwb-brand-microtechnologie","7":"product_cat-couteaux-de-tir","8":"product_cat-des-couteaux","10":"first","11":"instock","12":"taxable","13":"shipping-taxable","14":"purchasable","15":"product-type-simple"},"brands":[{"id":3751,"name":"Microtechnologie","slug":"microtechnologie"}],"_links":{"self":[{"href":"https:\/\/www.moskito.cz\/fr\/wp-json\/wp\/v2\/product\/381255","targetHints":{"allow":["GET"]}}],"collection":[{"href":"https:\/\/www.moskito.cz\/fr\/wp-json\/wp\/v2\/product"}],"about":[{"href":"https:\/\/www.moskito.cz\/fr\/wp-json\/wp\/v2\/types\/product"}],"replies":[{"embeddable":true,"href":"https:\/\/www.moskito.cz\/fr\/wp-json\/wp\/v2\/comments?post=381255"}],"wp:featuredmedia":[{"embeddable":true,"href":"https:\/\/www.moskito.cz\/fr\/wp-json\/wp\/v2\/media\/380006"}],"wp:attachment":[{"href":"https:\/\/www.moskito.cz\/fr\/wp-json\/wp\/v2\/media?parent=381255"}],"wp:term":[{"taxonomy":"pwb-brand","embeddable":true,"href":"https:\/\/www.moskito.cz\/fr\/wp-json\/wp\/v2\/pwb-brand?post=381255"},{"taxonomy":"product_brand","embeddable":true,"href":"https:\/\/www.moskito.cz\/fr\/wp-json\/wp\/v2\/product_brand?post=381255"},{"taxonomy":"product_cat","embeddable":true,"href":"https:\/\/www.moskito.cz\/fr\/wp-json\/wp\/v2\/product_cat?post=381255"},{"taxonomy":"product_tag","embeddable":true,"href":"https:\/\/www.moskito.cz\/fr\/wp-json\/wp\/v2\/product_tag?post=381255"}],"curies":[{"name":"wp","href":"https:\/\/api.w.org\/{rel}","templated":true}]}}