{"id":381264,"date":"2024-12-02T23:07:02","date_gmt":"2024-12-09T11:51:50","guid":{"rendered":"https:\/\/www.moskito.cz\/produkt\/couteau-de-tir-microtech-hera-ii-apocalyptic-1705-10apod\/"},"modified":"2025-05-07T11:27:18","modified_gmt":"2025-05-07T10:27:18","slug":"couteau-de-tir-microtech-hera-ii-apocalyptic-1705-10apod","status":"publish","type":"product","link":"https:\/\/www.moskito.cz\/fr\/produkt\/couteau-de-tir-microtech-hera-ii-apocalyptic-1705-10apod\/","title":{"rendered":"Couteau de tir Microtech Hera II Apocalyptic 1705-10APOD"},"content":{"rendered":"<p>Couteau de tir <strong>Microtech<\/strong> Hera II Apocalyptic 1705-10APOD. Le Hera II Full Size OTF Auto &#8211; OD Green Apocalyptic Standard de Microtech est un couteau automatique distinctif \u00e0 double action inspir\u00e9 du mod\u00e8le embl\u00e9matique Troodon. Le Hera II se distingue par son ergonomie am\u00e9lior\u00e9e et son patchwork complexe aux extr\u00e9mit\u00e9s de la poign\u00e9e, qui am\u00e9liorent \u00e0 la fois la prise en main et l&rsquo;esth\u00e9tique, ajoutant ainsi \u00e0 l&rsquo;attrait g\u00e9n\u00e9ral. L\u2019une des caract\u00e9ristiques les plus remarquables est la poign\u00e9e profond\u00e9ment grav\u00e9e, con\u00e7ue sans mat\u00e9riel visible. Cette caract\u00e9ristique conf\u00e8re au couteau une touche artistique unique tout en conservant son int\u00e9grit\u00e9 fonctionnelle. La seule vis visible, situ\u00e9e \u00e0 l&rsquo;arri\u00e8re pr\u00e8s du clip de poche, est un \u00e9l\u00e9ment subtil qui maintient l&rsquo;ensemble de la structure. Le clip est \u00e9galement r\u00e9versible, ce qui rend le couteau adapt\u00e9 aussi bien aux gauchers qu&rsquo;aux droitiers. Ce couteau allie un savoir-faire sup\u00e9rieur \u00e0 un design \u00e9l\u00e9gant et pratique qui garantit \u00e0 la fois une utilit\u00e9 et une impression visuelle raffin\u00e9e. Le traitement \u00ab Apocalyptique \u00bb de la lame lui conf\u00e8re un aspect robuste et distinctif qui contribue \u00e0 sa durabilit\u00e9 et \u00e0 son attrait tactique. Le Hera II est un excellent exemple de la fa\u00e7on dont le design peut allier sans effort sophistication et fonctionnalit\u00e9, ce qui en fait l&rsquo;un des meilleurs couteaux automatiques OTF (Out-the-Front) polyvalents sur un march\u00e9 hautement concurrentiel. Bien qu&rsquo;il soit souvent en concurrence avec d&rsquo;autres mod\u00e8les Microtech OTF, la conception r\u00e9fl\u00e9chie de Hera le rehausse vraiment. Sa taille est parfaitement \u00e9quilibr\u00e9e pour le combat, mais suffisamment fine pour \u00eatre port\u00e9e au quotidien. La forme est soigneusement con\u00e7ue pour trouver l&rsquo;\u00e9quilibre id\u00e9al entre praticit\u00e9 et style, garantissant que Hera fonctionne comme un outil fiable tout en cr\u00e9ant une d\u00e9claration visuelle saisissante. Avec ses excellents d\u00e9tails techniques et artistiques, l&rsquo;Hera est un excellent choix pour ceux qui appr\u00e9cient \u00e0 la fois l&rsquo;esth\u00e9tique et la performance dans leurs outils quotidiens. C\u2019est un v\u00e9ritable exemple d\u2019int\u00e9gration transparente de la forme et de la fonction. Voici les sp\u00e9cifications du MT170510APOD Hera II OTF Auto pleine grandeur : Longueur de la lame : 10,16 cm Tranchant : 9,53 cm Longueur ferm\u00e9e : 13,84 cm Longueur totale : 24,01 cm \u00c9paisseur de la lame : 0,34 cm \u00c9paisseur des poign\u00e9es : 1,29 cm Poids : 140,6 g Lame en acier : Bohler en acier inoxydable M390MK Style de lame : Lame recourb\u00e9e Mouture : Plate Finition de la lame : Apocalyptique Mat\u00e9riau du manche : OD Green Aluminium a\u00e9rospatial profond\u00e9ment grav\u00e9 M\u00e9canisme de verrouillage : Pouce coulissant<br \/>\n Clip de poche : Titane (r\u00e9versible, pour port droite\/gauche)<br \/>\n Cr\u00e9ateurs : Tony et Sean Marfione<br \/>\n Fabriqu\u00e9 aux \u00c9tats-Unis<br \/>\n Ces sp\u00e9cifications mettent en \u00e9vidence la haute qualit\u00e9 des mat\u00e9riaux et l&rsquo;attention port\u00e9e aux d\u00e9tails qui distinguent le Hera II dans la cat\u00e9gorie des couteaux OTF, alliant robustesse, \u00e9l\u00e9gance et praticit\u00e9.<\/p>\n<p>&nbsp;<\/p>\n<p>&nbsp;<\/p>\n<p>Vous avez dit:<\/p>\n","protected":false},"excerpt":{"rendered":"<p><strong>Ce couteau allie un savoir-faire sup\u00e9rieur \u00e0 un design \u00e9l\u00e9gant et pratique qui garantit \u00e0 la fois une utilit\u00e9 et une impression visuelle raffin\u00e9e. Le traitement \u00ab Apocalyptique \u00bb de la lame lui conf\u00e8re un aspect robuste et distinctif qui contribue \u00e0 sa durabilit\u00e9 et \u00e0 son attrait tactique. <\/strong><\/p>\n<p><strong>Transports gratuits.<\/strong><\/p>\n","protected":false},"featured_media":380091,"comment_status":"open","ping_status":"closed","template":"","meta":[],"pwb-brand":[3751],"product_brand":[],"product_cat":[3699,3696],"product_tag":[],"class_list":{"0":"post-381264","1":"product","2":"type-product","3":"status-publish","4":"has-post-thumbnail","6":"pwb-brand-microtechnologie","7":"product_cat-couteaux-de-tir","8":"product_cat-des-couteaux","10":"first","11":"instock","12":"sale","13":"taxable","14":"shipping-taxable","15":"purchasable","16":"product-type-simple"},"brands":[{"id":3751,"name":"Microtechnologie","slug":"microtechnologie"}],"_links":{"self":[{"href":"https:\/\/www.moskito.cz\/fr\/wp-json\/wp\/v2\/product\/381264","targetHints":{"allow":["GET"]}}],"collection":[{"href":"https:\/\/www.moskito.cz\/fr\/wp-json\/wp\/v2\/product"}],"about":[{"href":"https:\/\/www.moskito.cz\/fr\/wp-json\/wp\/v2\/types\/product"}],"replies":[{"embeddable":true,"href":"https:\/\/www.moskito.cz\/fr\/wp-json\/wp\/v2\/comments?post=381264"}],"wp:featuredmedia":[{"embeddable":true,"href":"https:\/\/www.moskito.cz\/fr\/wp-json\/wp\/v2\/media\/380091"}],"wp:attachment":[{"href":"https:\/\/www.moskito.cz\/fr\/wp-json\/wp\/v2\/media?parent=381264"}],"wp:term":[{"taxonomy":"pwb-brand","embeddable":true,"href":"https:\/\/www.moskito.cz\/fr\/wp-json\/wp\/v2\/pwb-brand?post=381264"},{"taxonomy":"product_brand","embeddable":true,"href":"https:\/\/www.moskito.cz\/fr\/wp-json\/wp\/v2\/product_brand?post=381264"},{"taxonomy":"product_cat","embeddable":true,"href":"https:\/\/www.moskito.cz\/fr\/wp-json\/wp\/v2\/product_cat?post=381264"},{"taxonomy":"product_tag","embeddable":true,"href":"https:\/\/www.moskito.cz\/fr\/wp-json\/wp\/v2\/product_tag?post=381264"}],"curies":[{"name":"wp","href":"https:\/\/api.w.org\/{rel}","templated":true}]}}