{"id":381613,"date":"2024-12-09T21:10:31","date_gmt":"2024-12-09T20:13:43","guid":{"rendered":"https:\/\/www.moskito.cz\/produkt\/couteau-de-tir-microtech-hera-ii-1705-1od\/"},"modified":"2025-05-07T11:27:22","modified_gmt":"2025-05-07T10:27:22","slug":"couteau-de-tir-microtech-hera-ii-1705-1od","status":"publish","type":"product","link":"https:\/\/www.moskito.cz\/fr\/produkt\/couteau-de-tir-microtech-hera-ii-1705-1od\/","title":{"rendered":"Couteau de tir Microtech Hera II 1705-1OD"},"content":{"rendered":"<p>Couteau de tir <strong>Microtech<\/strong> Hera II 1705-1OD. Le couteau de tir Microtech Hera II 1705-1OD est un mod\u00e8le OTF (Out-The-Front) moderne et \u00e9l\u00e9gant qui se distingue par son design sophistiqu\u00e9, ses mat\u00e9riaux haut de gamme et sa finition pr\u00e9cise. Il est con\u00e7u \u00e0 la fois pour les collectionneurs et pour une utilisation pratique, ce qui en fait un excellent ajout \u00e0 votre \u00e9quipement quotidien. Sp\u00e9cifications et fonctionnalit\u00e9s :<br \/>\n Lame : Mat\u00e9riau : Acier M390 de haute qualit\u00e9, appr\u00e9ci\u00e9 pour sa capacit\u00e9 \u00e0 conserver son tranchant pendant longtemps, sa haute r\u00e9sistance \u00e0 l&rsquo;usure et \u00e0 la corrosion.<br \/>\n Traitement de surface : Stonewash, qui masque les petites rayures et donne \u00e0 la lame un aspect attrayant et fonctionnel.<br \/>\n Forme de la lame : Pointe de lance \u2013 conception sym\u00e9trique et polyvalente id\u00e9ale pour des coupes et des per\u00e7ages pr\u00e9cis.<br \/>\n Longueur de la lame : environ 8,9 cm<br \/>\n \u00c9paisseur de la lame : environ 0,38 cm<br \/>\n M\u00e9canisme : M\u00e9canisme automatique OTF : Permet une extension et une r\u00e9traction rapide de la lame \u00e0 l&rsquo;aide d&rsquo;un interrupteur coulissant. Le m\u00e9canisme est fiable et facile \u00e0 utiliser d\u2019une seule main.<br \/>\n Poign\u00e9e : Mat\u00e9riau : alliage d&rsquo;aluminium 6061-T6, l\u00e9ger, solide et durable.<br \/>\n Couleur : OD Green (vert olive) avec une surface textur\u00e9e pour une prise s\u00fbre.<br \/>\n Conception : La forme ergonomique de la poign\u00e9e assure une tenue et une manipulation confortables.<br \/>\n Clip de poche : Le clip de poche double face assure un transport facile du couteau. Le design est minimaliste pour ne pas perturber l&rsquo;esth\u00e9tique du couteau.<br \/>\n Dimensions et poids : Longueur totale : Environ 21 cm<br \/>\n Longueur du couteau ferm\u00e9 : Environ 12,1 cm<br \/>\n Poids : Environ 104g<br \/>\n Autres caract\u00e9ristiques : Design unique : Hera II combine une esth\u00e9tique \u00e9l\u00e9gante avec des \u00e9l\u00e9ments tactiques, le rendant visuellement et fonctionnellement attrayant. Durabilit\u00e9 : Des mat\u00e9riaux de haute qualit\u00e9 et une construction pr\u00e9cise garantissent une longue dur\u00e9e de vie du couteau m\u00eame en cas d&rsquo;utilisation intensive.<\/p>\n","protected":false},"excerpt":{"rendered":"<p><strong>Le Hera II est un excellent exemple de l&rsquo;engagement de Microtech \u00e0 produire des couteaux de pointe, fonctionnels et \u00e9l\u00e9gants. Il est destin\u00e9 \u00e0 ceux qui appr\u00e9cient \u00e0 la fois les avantages tactiques et le c\u00f4t\u00e9 artistique sophistiqu\u00e9 de leurs outils.  Que vous soyez un passionn\u00e9, un collectionneur ou quelqu&rsquo;un qui appr\u00e9cie la pr\u00e9cision au quotidien, le Hera II est un choix saisissant et performant.<\/strong><\/p>\n<p><strong>Transports gratuits.<\/strong><\/p>\n","protected":false},"featured_media":381570,"comment_status":"open","ping_status":"closed","template":"","meta":[],"pwb-brand":[3751],"product_brand":[],"product_cat":[3699,3696],"product_tag":[],"class_list":{"0":"post-381613","1":"product","2":"type-product","3":"status-publish","4":"has-post-thumbnail","6":"pwb-brand-microtechnologie","7":"product_cat-couteaux-de-tir","8":"product_cat-des-couteaux","10":"first","11":"instock","12":"taxable","13":"shipping-taxable","14":"purchasable","15":"product-type-simple"},"brands":[{"id":3751,"name":"Microtechnologie","slug":"microtechnologie"}],"_links":{"self":[{"href":"https:\/\/www.moskito.cz\/fr\/wp-json\/wp\/v2\/product\/381613","targetHints":{"allow":["GET"]}}],"collection":[{"href":"https:\/\/www.moskito.cz\/fr\/wp-json\/wp\/v2\/product"}],"about":[{"href":"https:\/\/www.moskito.cz\/fr\/wp-json\/wp\/v2\/types\/product"}],"replies":[{"embeddable":true,"href":"https:\/\/www.moskito.cz\/fr\/wp-json\/wp\/v2\/comments?post=381613"}],"wp:featuredmedia":[{"embeddable":true,"href":"https:\/\/www.moskito.cz\/fr\/wp-json\/wp\/v2\/media\/381570"}],"wp:attachment":[{"href":"https:\/\/www.moskito.cz\/fr\/wp-json\/wp\/v2\/media?parent=381613"}],"wp:term":[{"taxonomy":"pwb-brand","embeddable":true,"href":"https:\/\/www.moskito.cz\/fr\/wp-json\/wp\/v2\/pwb-brand?post=381613"},{"taxonomy":"product_brand","embeddable":true,"href":"https:\/\/www.moskito.cz\/fr\/wp-json\/wp\/v2\/product_brand?post=381613"},{"taxonomy":"product_cat","embeddable":true,"href":"https:\/\/www.moskito.cz\/fr\/wp-json\/wp\/v2\/product_cat?post=381613"},{"taxonomy":"product_tag","embeddable":true,"href":"https:\/\/www.moskito.cz\/fr\/wp-json\/wp\/v2\/product_tag?post=381613"}],"curies":[{"name":"wp","href":"https:\/\/api.w.org\/{rel}","templated":true}]}}