{"id":381662,"date":"2024-12-09T21:47:10","date_gmt":"2024-12-09T20:50:27","guid":{"rendered":"https:\/\/www.moskito.cz\/produkt\/couteau-de-fermeture-microtech-msi-stonewashed-210t-10pmde30\/"},"modified":"2025-05-07T11:27:23","modified_gmt":"2025-05-07T10:27:23","slug":"couteau-de-fermeture-microtech-msi-stonewashed-210t-10pmde30","status":"publish","type":"product","link":"https:\/\/www.moskito.cz\/fr\/produkt\/couteau-de-fermeture-microtech-msi-stonewashed-210t-10pmde30\/","title":{"rendered":"Couteau de fermeture Microtech MSI Stonewashed 210T-10PMDE30"},"content":{"rendered":"<p>Couteau de fermeture Microtech MSI Stonewashed 210T-10PMDE30. Le Microtech MSI (Microtech Standard Issue) Stonewashed Dark Earth 210T-10PMDE30 est un couteau pliant moderne con\u00e7u pour c\u00e9l\u00e9brer le 30e anniversaire de Microtech Knives. Ce mod\u00e8le combine une technologie innovante, un travail de pr\u00e9cision et les meilleurs mat\u00e9riaux, ce qui en fait un choix exceptionnel aussi bien pour un usage quotidien que pour les objets de collection. Principales caract\u00e9ristiques du couteau Microtech MSI<br \/>\n 1. Technologie RAM-LOK&nbsp;:<br \/>\n Ce mod\u00e8le est le premier couteau Microtech \u00e0 utiliser la technologie RAM-LOK, qui est un verrouillage transversal robuste, garantissant s\u00e9curit\u00e9 et contr\u00f4le fluide de la lame. RAM-LOK permet une ouverture facile de la lame de plusieurs mani\u00e8res :<br \/>\n Pouce : La d\u00e9coupe sur la lame est suffisamment grande pour s&rsquo;ouvrir m\u00eame avec des gants. Backswing : La d\u00e9coupe centrale favorise une ouverture rapide avec le majeur. D&rsquo;un simple mouvement du poignet : En tirant le RAM-LOK, la lame peut \u00eatre lib\u00e9r\u00e9e et ouverte d&rsquo;un simple mouvement de la main. 2. Mat\u00e9riaux&nbsp;:<br \/>\n Lame : fabriqu\u00e9e en acier inoxydable Bohler M390MK, qui offre une excellente r\u00e9sistance \u00e0 l&rsquo;usure, \u00e0 la corrosion et une longue dur\u00e9e de vie de la lame. Manche : Le manche en polym\u00e8re inject\u00e9 de la variante Earth est clair, fonc\u00e9 et poss\u00e8de une surface l\u00e9g\u00e8rement collante pour une prise en main s\u00fbre, que ce soit en prise standard ou invers\u00e9e. 3. Ergonomie de conception :<br \/>\n Style de lame en pied de mouton modifi\u00e9&nbsp;: cette conception allie r\u00e9sistance et fonctionnalit\u00e9, id\u00e9ale pour couper et poignarder. Finition Stonewashed : Minimise la visibilit\u00e9 des rayures et donne \u00e0 la lame un aspect d\u00e9cent. Poign\u00e9e ergonomique : offre un confort lors d&rsquo;une utilisation \u00e0 long terme et une prise en main s\u00fbre m\u00eame dans des conditions difficiles. 4. Usure universelle :<br \/>\n Le clip de poche en acier inoxydable est r\u00e9versible (pour les gauchers et les droitiers), ce qui augmente la commodit\u00e9 et la praticit\u00e9. 5. Production et valeur de collection :<br \/>\n Le logo du 30e anniversaire de Microtech fait de ce mod\u00e8le une \u00e9dition limit\u00e9e, ce qui en fait non seulement un outil fonctionnel, mais aussi un objet de collection recherch\u00e9. Fabriqu\u00e9 aux \u00c9tats-Unis avec une attention aux d\u00e9tails et \u00e0 la pr\u00e9cision. Sp\u00e9cifications : Longueur de la lame : 9,85 cm Tranchant : 8,41 cm Longueur totale : 22,7 cm Longueur ferm\u00e9e : 12,85 cm<\/p>\n<p>\u00c9paisseur de la lame : 4 mm<br \/>\nMat\u00e9riau de la lame : Acier inoxydable Bohler M390MK Style de lame : Pied de mouton modifi\u00e9 Meulage de la lame : Plat Finition : Stonewashed Mat\u00e9riau du manche : Polym\u00e8re Dark Earth \u00c9paisseur du manche : 0,545&Prime; (13,8 mm) M\u00e9canisme de verrouillage : RAM-LOK<br \/>\n Poids : 4,52 onces (128 g)<br \/>\n Clip de poche&nbsp;: R\u00e9versible (\u00e0 porter \u00e0 gauche et \u00e0 droite)<br \/>\n Cr\u00e9ateur : Tony Marfione<br \/>\n Pourquoi l&rsquo;acheter ? Technologie innovante RAM-LOK : garantit la s\u00e9curit\u00e9, une utilisation facile et une longue dur\u00e9e de vie. Mat\u00e9riaux haut de gamme : la lame en acier Bohler M390MK et le manche en polym\u00e8re robuste r\u00e9sistent aux conditions quotidiennes et exigeantes. \u00c9dition limit\u00e9e : le logo du 30e anniversaire augmente sa valeur de collection.<br \/>\n Fabriqu\u00e9 aux USA : garantit qualit\u00e9, pr\u00e9cision et fiabilit\u00e9.<br \/>\n Conception polyvalente et ergonomique&nbsp;: id\u00e9al pour une utilisation EDC et tactique.<br \/>\n Ce mod\u00e8le est id\u00e9al pour ceux qui recherchent un instrument fiable dot\u00e9 d&rsquo;innovations modernes et d&rsquo;une valeur de collection.<\/p>\n","protected":false},"excerpt":{"rendered":"<p><strong>Le Microtech MSI est le choix id\u00e9al pour ceux qui recherchent un couteau pliant robuste, durable et fiable, au design moderne et aux fonctions innovantes. Que vous l&rsquo;utilisiez au quotidien, pour des activit\u00e9s de plein air ou comme pi\u00e8ce de collection, ce mod\u00e8le ne vous d\u00e9cevra pas. <\/strong><\/p>\n<p><strong>Transports gratuits.<\/strong><\/p>\n","protected":false},"featured_media":381618,"comment_status":"open","ping_status":"closed","template":"","meta":[],"pwb-brand":[3751],"product_brand":[],"product_cat":[3700,3696],"product_tag":[],"class_list":{"0":"post-381662","1":"product","2":"type-product","3":"status-publish","4":"has-post-thumbnail","6":"pwb-brand-microtechnologie","7":"product_cat-couteaux-de-fermeture","8":"product_cat-des-couteaux","10":"first","11":"instock","12":"taxable","13":"shipping-taxable","14":"purchasable","15":"product-type-simple"},"brands":[{"id":3751,"name":"Microtechnologie","slug":"microtechnologie"}],"_links":{"self":[{"href":"https:\/\/www.moskito.cz\/fr\/wp-json\/wp\/v2\/product\/381662","targetHints":{"allow":["GET"]}}],"collection":[{"href":"https:\/\/www.moskito.cz\/fr\/wp-json\/wp\/v2\/product"}],"about":[{"href":"https:\/\/www.moskito.cz\/fr\/wp-json\/wp\/v2\/types\/product"}],"replies":[{"embeddable":true,"href":"https:\/\/www.moskito.cz\/fr\/wp-json\/wp\/v2\/comments?post=381662"}],"wp:featuredmedia":[{"embeddable":true,"href":"https:\/\/www.moskito.cz\/fr\/wp-json\/wp\/v2\/media\/381618"}],"wp:attachment":[{"href":"https:\/\/www.moskito.cz\/fr\/wp-json\/wp\/v2\/media?parent=381662"}],"wp:term":[{"taxonomy":"pwb-brand","embeddable":true,"href":"https:\/\/www.moskito.cz\/fr\/wp-json\/wp\/v2\/pwb-brand?post=381662"},{"taxonomy":"product_brand","embeddable":true,"href":"https:\/\/www.moskito.cz\/fr\/wp-json\/wp\/v2\/product_brand?post=381662"},{"taxonomy":"product_cat","embeddable":true,"href":"https:\/\/www.moskito.cz\/fr\/wp-json\/wp\/v2\/product_cat?post=381662"},{"taxonomy":"product_tag","embeddable":true,"href":"https:\/\/www.moskito.cz\/fr\/wp-json\/wp\/v2\/product_tag?post=381662"}],"curies":[{"name":"wp","href":"https:\/\/api.w.org\/{rel}","templated":true}]}}