{"id":389220,"date":"2025-01-31T22:07:45","date_gmt":"2025-01-31T21:07:45","guid":{"rendered":"https:\/\/www.moskito.cz\/?post_type=product&#038;p=389220"},"modified":"2025-09-18T14:39:16","modified_gmt":"2025-09-18T13:39:16","slug":"vystrelovaci-nuz-benchmade-mini-adamas-2730-03","status":"publish","type":"product","link":"https:\/\/www.moskito.cz\/fr\/produkt\/vystrelovaci-nuz-benchmade-mini-adamas-2730-03\/","title":{"rendered":"Vyst\u0159elovac\u00ed N\u016f\u017e Benchmade Mini Adamas 2730-03"},"content":{"rendered":"<div class=\"flex max-w-full flex-col flex-grow\">\n<div class=\"min-h-8 text-message flex w-full flex-col items-end gap-2 whitespace-normal break-words text-start [.text-message+&amp;]:mt-5\" dir=\"auto\" data-message-author-role=\"assistant\" data-message-id=\"22471195-229c-41b3-b339-1f590833efcd\" data-message-model-slug=\"gpt-4o\">\n<div class=\"flex w-full flex-col gap-1 empty:hidden first:pt-[3px]\">\n<div class=\"markdown prose w-full break-words dark:prose-invert light\">\n<h1 data-start=\"160\" data-end=\"208\">Vyst\u0159elovac\u00ed n\u016f\u017e Benchmade Mini Adamas 2730-03<\/h1>\n<p data-start=\"210\" data-end=\"656\">U\u017e p\u0159i prvn\u00edm pohledu na <strong data-start=\"235\" data-end=\"258\">Mini Adamas 2730-03<\/strong> je jasn\u00e9, \u017ee nejde o oby\u010dejn\u00fd zav\u00edrac\u00ed n\u016f\u017e. Tento model je kompaktn\u00edm, ale extr\u00e9mn\u011b odoln\u00fdm n\u00e1strojem, kter\u00fd spojuje americkou preciznost, \u0161pi\u010dkov\u00e9 materi\u00e1ly a inovativn\u00ed automatick\u00fd mechanismus. Navr\u017een\u00fd renomovan\u00fdm design\u00e9rem <strong data-start=\"487\" data-end=\"505\">Shane Sibertem<\/strong>, Mini Adamas je ur\u010den pro ty, kte\u0159\u00ed cht\u011bj\u00ed n\u016f\u017e, kter\u00fd obstoj\u00ed v ka\u017edodenn\u00edm nasazen\u00ed, p\u0159i outdoorov\u00fdch dobrodru\u017estv\u00edch i v profesion\u00e1ln\u00edm prost\u0159ed\u00ed.<\/p>\n<p data-start=\"658\" data-end=\"1170\">Mini Adamas stav\u00ed na filozofii \u0159ady Adamas \u2013 robustn\u00ed konstrukce, masivn\u00ed \u010depel a AXIS\u00ae Auto mechanismus s integrovanou bezpe\u010dnostn\u00ed pojistkou, kter\u00e1 zaru\u010duje, \u017ee se \u010depel otev\u0159e rychle, ale bezpe\u010dn\u011b. P\u0159esto\u017ee n\u016f\u017e pat\u0159\u00ed mezi kompaktn\u00ed modely, jeho \u010depel z pr\u00e9miov\u00e9 oceli <strong data-start=\"929\" data-end=\"945\">CPM-MagnaCut<\/strong> dr\u017e\u00ed ost\u0159\u00ed neuv\u011b\u0159iteln\u011b dlouho a odol\u00e1v\u00e1 korozi i opot\u0159eben\u00ed. Rukoje\u0165 z <strong data-start=\"1018\" data-end=\"1042\">marbled carbon fiber<\/strong> poskytuje pevn\u00fd, ergonomick\u00fd \u00fachop a sou\u010dasn\u011b luxusn\u00ed vzhled, d\u00edky kter\u00e9mu Mini Adamas vynik\u00e1 mezi ostatn\u00edmi taktick\u00fdmi no\u017ei.<\/p>\n<p data-start=\"1172\" data-end=\"1569\">V ruce p\u016fsob\u00ed n\u016f\u017e stabiln\u011b a jist\u011b, i kdy\u017e jde o men\u0161\u00ed model. Je to n\u00e1stroj pro ty, kte\u0159\u00ed cht\u011bj\u00ed spolehlivost a v\u00fdkon v\u011bt\u0161\u00edho no\u017ee v kompaktn\u00ed podob\u011b vhodn\u00e9 pro ka\u017edodenn\u00ed no\u0161en\u00ed. Mini Adamas 2730-03 je tak kombinac\u00ed robustnosti, elegance a okam\u017eit\u00e9 p\u0159ipravenosti \u2013 ide\u00e1ln\u00ed spole\u010dn\u00edk pro profesion\u00e1ly, sb\u011bratele i outdoorov\u00e9 nad\u0161ence, kte\u0159\u00ed vy\u017eaduj\u00ed maxim\u00e1ln\u00ed spolehlivost a precizn\u00ed zpracov\u00e1n\u00ed.<\/p>\n<hr data-start=\"1571\" data-end=\"1574\" \/>\n<p data-start=\"1576\" data-end=\"1606\">\ud83d\udd27 <strong data-start=\"1579\" data-end=\"1604\">Technick\u00e9 specifikace<\/strong><\/p>\n<ul data-start=\"1608\" data-end=\"2106\">\n<li data-start=\"1608\" data-end=\"1650\">\n<p data-start=\"1610\" data-end=\"1650\"><strong data-start=\"1610\" data-end=\"1639\">Celkov\u00e1 d\u00e9lka (otev\u0159en\u00fd):<\/strong> 19,35 cm<\/p>\n<\/li>\n<li data-start=\"1651\" data-end=\"1680\">\n<p data-start=\"1653\" data-end=\"1680\"><strong data-start=\"1653\" data-end=\"1670\">D\u00e9lka \u010depele:<\/strong> 8,26 cm<\/p>\n<\/li>\n<li data-start=\"1681\" data-end=\"1713\">\n<p data-start=\"1683\" data-end=\"1713\"><strong data-start=\"1683\" data-end=\"1703\">Tlou\u0161\u0165ka \u010depele:<\/strong> 3,56 mm<\/p>\n<\/li>\n<li data-start=\"1714\" data-end=\"1752\">\n<p data-start=\"1716\" data-end=\"1752\"><strong data-start=\"1716\" data-end=\"1741\">D\u00e9lka zav\u0159en\u00e9ho no\u017ee:<\/strong> 11,10 cm<\/p>\n<\/li>\n<li data-start=\"1753\" data-end=\"1788\">\n<p data-start=\"1755\" data-end=\"1788\"><strong data-start=\"1755\" data-end=\"1777\">Tlou\u0161\u0165ka rukojeti:<\/strong> 16,05 mm<\/p>\n<\/li>\n<li data-start=\"1789\" data-end=\"1813\">\n<p data-start=\"1791\" data-end=\"1813\"><strong data-start=\"1791\" data-end=\"1800\">V\u00e1ha:<\/strong> cca 75,7 g<\/p>\n<\/li>\n<li data-start=\"1814\" data-end=\"1871\">\n<p data-start=\"1816\" data-end=\"1871\"><strong data-start=\"1816\" data-end=\"1836\">Materi\u00e1l \u010depele:<\/strong> CPM-MagnaCut (tvrdost 60\u201362 HRC)<\/p>\n<\/li>\n<li data-start=\"1872\" data-end=\"1903\">\n<p data-start=\"1874\" data-end=\"1903\"><strong data-start=\"1874\" data-end=\"1890\">Tvar \u010depele:<\/strong> Drop-point<\/p>\n<\/li>\n<li data-start=\"1904\" data-end=\"1946\">\n<p data-start=\"1906\" data-end=\"1946\"><strong data-start=\"1906\" data-end=\"1934\">Povrchov\u00e1 \u00faprava \u010depele:<\/strong> Stonewash<\/p>\n<\/li>\n<li data-start=\"1947\" data-end=\"1994\">\n<p data-start=\"1949\" data-end=\"1994\"><strong data-start=\"1949\" data-end=\"1971\">Materi\u00e1l rukojeti:<\/strong> Marbled carbon fiber<\/p>\n<\/li>\n<li data-start=\"1995\" data-end=\"2059\">\n<p data-start=\"1997\" data-end=\"2059\"><strong data-start=\"1997\" data-end=\"2021\">Z\u00e1mek \/ mechanismus:<\/strong> Auto-AXIS\u00ae s integrovanou pojistkou<\/p>\n<\/li>\n<li data-start=\"2060\" data-end=\"2106\">\n<p data-start=\"2062\" data-end=\"2106\"><strong data-start=\"2062\" data-end=\"2071\">Klip:<\/strong> Reverzibiln\u00ed, tip-up, deep-carry<\/p>\n<\/li>\n<\/ul>\n<hr data-start=\"2108\" data-end=\"2111\" \/>\n<p data-start=\"2113\" data-end=\"2134\">\u2705 <strong data-start=\"2115\" data-end=\"2132\">Hlavn\u00ed v\u00fdhody<\/strong><\/p>\n<ul data-start=\"2136\" data-end=\"2476\">\n<li data-start=\"2136\" data-end=\"2196\">\n<p data-start=\"2138\" data-end=\"2196\">Okam\u017eit\u00e9 a bezpe\u010dn\u00e9 otev\u0159en\u00ed d\u00edky <strong data-start=\"2172\" data-end=\"2194\">Auto-AXIS\u00ae syst\u00e9mu<\/strong><\/p>\n<\/li>\n<li data-start=\"2197\" data-end=\"2287\">\n<p data-start=\"2199\" data-end=\"2287\">Pr\u00e9miov\u00e1 <strong data-start=\"2208\" data-end=\"2229\">CPM-MagnaCut ocel<\/strong> s dlouhou \u017eivotnost\u00ed ost\u0159\u00ed a odolnost\u00ed proti opot\u0159eben\u00ed<\/p>\n<\/li>\n<li data-start=\"2288\" data-end=\"2346\">\n<p data-start=\"2290\" data-end=\"2346\">Ergonomick\u00e1 a pevn\u00e1 rukoje\u0165 z <strong data-start=\"2320\" data-end=\"2344\">marbled carbon fiber<\/strong><\/p>\n<\/li>\n<li data-start=\"2347\" data-end=\"2423\">\n<p data-start=\"2349\" data-end=\"2423\">Kompaktn\u00ed rozm\u011bry a n\u00edzk\u00e1 hmotnost \u2013 ide\u00e1ln\u00ed pro ka\u017edodenn\u00ed no\u0161en\u00ed (EDC)<\/p>\n<\/li>\n<li data-start=\"2424\" data-end=\"2476\">\n<p data-start=\"2426\" data-end=\"2476\">Stylov\u00fd a luxusn\u00ed vzhled, vhodn\u00fd i pro sb\u011bratele<\/p>\n<\/li>\n<\/ul>\n<hr data-start=\"2478\" data-end=\"2481\" \/>\n<p data-start=\"2483\" data-end=\"2505\">\u26a0\ufe0f <strong data-start=\"2486\" data-end=\"2503\">Mo\u017en\u00e1 omezen\u00ed<\/strong><\/p>\n<ul data-start=\"2507\" data-end=\"2698\">\n<li data-start=\"2507\" data-end=\"2565\">\n<p data-start=\"2509\" data-end=\"2565\">Vy\u0161\u0161\u00ed cena odpov\u00eddaj\u00edc\u00ed pr\u00e9miov\u00fdm materi\u00e1l\u016fm a designu<\/p>\n<\/li>\n<li data-start=\"2566\" data-end=\"2639\">\n<p data-start=\"2568\" data-end=\"2639\">Vy\u017eaduje pravidelnou \u00fadr\u017ebu, zejm\u00e9na AXIS\u00ae mechanismus a ost\u0159\u00ed \u010depele<\/p>\n<\/li>\n<li data-start=\"2640\" data-end=\"2698\">\n<p data-start=\"2642\" data-end=\"2698\">Men\u0161\u00ed \u010depel nemus\u00ed b\u00fdt vhodn\u00e1 pro extr\u00e9mn\u00ed t\u011b\u017ek\u00e9 pr\u00e1ce<\/p>\n<\/li>\n<\/ul>\n<hr data-start=\"2700\" data-end=\"2703\" \/>\n<p data-start=\"2705\" data-end=\"2728\">\ud83d\udee0\ufe0f <strong data-start=\"2709\" data-end=\"2726\">\u00dadr\u017eba a p\u00e9\u010de<\/strong><\/p>\n<ul data-start=\"2730\" data-end=\"3122\">\n<li data-start=\"2730\" data-end=\"2790\">\n<p data-start=\"2732\" data-end=\"2790\">Po pou\u017eit\u00ed \u010depel o\u010disti a osu\u0161te, aby se p\u0159ede\u0161lo korozi<\/p>\n<\/li>\n<li data-start=\"2791\" data-end=\"2870\">\n<p data-start=\"2793\" data-end=\"2870\">Mechanismus <strong data-start=\"2805\" data-end=\"2819\">Auto-AXIS\u00ae<\/strong> pravideln\u011b proma\u017e vhodn\u00fdm olejem pro hladk\u00fd chod<\/p>\n<\/li>\n<li data-start=\"2871\" data-end=\"2963\">\n<p data-start=\"2873\" data-end=\"2963\">Brou\u0161en\u00ed prov\u00e1d\u011bj podle doporu\u010den\u00fdch \u00fahl\u016f pro CPM-MagnaCut, kter\u00fd dr\u017e\u00ed ost\u0159\u00ed velmi dob\u0159e<\/p>\n<\/li>\n<li data-start=\"2964\" data-end=\"3122\">\n<p data-start=\"2966\" data-end=\"3122\"><strong data-start=\"2966\" data-end=\"3120\">Pro udr\u017een\u00ed ost\u0159\u00ed doporu\u010dujeme <a class=\"decorated-link cursor-pointer\" target=\"_new\" rel=\"noopener\" data-start=\"2999\" data-end=\"3088\">Spyderco Tri-Angle Sharpmaker Complete Sharpening System 204MF<\/a><\/strong><\/p>\n<\/li>\n<li data-start=\"2964\" data-end=\"3122\">\n<p data-start=\"3129\" data-end=\"3152\">\ud83c\udfaf <strong data-start=\"3132\" data-end=\"3150\">Doporu\u010deno pro<\/strong><\/p>\n<ul data-start=\"3154\" data-end=\"3441\">\n<li data-start=\"3154\" data-end=\"3234\">\n<p data-start=\"3156\" data-end=\"3234\">Outdoorov\u00e9 nad\u0161ence a EDC u\u017eivatele, kte\u0159\u00ed cht\u011bj\u00ed kompaktn\u00ed, ale v\u00fdkonn\u00fd n\u016f\u017e<\/p>\n<\/li>\n<li data-start=\"3235\" data-end=\"3298\">\n<p data-start=\"3237\" data-end=\"3298\">Profesion\u00e1ly vy\u017eaduj\u00edc\u00ed spolehliv\u00fd a odoln\u00fd automatick\u00fd n\u016f\u017e<\/p>\n<\/li>\n<li data-start=\"3299\" data-end=\"3362\">\n<p data-start=\"3301\" data-end=\"3362\">Sb\u011bratele, kte\u0159\u00ed ocen\u00ed unik\u00e1tn\u00ed design a kvalitn\u00ed materi\u00e1ly<\/p>\n<\/li>\n<li data-start=\"3363\" data-end=\"3441\">\n<p data-start=\"3365\" data-end=\"3441\">Ka\u017ed\u00e9ho, kdo hled\u00e1 kombinaci v\u00fdkonu, rychl\u00e9ho nasazen\u00ed a luxusn\u00edho vzhledu<\/p>\n<\/li>\n<\/ul>\n<hr data-start=\"3443\" data-end=\"3446\" \/>\n<p data-start=\"3448\" data-end=\"3475\">\u2b50 <strong data-start=\"3450\" data-end=\"3473\">Z\u00e1v\u011bre\u010dn\u00e9 hodnocen\u00ed<\/strong><\/p>\n<p data-start=\"3477\" data-end=\"3913\"><strong data-start=\"3477\" data-end=\"3510\">Benchmade Mini Adamas 2730-03<\/strong> je kompaktn\u00ed, ale v\u00fdkonn\u00fd vyst\u0159elovac\u00ed n\u016f\u017e, kter\u00fd spojuje robustn\u00ed konstrukci, pr\u00e9miov\u00e9 materi\u00e1ly a okam\u017eitou p\u0159ipravenost. CPM-MagnaCut \u010depel, ergonomick\u00e1 carbon fiber rukoje\u0165 a Auto-AXIS\u00ae mechanizmus tvo\u0159\u00ed spolehliv\u00fd n\u00e1stroj pro ka\u017edodenn\u00ed no\u0161en\u00ed i n\u00e1ro\u010dn\u011bj\u0161\u00ed situace. Pokud hled\u00e1\u0161 n\u016f\u017e, kter\u00fd je mal\u00fd, ale p\u0159esto extr\u00e9mn\u011b odoln\u00fd a precizn\u011b zpracovan\u00fd, Mini Adamas 2730-03 je volbou, kter\u00e1 nezklame.<\/p>\n<\/li>\n<\/ul>\n<\/div>\n<\/div>\n<\/div>\n<\/div>\n","protected":false},"excerpt":{"rendered":"<p><strong>Benchmade Mini Adamas 2730-03 je \u0161pi\u010dkov\u00fd n\u016f\u017e, kter\u00fd spojuje kompaktn\u00ed design, odolnou konstrukci a \u0161pi\u010dkov\u00e9 materi\u00e1ly. Je ide\u00e1ln\u00ed volbou pro ty, kte\u0159\u00ed hledaj\u00ed spolehliv\u00fd a rychl\u00fd n\u016f\u017e pro ka\u017edodenn\u00ed pou\u017eit\u00ed i n\u00e1ro\u010dn\u011bj\u0161\u00ed situace. Pokud hled\u00e1te prvot\u0159\u00eddn\u00ed automatick\u00fd n\u016f\u017e s modern\u00edm designem, tento model v\u00e1s ur\u010dit\u011b nezklame.<\/strong><\/p>\n<p><strong>Doprava zdarma.<\/strong><\/p>\n","protected":false},"featured_media":389221,"comment_status":"open","ping_status":"closed","template":"","meta":[],"pwb-brand":[3960],"product_brand":[],"product_cat":[17,2019],"product_tag":[],"class_list":{"0":"post-389220","1":"product","2":"type-product","3":"status-publish","4":"has-post-thumbnail","6":"pwb-brand-benchmade","7":"product_cat-noze","8":"product_cat-vystrelovaci-noze","10":"first","11":"instock","12":"taxable","13":"shipping-taxable","14":"purchasable","15":"product-type-simple"},"brands":[{"id":3960,"name":"Benchmade","slug":"benchmade"}],"_links":{"self":[{"href":"https:\/\/www.moskito.cz\/fr\/wp-json\/wp\/v2\/product\/389220","targetHints":{"allow":["GET"]}}],"collection":[{"href":"https:\/\/www.moskito.cz\/fr\/wp-json\/wp\/v2\/product"}],"about":[{"href":"https:\/\/www.moskito.cz\/fr\/wp-json\/wp\/v2\/types\/product"}],"replies":[{"embeddable":true,"href":"https:\/\/www.moskito.cz\/fr\/wp-json\/wp\/v2\/comments?post=389220"}],"wp:featuredmedia":[{"embeddable":true,"href":"https:\/\/www.moskito.cz\/fr\/wp-json\/wp\/v2\/media\/389221"}],"wp:attachment":[{"href":"https:\/\/www.moskito.cz\/fr\/wp-json\/wp\/v2\/media?parent=389220"}],"wp:term":[{"taxonomy":"pwb-brand","embeddable":true,"href":"https:\/\/www.moskito.cz\/fr\/wp-json\/wp\/v2\/pwb-brand?post=389220"},{"taxonomy":"product_brand","embeddable":true,"href":"https:\/\/www.moskito.cz\/fr\/wp-json\/wp\/v2\/product_brand?post=389220"},{"taxonomy":"product_cat","embeddable":true,"href":"https:\/\/www.moskito.cz\/fr\/wp-json\/wp\/v2\/product_cat?post=389220"},{"taxonomy":"product_tag","embeddable":true,"href":"https:\/\/www.moskito.cz\/fr\/wp-json\/wp\/v2\/product_tag?post=389220"}],"curies":[{"name":"wp","href":"https:\/\/api.w.org\/{rel}","templated":true}]}}